{"id":655,"date":"2024-03-11T08:37:34","date_gmt":"2024-03-11T07:37:34","guid":{"rendered":"https:\/\/multisoftsa.com\/?page_id=655"},"modified":"2024-03-11T08:38:23","modified_gmt":"2024-03-11T07:38:23","slug":"wdrozenie-innowacyjnej-technologii-szyfrowania-strumienia-danych-i-uruchomienie-nowych-produktow-w-multisoft-s-a","status":"publish","type":"page","link":"https:\/\/multisoftsa.com\/pl\/wdrozenie-innowacyjnej-technologii-szyfrowania-strumienia-danych-i-uruchomienie-nowych-produktow-w-multisoft-s-a\/","title":{"rendered":"Wdro\u017cenie innowacyjnej technologii szyfrowania strumienia danych i uruchomienie nowych produkt\u00f3w w Multisoft S.A"},"content":{"rendered":"<!-- wp:themify-builder\/canvas \/-->\n\n\n<figure class=\"wp-block-image aligncenter size-full\"><img loading=\"lazy\" decoding=\"async\" width=\"1024\" height=\"116\" src=\"https:\/\/multisoftsa.com\/wp-content\/uploads\/2024\/03\/wdrozenie-unijne-program-operacyjny-lubuskie-2020-1024x116-2.jpg\" alt=\"\" class=\"wp-image-661\" srcset=\"https:\/\/multisoftsa.com\/wp-content\/uploads\/2024\/03\/wdrozenie-unijne-program-operacyjny-lubuskie-2020-1024x116-2.jpg 1024w, https:\/\/multisoftsa.com\/wp-content\/uploads\/2024\/03\/wdrozenie-unijne-program-operacyjny-lubuskie-2020-1024x116-2-300x34.jpg 300w, https:\/\/multisoftsa.com\/wp-content\/uploads\/2024\/03\/wdrozenie-unijne-program-operacyjny-lubuskie-2020-1024x116-2-768x87.jpg 768w\" sizes=\"auto, (max-width: 1024px) 100vw, 1024px\" \/><\/figure>\n\n\n\n<p><strong>Multisoft Sp\u00f3\u0142ka Akcyjna<\/strong>&nbsp;jest beneficjentem projektu w ramach&nbsp;<strong>Regionalnego Programu Operacyjnego \u2013 Lubuskie 2020<\/strong>,&nbsp;<em>O\u015b priorytetowa 1. Gospodarka i innowacje, Dzia\u0142anie 1.5. Rozw\u00f3j sektora M\u015aP, Poddzia\u0142anie 1.5.1. Rozw\u00f3j sektora M\u015aP \u2013 wsparcie dotacyjne.<\/em>&nbsp;Jego g\u0142\u00f3wnym celem jest wzrost konkurencyjno\u015bci firmy&nbsp;<strong>Multisoft S.A<\/strong>. na rynku regionalnym, ponadregionalnym i mi\u0119dzynarodowym. Uruchomienie produkcji nowych, innowacyjnych produkt\u00f3w przyczyni si\u0119 do wzrostu przychod\u00f3w wynikaj\u0105cych z pozyskania nowych klient\u00f3w.<\/p>\n\n\n\n<p>Celem szczeg\u00f3\u0142owym projektu jest wdro\u017cenie wynik\u00f3w w\u0142asnych prac badawczo-rozwojowych oraz praw do w\u0142asno\u015bci intelektualnej i know-how, w tym wynik\u00f3w prac B+R ma\u0142ej skali opracowanych w ramach bonu na innowacje, w ramach projektu grantowego nr RPLB.01.02.00-08-0002\/17 \u201eZ bonem po innowacje 2.0!\u201d, dzia\u0142anie 1.2 \u2013 Rozw\u00f3j przedsi\u0119biorczo\u015bci, III Typ projektu, Regionalny bon na innowacje RPO-L2020 \u2013 projekt grantowy, O\u015b Priorytetowa 1 Gospodarka i innowacje RPO \u2013 Lubuskie 2020.<\/p>\n\n\n\n<p>W wyniku realizacji projektu zrealizowane zostan\u0105 dzia\u0142ania inwestycyjne niezb\u0119dne do wdro\u017cenia produkcji w firmie&nbsp;<strong>Multisoft S.A.&nbsp;<\/strong>innowacyjnych na skal\u0119 \u015bwiatow\u0105 nast\u0119puj\u0105cych produkt\u00f3w:<\/p>\n\n\n\n<ul class=\"wp-block-list\">\n<li><strong>Video Grabber HDMI(HGR-1001) \u2013 urz\u0105dzenie szyfruj\u0105ce strumie\u0144 video uzyskanych z interfejsu HDMI<\/strong><\/li>\n\n\n\n<li><strong>Dispaly Port (DGR-1001) \u2013 urz\u0105dzenie szyfruj\u0105ce strumie\u0144 video uzyskany z interfejsu DisplayPort<\/strong><\/li>\n\n\n\n<li><strong>Grabber USB (UGR-1001) \u2013 urz\u0105dzenie szyfruj\u0105ce strumie\u0144 danych uzyskanych z interfejsu USB<\/strong><\/li>\n<\/ul>\n\n\n\n<p><br><strong>Produkty te,<\/strong>&nbsp;u\u017cywaj\u0105c kryptografii z kluczami jednorazowymi do szyfrowania i uwierzytelniania,<strong>&nbsp;jako jedyne na \u015bwiecie spe\u0142niaj\u0105 wymogi szyfrowania i uwierzytelniania tre\u015bci zgodnie z wymogiem \u201euwierzytelniania dynamicznego\u201d jako definicji zgodnie z (UE1502\/2015)<\/strong>&nbsp;w zakresie minimalnych specyfikacji technicznych i procedur dotycz\u0105cych poziom\u00f3w zaufania w zakresie \u015brodk\u00f3w identyfikacji elektronicznej, zatem w zakresie Cyberbezpiecze\u0144stwa i Us\u0142ug Zaufania spe\u0142niaj\u0105 wymogi zar\u00f3wno Unii Europejskiej, jak r\u00f3wnie\u017c spe\u0142niaj\u0105 z nadmiarem wymogi normy ISO\/IEC 29115 stosowanej poza Uni\u0105 Europejsk\u0105. Zatem bez obaw o poziom bezpiecze\u0144stwa i zgodno\u015b\u0107 z przepisami mog\u0105 by\u0107 stosowane na ca\u0142ym \u015bwiecie, w szczeg\u00f3lno\u015b\u0107 w obszarach wymagaj\u0105cych zastosowania najwy\u017cszych standard\u00f3w szyfrowania w procesie elektronicznej komunikacji zdalnej. Urz\u0105dzenia te z opcj\u0105 uwierzytelniania i szyfrowania tre\u015bci z wykorzystaniem kryptografii z kluczami jednorazowymi s\u0105 urz\u0105dzeniami przetwarzaj\u0105cym dane opartym na platformie sprz\u0119towej z wykorzystaniem uk\u0142ad\u00f3w Reprogramowalnych FPGA dostosowany do interfejsu HDMI, Display Port i USB z mo\u017cliwo\u015bci\u0105 szyfrowania Video i Audio w czasie rzeczywistym.<\/p>\n\n\n\n<p>Dzi\u0119ki realizacji projektu ostan\u0105 wdro\u017cone wyniki w\u0142asnych prac B+R, w tym przeprowadzonych w ramach opisanego wy\u017cej Bonu na innowacje, w ramach kt\u00f3rego opracowano prototypowe rozwi\u0105zanie systemowe i narz\u0119dzia analityczne do \u015bwiadczenia ww. us\u0142ug.<\/p>\n\n\n\n<p><strong>Przedsi\u0119wzi\u0119cie zrealizowane przez Multisoft S.A. jest zgodne z obszarem w ramach RIS: technologie informacyjno-komunikacyjne.&nbsp;<\/strong>Specjalizacja nadrz\u0119dna w projekcie to Specjalizacja 3. \u2013 Przemys\u0142 ICT \u2013 umiejscowiona w sektorze Innowacyjny Przemys\u0142 \u2013 Zr\u00f3wnowa\u017cony Rozw\u00f3j, kt\u00f3ra obejmuje: Przemys\u0142 ICT, obejmuj\u0105cy inteligentne media i infotainment, internet rzeczy, inteligentne technologie przemys\u0142owe, zabezpieczenie wra\u017cliwych danych.<\/p>\n\n\n\n<p><strong>Na realizacj\u0119 powy\u017cszej inwestycji sp\u00f3\u0142ka otrzyma\u0142a dofinansowanie w wysoko\u015bci 2 255 302,96 z\u0142, natomiast ca\u0142kowita warto\u015b\u0107 inwestycji wynosi 5 061 627,00 z\u0142.<\/strong><\/p>\n\n\n\n<p><strong>Planowany termin zako\u0144czenia projektu to 30.11.2023<\/strong><\/p>\n","protected":false},"excerpt":{"rendered":"<p>Multisoft Sp\u00f3\u0142ka Akcyjna&nbsp;jest beneficjentem projektu w ramach&nbsp;Regionalnego Programu Operacyjnego \u2013 Lubuskie 2020,&nbsp;O\u015b priorytetowa 1. Gospodarka i innowacje, Dzia\u0142anie 1.5. Rozw\u00f3j sektora M\u015aP, Poddzia\u0142anie 1.5.1. Rozw\u00f3j sektora M\u015aP \u2013 wsparcie dotacyjne.&nbsp;Jego g\u0142\u00f3wnym celem jest wzrost konkurencyjno\u015bci firmy&nbsp;Multisoft S.A. na rynku regionalnym, ponadregionalnym i mi\u0119dzynarodowym. Uruchomienie produkcji nowych, innowacyjnych produkt\u00f3w przyczyni si\u0119 do wzrostu przychod\u00f3w wynikaj\u0105cych z [&hellip;]<\/p>\n","protected":false},"author":3,"featured_media":0,"parent":0,"menu_order":0,"comment_status":"closed","ping_status":"closed","template":"","meta":{"footnotes":""},"class_list":["post-655","page","type-page","status-publish","hentry","has-post-title","has-post-date","has-post-category","has-post-tag","has-post-comment","has-post-author",""],"yoast_head":"<!-- This site is optimized with the Yoast SEO plugin v25.3.1 - https:\/\/yoast.com\/wordpress\/plugins\/seo\/ -->\n<title>Wdro\u017cenie innowacyjnej technologii szyfrowania strumienia danych i uruchomienie nowych produkt\u00f3w w Multisoft S.A - MULTISOFT S.A.<\/title>\n<meta name=\"robots\" content=\"index, follow, max-snippet:-1, max-image-preview:large, max-video-preview:-1\" \/>\n<link rel=\"canonical\" href=\"https:\/\/multisoftsa.com\/pl\/wdrozenie-innowacyjnej-technologii-szyfrowania-strumienia-danych-i-uruchomienie-nowych-produktow-w-multisoft-s-a\/\" \/>\n<meta property=\"og:locale\" content=\"pl_PL\" \/>\n<meta property=\"og:type\" content=\"article\" \/>\n<meta property=\"og:title\" content=\"Wdro\u017cenie innowacyjnej technologii szyfrowania strumienia danych i uruchomienie nowych produkt\u00f3w w Multisoft S.A - MULTISOFT S.A.\" \/>\n<meta property=\"og:description\" content=\"Multisoft Sp\u00f3\u0142ka Akcyjna&nbsp;jest beneficjentem projektu w ramach&nbsp;Regionalnego Programu Operacyjnego \u2013 Lubuskie 2020,&nbsp;O\u015b priorytetowa 1. Gospodarka i innowacje, Dzia\u0142anie 1.5. Rozw\u00f3j sektora M\u015aP, Poddzia\u0142anie 1.5.1. Rozw\u00f3j sektora M\u015aP \u2013 wsparcie dotacyjne.&nbsp;Jego g\u0142\u00f3wnym celem jest wzrost konkurencyjno\u015bci firmy&nbsp;Multisoft S.A. na rynku regionalnym, ponadregionalnym i mi\u0119dzynarodowym. Uruchomienie produkcji nowych, innowacyjnych produkt\u00f3w przyczyni si\u0119 do wzrostu przychod\u00f3w wynikaj\u0105cych z [&hellip;]\" \/>\n<meta property=\"og:url\" content=\"https:\/\/multisoftsa.com\/pl\/wdrozenie-innowacyjnej-technologii-szyfrowania-strumienia-danych-i-uruchomienie-nowych-produktow-w-multisoft-s-a\/\" \/>\n<meta property=\"og:site_name\" content=\"MULTISOFT S.A.\" \/>\n<meta property=\"article:publisher\" content=\"https:\/\/www.facebook.com\/multisoftgroup\/\" \/>\n<meta property=\"article:modified_time\" content=\"2024-03-11T07:38:23+00:00\" \/>\n<meta property=\"og:image\" content=\"https:\/\/www.interbrand.ch\/wp-content\/uploads\/2024\/03\/wdrozenie-unijne-program-operacyjny-lubuskie-2020-1024x116-2.jpg\" \/>\n<meta name=\"twitter:card\" content=\"summary_large_image\" \/>\n<meta name=\"twitter:label1\" content=\"Szacowany czas czytania\" \/>\n\t<meta name=\"twitter:data1\" content=\"3 minuty\" \/>\n<script type=\"application\/ld+json\" class=\"yoast-schema-graph\">{\"@context\":\"https:\/\/schema.org\",\"@graph\":[{\"@type\":\"WebPage\",\"@id\":\"https:\/\/multisoftsa.com\/pl\/wdrozenie-innowacyjnej-technologii-szyfrowania-strumienia-danych-i-uruchomienie-nowych-produktow-w-multisoft-s-a\/\",\"url\":\"https:\/\/multisoftsa.com\/pl\/wdrozenie-innowacyjnej-technologii-szyfrowania-strumienia-danych-i-uruchomienie-nowych-produktow-w-multisoft-s-a\/\",\"name\":\"Wdro\u017cenie innowacyjnej technologii szyfrowania strumienia danych i uruchomienie nowych produkt\u00f3w w Multisoft S.A - MULTISOFT S.A.\",\"isPartOf\":{\"@id\":\"https:\/\/multisoftsa.com\/pl\/#website\"},\"primaryImageOfPage\":{\"@id\":\"https:\/\/multisoftsa.com\/pl\/wdrozenie-innowacyjnej-technologii-szyfrowania-strumienia-danych-i-uruchomienie-nowych-produktow-w-multisoft-s-a\/#primaryimage\"},\"image\":{\"@id\":\"https:\/\/multisoftsa.com\/pl\/wdrozenie-innowacyjnej-technologii-szyfrowania-strumienia-danych-i-uruchomienie-nowych-produktow-w-multisoft-s-a\/#primaryimage\"},\"thumbnailUrl\":\"https:\/\/multisoftsa.com\/wp-content\/uploads\/2024\/03\/wdrozenie-unijne-program-operacyjny-lubuskie-2020-1024x116-2.jpg\",\"datePublished\":\"2024-03-11T07:37:34+00:00\",\"dateModified\":\"2024-03-11T07:38:23+00:00\",\"breadcrumb\":{\"@id\":\"https:\/\/multisoftsa.com\/pl\/wdrozenie-innowacyjnej-technologii-szyfrowania-strumienia-danych-i-uruchomienie-nowych-produktow-w-multisoft-s-a\/#breadcrumb\"},\"inLanguage\":\"pl-PL\",\"potentialAction\":[{\"@type\":\"ReadAction\",\"target\":[\"https:\/\/multisoftsa.com\/pl\/wdrozenie-innowacyjnej-technologii-szyfrowania-strumienia-danych-i-uruchomienie-nowych-produktow-w-multisoft-s-a\/\"]}]},{\"@type\":\"ImageObject\",\"inLanguage\":\"pl-PL\",\"@id\":\"https:\/\/multisoftsa.com\/pl\/wdrozenie-innowacyjnej-technologii-szyfrowania-strumienia-danych-i-uruchomienie-nowych-produktow-w-multisoft-s-a\/#primaryimage\",\"url\":\"https:\/\/multisoftsa.com\/wp-content\/uploads\/2024\/03\/wdrozenie-unijne-program-operacyjny-lubuskie-2020-1024x116-2.jpg\",\"contentUrl\":\"https:\/\/multisoftsa.com\/wp-content\/uploads\/2024\/03\/wdrozenie-unijne-program-operacyjny-lubuskie-2020-1024x116-2.jpg\"},{\"@type\":\"BreadcrumbList\",\"@id\":\"https:\/\/multisoftsa.com\/pl\/wdrozenie-innowacyjnej-technologii-szyfrowania-strumienia-danych-i-uruchomienie-nowych-produktow-w-multisoft-s-a\/#breadcrumb\",\"itemListElement\":[{\"@type\":\"ListItem\",\"position\":1,\"name\":\"Strona g\u0142\u00f3wna\",\"item\":\"https:\/\/multisoftsa.com\/pl\/\"},{\"@type\":\"ListItem\",\"position\":2,\"name\":\"Wdro\u017cenie innowacyjnej technologii szyfrowania strumienia danych i uruchomienie nowych produkt\u00f3w w Multisoft S.A\"}]},{\"@type\":\"WebSite\",\"@id\":\"https:\/\/multisoftsa.com\/pl\/#website\",\"url\":\"https:\/\/multisoftsa.com\/pl\/\",\"name\":\"MULTISOFT S.A.\",\"description\":\"\",\"publisher\":{\"@id\":\"https:\/\/multisoftsa.com\/pl\/#organization\"},\"potentialAction\":[{\"@type\":\"SearchAction\",\"target\":{\"@type\":\"EntryPoint\",\"urlTemplate\":\"https:\/\/multisoftsa.com\/pl\/?s={search_term_string}\"},\"query-input\":{\"@type\":\"PropertyValueSpecification\",\"valueRequired\":true,\"valueName\":\"search_term_string\"}}],\"inLanguage\":\"pl-PL\"},{\"@type\":\"Organization\",\"@id\":\"https:\/\/multisoftsa.com\/pl\/#organization\",\"name\":\"MULTISOFT S.A.\",\"url\":\"https:\/\/multisoftsa.com\/pl\/\",\"logo\":{\"@type\":\"ImageObject\",\"inLanguage\":\"pl-PL\",\"@id\":\"https:\/\/multisoftsa.com\/pl\/#\/schema\/logo\/image\/\",\"url\":\"https:\/\/multisoftsa.com\/wp-content\/uploads\/2024\/01\/logo-multisoft.svg\",\"contentUrl\":\"https:\/\/multisoftsa.com\/wp-content\/uploads\/2024\/01\/logo-multisoft.svg\",\"width\":1,\"height\":1,\"caption\":\"MULTISOFT S.A.\"},\"image\":{\"@id\":\"https:\/\/multisoftsa.com\/pl\/#\/schema\/logo\/image\/\"},\"sameAs\":[\"https:\/\/www.facebook.com\/multisoftgroup\/\",\"https:\/\/www.linkedin.com\/company\/10080493\/admin\/feed\/posts\/?feedType=following\"]}]}<\/script>\n<!-- \/ Yoast SEO plugin. -->","yoast_head_json":{"title":"Wdro\u017cenie innowacyjnej technologii szyfrowania strumienia danych i uruchomienie nowych produkt\u00f3w w Multisoft S.A - MULTISOFT S.A.","robots":{"index":"index","follow":"follow","max-snippet":"max-snippet:-1","max-image-preview":"max-image-preview:large","max-video-preview":"max-video-preview:-1"},"canonical":"https:\/\/multisoftsa.com\/pl\/wdrozenie-innowacyjnej-technologii-szyfrowania-strumienia-danych-i-uruchomienie-nowych-produktow-w-multisoft-s-a\/","og_locale":"pl_PL","og_type":"article","og_title":"Wdro\u017cenie innowacyjnej technologii szyfrowania strumienia danych i uruchomienie nowych produkt\u00f3w w Multisoft S.A - MULTISOFT S.A.","og_description":"Multisoft Sp\u00f3\u0142ka Akcyjna&nbsp;jest beneficjentem projektu w ramach&nbsp;Regionalnego Programu Operacyjnego \u2013 Lubuskie 2020,&nbsp;O\u015b priorytetowa 1. Gospodarka i innowacje, Dzia\u0142anie 1.5. Rozw\u00f3j sektora M\u015aP, Poddzia\u0142anie 1.5.1. Rozw\u00f3j sektora M\u015aP \u2013 wsparcie dotacyjne.&nbsp;Jego g\u0142\u00f3wnym celem jest wzrost konkurencyjno\u015bci firmy&nbsp;Multisoft S.A. na rynku regionalnym, ponadregionalnym i mi\u0119dzynarodowym. Uruchomienie produkcji nowych, innowacyjnych produkt\u00f3w przyczyni si\u0119 do wzrostu przychod\u00f3w wynikaj\u0105cych z [&hellip;]","og_url":"https:\/\/multisoftsa.com\/pl\/wdrozenie-innowacyjnej-technologii-szyfrowania-strumienia-danych-i-uruchomienie-nowych-produktow-w-multisoft-s-a\/","og_site_name":"MULTISOFT S.A.","article_publisher":"https:\/\/www.facebook.com\/multisoftgroup\/","article_modified_time":"2024-03-11T07:38:23+00:00","og_image":[{"url":"https:\/\/www.interbrand.ch\/wp-content\/uploads\/2024\/03\/wdrozenie-unijne-program-operacyjny-lubuskie-2020-1024x116-2.jpg","type":"","width":"","height":""}],"twitter_card":"summary_large_image","twitter_misc":{"Szacowany czas czytania":"3 minuty"},"schema":{"@context":"https:\/\/schema.org","@graph":[{"@type":"WebPage","@id":"https:\/\/multisoftsa.com\/pl\/wdrozenie-innowacyjnej-technologii-szyfrowania-strumienia-danych-i-uruchomienie-nowych-produktow-w-multisoft-s-a\/","url":"https:\/\/multisoftsa.com\/pl\/wdrozenie-innowacyjnej-technologii-szyfrowania-strumienia-danych-i-uruchomienie-nowych-produktow-w-multisoft-s-a\/","name":"Wdro\u017cenie innowacyjnej technologii szyfrowania strumienia danych i uruchomienie nowych produkt\u00f3w w Multisoft S.A - MULTISOFT S.A.","isPartOf":{"@id":"https:\/\/multisoftsa.com\/pl\/#website"},"primaryImageOfPage":{"@id":"https:\/\/multisoftsa.com\/pl\/wdrozenie-innowacyjnej-technologii-szyfrowania-strumienia-danych-i-uruchomienie-nowych-produktow-w-multisoft-s-a\/#primaryimage"},"image":{"@id":"https:\/\/multisoftsa.com\/pl\/wdrozenie-innowacyjnej-technologii-szyfrowania-strumienia-danych-i-uruchomienie-nowych-produktow-w-multisoft-s-a\/#primaryimage"},"thumbnailUrl":"https:\/\/multisoftsa.com\/wp-content\/uploads\/2024\/03\/wdrozenie-unijne-program-operacyjny-lubuskie-2020-1024x116-2.jpg","datePublished":"2024-03-11T07:37:34+00:00","dateModified":"2024-03-11T07:38:23+00:00","breadcrumb":{"@id":"https:\/\/multisoftsa.com\/pl\/wdrozenie-innowacyjnej-technologii-szyfrowania-strumienia-danych-i-uruchomienie-nowych-produktow-w-multisoft-s-a\/#breadcrumb"},"inLanguage":"pl-PL","potentialAction":[{"@type":"ReadAction","target":["https:\/\/multisoftsa.com\/pl\/wdrozenie-innowacyjnej-technologii-szyfrowania-strumienia-danych-i-uruchomienie-nowych-produktow-w-multisoft-s-a\/"]}]},{"@type":"ImageObject","inLanguage":"pl-PL","@id":"https:\/\/multisoftsa.com\/pl\/wdrozenie-innowacyjnej-technologii-szyfrowania-strumienia-danych-i-uruchomienie-nowych-produktow-w-multisoft-s-a\/#primaryimage","url":"https:\/\/multisoftsa.com\/wp-content\/uploads\/2024\/03\/wdrozenie-unijne-program-operacyjny-lubuskie-2020-1024x116-2.jpg","contentUrl":"https:\/\/multisoftsa.com\/wp-content\/uploads\/2024\/03\/wdrozenie-unijne-program-operacyjny-lubuskie-2020-1024x116-2.jpg"},{"@type":"BreadcrumbList","@id":"https:\/\/multisoftsa.com\/pl\/wdrozenie-innowacyjnej-technologii-szyfrowania-strumienia-danych-i-uruchomienie-nowych-produktow-w-multisoft-s-a\/#breadcrumb","itemListElement":[{"@type":"ListItem","position":1,"name":"Strona g\u0142\u00f3wna","item":"https:\/\/multisoftsa.com\/pl\/"},{"@type":"ListItem","position":2,"name":"Wdro\u017cenie innowacyjnej technologii szyfrowania strumienia danych i uruchomienie nowych produkt\u00f3w w Multisoft S.A"}]},{"@type":"WebSite","@id":"https:\/\/multisoftsa.com\/pl\/#website","url":"https:\/\/multisoftsa.com\/pl\/","name":"MULTISOFT S.A.","description":"","publisher":{"@id":"https:\/\/multisoftsa.com\/pl\/#organization"},"potentialAction":[{"@type":"SearchAction","target":{"@type":"EntryPoint","urlTemplate":"https:\/\/multisoftsa.com\/pl\/?s={search_term_string}"},"query-input":{"@type":"PropertyValueSpecification","valueRequired":true,"valueName":"search_term_string"}}],"inLanguage":"pl-PL"},{"@type":"Organization","@id":"https:\/\/multisoftsa.com\/pl\/#organization","name":"MULTISOFT S.A.","url":"https:\/\/multisoftsa.com\/pl\/","logo":{"@type":"ImageObject","inLanguage":"pl-PL","@id":"https:\/\/multisoftsa.com\/pl\/#\/schema\/logo\/image\/","url":"https:\/\/multisoftsa.com\/wp-content\/uploads\/2024\/01\/logo-multisoft.svg","contentUrl":"https:\/\/multisoftsa.com\/wp-content\/uploads\/2024\/01\/logo-multisoft.svg","width":1,"height":1,"caption":"MULTISOFT S.A."},"image":{"@id":"https:\/\/multisoftsa.com\/pl\/#\/schema\/logo\/image\/"},"sameAs":["https:\/\/www.facebook.com\/multisoftgroup\/","https:\/\/www.linkedin.com\/company\/10080493\/admin\/feed\/posts\/?feedType=following"]}]}},"builder_content":"","_links":{"self":[{"href":"https:\/\/multisoftsa.com\/pl\/wp-json\/wp\/v2\/pages\/655","targetHints":{"allow":["GET"]}}],"collection":[{"href":"https:\/\/multisoftsa.com\/pl\/wp-json\/wp\/v2\/pages"}],"about":[{"href":"https:\/\/multisoftsa.com\/pl\/wp-json\/wp\/v2\/types\/page"}],"author":[{"embeddable":true,"href":"https:\/\/multisoftsa.com\/pl\/wp-json\/wp\/v2\/users\/3"}],"replies":[{"embeddable":true,"href":"https:\/\/multisoftsa.com\/pl\/wp-json\/wp\/v2\/comments?post=655"}],"version-history":[{"count":4,"href":"https:\/\/multisoftsa.com\/pl\/wp-json\/wp\/v2\/pages\/655\/revisions"}],"predecessor-version":[{"id":665,"href":"https:\/\/multisoftsa.com\/pl\/wp-json\/wp\/v2\/pages\/655\/revisions\/665"}],"wp:attachment":[{"href":"https:\/\/multisoftsa.com\/pl\/wp-json\/wp\/v2\/media?parent=655"}],"curies":[{"name":"wp","href":"https:\/\/api.w.org\/{rel}","templated":true}]}}