{"id":652,"date":"2024-01-05T09:12:36","date_gmt":"2024-01-05T08:12:36","guid":{"rendered":"https:\/\/multisoftsa.com\/rozwiazania\/dvi-booster\/"},"modified":"2024-03-11T08:10:40","modified_gmt":"2024-03-11T07:10:40","slug":"dvi-booster","status":"publish","type":"page","link":"https:\/\/multisoftsa.com\/pl\/rozwiazania\/dvi-booster\/","title":{"rendered":"DVI Booster"},"content":{"rendered":"\n<h2 class=\"wp-block-heading\">Dodatkowe zasilanie na 14 pinie DVI<\/h2>\n\n<figure class=\"wp-block-image aligncenter size-full\"><img decoding=\"async\" src=\"\/wp-content\/uploads\/2024\/01\/dvi-booster-multisoft.png\" alt=\"DVI Booster\" class=\"wp-image-1102\"\/><\/figure>\n\n<p>DVI Booster jest urz\u0105dzeniem, kt\u00f3re zapewnia dodatkowe zasilanie na 14 pinie z\u0142\u0105cza DVI. Funkcja ta jest przydatna we wszelkiego rodzaju konfiguracjach wykorzystuj\u0105cych pasywne urz\u0105dzenia pod\u0142\u0105czone pomi\u0119dzy komputerem, a monitorem (np.: zasilane magistral\u0105 prze\u0142\u0105czniki DVI, rozdzielacze sygna\u0142u, konwertery itp.) Urz\u0105dzenia takie zwykle korzystaj\u0105 z zasilania z 14 pinu DVI. DVI Booster jest urz\u0105dzeniem plug &amp; play \u2013 nie wymaga instalacji jakiegokolwiek programowania czy sterownik\u00f3w. Pod\u0142\u0105czony pozostaje niewykrywalny dla innych urz\u0105dze\u0144, gdy\u017c operuje wy\u0142\u0105cznie na 14. pinie DVI. DVI Booster jest wyposa\u017cony w dwa porty DVI-I, dzi\u0119ki czemu jest kompatybilny ze wszelkimi rodzajami kabli DVI (DVI-D SL, DVI-D DL, DVI-I SL, DVI-I DL i DVI-A).<\/p>\n\n<figure class=\"wp-block-table\"><table><tbody><tr><td><strong>Interfejs video (wej\u015bcie)<\/strong><\/td><td>DVI-I<\/td><\/tr><tr><td><strong>Interfejs video (wyj\u015bcie)<\/strong><\/td><td>DVI-I<\/td><\/tr><tr><td><strong>Wymiary<\/strong><\/td><td>77 x 72 x 24 [mm]<\/td><\/tr><tr><td><strong>Waga<\/strong><\/td><td>68g<\/td><\/tr><tr><td><strong>Temperatura pracy<\/strong><\/td><td>5\u00b0C \u2013 50 \u00b0C<\/td><\/tr><tr><td><strong>Zasilanie<\/strong><\/td><td>5V \/ 1A<\/td><\/tr><\/tbody><\/table><\/figure>\n\n<figure class=\"wp-block-image aligncenter size-full\"><img decoding=\"async\" src=\"\/wp-content\/uploads\/2024\/01\/dvi-front.png\" alt=\"DVI booster prz&#xF3;d\" class=\"wp-image-1091\"\/><\/figure>\n\n<figure class=\"wp-block-image aligncenter size-full\"><img decoding=\"async\" src=\"\/wp-content\/uploads\/2024\/01\/dvi-back-multisoft.png\" alt=\"DVI booster ty&#x142;\" class=\"wp-image-1093\"\/><\/figure>\n\n<h3 class=\"wp-block-heading\">Schemat pod\u0142\u0105czenia urz\u0105dzenia<\/h3>\n\n<figure class=\"wp-block-image aligncenter size-full\"><img decoding=\"async\" src=\"\/wp-content\/uploads\/2024\/01\/connection-scheme-dvi-booster.png\" alt=\"DVI Booster zapewnia dodatkowe zasilanie na 14 pinie z&#x142;&#x105;cza DVI\" class=\"wp-image-1095\"\/><figcaption class=\"wp-element-caption\">DVI Booster zapewnia dodatkowe zasilanie na 14 pinie z\u0142\u0105cza DVI<\/figcaption><\/figure>\n<!-- wp:themify-builder\/canvas \/-->","protected":false},"excerpt":{"rendered":"<p>Dodatkowe zasilanie na 14 pinie DVI DVI Booster jest urz\u0105dzeniem, kt\u00f3re zapewnia dodatkowe zasilanie na 14 pinie z\u0142\u0105cza DVI. Funkcja ta jest przydatna we wszelkiego rodzaju konfiguracjach wykorzystuj\u0105cych pasywne urz\u0105dzenia pod\u0142\u0105czone pomi\u0119dzy komputerem, a monitorem (np.: zasilane magistral\u0105 prze\u0142\u0105czniki DVI, rozdzielacze sygna\u0142u, konwertery itp.) Urz\u0105dzenia takie zwykle korzystaj\u0105 z zasilania z 14 pinu DVI. DVI [&hellip;]<\/p>\n","protected":false},"author":3,"featured_media":0,"parent":542,"menu_order":0,"comment_status":"closed","ping_status":"closed","template":"","meta":{"footnotes":""},"class_list":["post-652","page","type-page","status-publish","hentry","has-post-title","has-post-date","has-post-category","has-post-tag","has-post-comment","has-post-author",""],"yoast_head":"<!-- This site is optimized with the Yoast SEO plugin v25.3.1 - https:\/\/yoast.com\/wordpress\/plugins\/seo\/ -->\n<title>DVI Booster - MULTISOFT S.A.<\/title>\n<meta name=\"robots\" content=\"index, follow, max-snippet:-1, max-image-preview:large, max-video-preview:-1\" \/>\n<link rel=\"canonical\" href=\"https:\/\/multisoftsa.com\/pl\/rozwiazania\/dvi-booster\/\" \/>\n<meta property=\"og:locale\" content=\"pl_PL\" \/>\n<meta property=\"og:type\" content=\"article\" \/>\n<meta property=\"og:title\" content=\"DVI Booster - MULTISOFT S.A.\" \/>\n<meta property=\"og:description\" content=\"Dodatkowe zasilanie na 14 pinie DVI DVI Booster jest urz\u0105dzeniem, kt\u00f3re zapewnia dodatkowe zasilanie na 14 pinie z\u0142\u0105cza DVI. Funkcja ta jest przydatna we wszelkiego rodzaju konfiguracjach wykorzystuj\u0105cych pasywne urz\u0105dzenia pod\u0142\u0105czone pomi\u0119dzy komputerem, a monitorem (np.: zasilane magistral\u0105 prze\u0142\u0105czniki DVI, rozdzielacze sygna\u0142u, konwertery itp.) Urz\u0105dzenia takie zwykle korzystaj\u0105 z zasilania z 14 pinu DVI. DVI [&hellip;]\" \/>\n<meta property=\"og:url\" content=\"https:\/\/multisoftsa.com\/pl\/rozwiazania\/dvi-booster\/\" \/>\n<meta property=\"og:site_name\" content=\"MULTISOFT S.A.\" \/>\n<meta property=\"article:publisher\" content=\"https:\/\/www.facebook.com\/multisoftgroup\/\" \/>\n<meta property=\"article:modified_time\" content=\"2024-03-11T07:10:40+00:00\" \/>\n<meta name=\"twitter:card\" content=\"summary_large_image\" \/>\n<meta name=\"twitter:label1\" content=\"Szacowany czas czytania\" \/>\n\t<meta name=\"twitter:data1\" content=\"1 minuta\" \/>\n<script type=\"application\/ld+json\" class=\"yoast-schema-graph\">{\"@context\":\"https:\/\/schema.org\",\"@graph\":[{\"@type\":\"WebPage\",\"@id\":\"https:\/\/multisoftsa.com\/pl\/rozwiazania\/dvi-booster\/\",\"url\":\"https:\/\/multisoftsa.com\/pl\/rozwiazania\/dvi-booster\/\",\"name\":\"DVI Booster - MULTISOFT S.A.\",\"isPartOf\":{\"@id\":\"https:\/\/multisoftsa.com\/pl\/#website\"},\"datePublished\":\"2024-01-05T08:12:36+00:00\",\"dateModified\":\"2024-03-11T07:10:40+00:00\",\"breadcrumb\":{\"@id\":\"https:\/\/multisoftsa.com\/pl\/rozwiazania\/dvi-booster\/#breadcrumb\"},\"inLanguage\":\"pl-PL\",\"potentialAction\":[{\"@type\":\"ReadAction\",\"target\":[\"https:\/\/multisoftsa.com\/pl\/rozwiazania\/dvi-booster\/\"]}]},{\"@type\":\"BreadcrumbList\",\"@id\":\"https:\/\/multisoftsa.com\/pl\/rozwiazania\/dvi-booster\/#breadcrumb\",\"itemListElement\":[{\"@type\":\"ListItem\",\"position\":1,\"name\":\"Strona g\u0142\u00f3wna\",\"item\":\"https:\/\/multisoftsa.com\/pl\/\"},{\"@type\":\"ListItem\",\"position\":2,\"name\":\"Rozwi\u0105zania\",\"item\":\"https:\/\/multisoftsa.com\/pl\/solutions\/\"},{\"@type\":\"ListItem\",\"position\":3,\"name\":\"DVI Booster\"}]},{\"@type\":\"WebSite\",\"@id\":\"https:\/\/multisoftsa.com\/pl\/#website\",\"url\":\"https:\/\/multisoftsa.com\/pl\/\",\"name\":\"MULTISOFT S.A.\",\"description\":\"\",\"publisher\":{\"@id\":\"https:\/\/multisoftsa.com\/pl\/#organization\"},\"potentialAction\":[{\"@type\":\"SearchAction\",\"target\":{\"@type\":\"EntryPoint\",\"urlTemplate\":\"https:\/\/multisoftsa.com\/pl\/?s={search_term_string}\"},\"query-input\":{\"@type\":\"PropertyValueSpecification\",\"valueRequired\":true,\"valueName\":\"search_term_string\"}}],\"inLanguage\":\"pl-PL\"},{\"@type\":\"Organization\",\"@id\":\"https:\/\/multisoftsa.com\/pl\/#organization\",\"name\":\"MULTISOFT S.A.\",\"url\":\"https:\/\/multisoftsa.com\/pl\/\",\"logo\":{\"@type\":\"ImageObject\",\"inLanguage\":\"pl-PL\",\"@id\":\"https:\/\/multisoftsa.com\/pl\/#\/schema\/logo\/image\/\",\"url\":\"https:\/\/multisoftsa.com\/wp-content\/uploads\/2024\/01\/logo-multisoft.svg\",\"contentUrl\":\"https:\/\/multisoftsa.com\/wp-content\/uploads\/2024\/01\/logo-multisoft.svg\",\"width\":1,\"height\":1,\"caption\":\"MULTISOFT S.A.\"},\"image\":{\"@id\":\"https:\/\/multisoftsa.com\/pl\/#\/schema\/logo\/image\/\"},\"sameAs\":[\"https:\/\/www.facebook.com\/multisoftgroup\/\",\"https:\/\/www.linkedin.com\/company\/10080493\/admin\/feed\/posts\/?feedType=following\"]}]}<\/script>\n<!-- \/ Yoast SEO plugin. -->","yoast_head_json":{"title":"DVI Booster - MULTISOFT S.A.","robots":{"index":"index","follow":"follow","max-snippet":"max-snippet:-1","max-image-preview":"max-image-preview:large","max-video-preview":"max-video-preview:-1"},"canonical":"https:\/\/multisoftsa.com\/pl\/rozwiazania\/dvi-booster\/","og_locale":"pl_PL","og_type":"article","og_title":"DVI Booster - MULTISOFT S.A.","og_description":"Dodatkowe zasilanie na 14 pinie DVI DVI Booster jest urz\u0105dzeniem, kt\u00f3re zapewnia dodatkowe zasilanie na 14 pinie z\u0142\u0105cza DVI. Funkcja ta jest przydatna we wszelkiego rodzaju konfiguracjach wykorzystuj\u0105cych pasywne urz\u0105dzenia pod\u0142\u0105czone pomi\u0119dzy komputerem, a monitorem (np.: zasilane magistral\u0105 prze\u0142\u0105czniki DVI, rozdzielacze sygna\u0142u, konwertery itp.) Urz\u0105dzenia takie zwykle korzystaj\u0105 z zasilania z 14 pinu DVI. DVI [&hellip;]","og_url":"https:\/\/multisoftsa.com\/pl\/rozwiazania\/dvi-booster\/","og_site_name":"MULTISOFT S.A.","article_publisher":"https:\/\/www.facebook.com\/multisoftgroup\/","article_modified_time":"2024-03-11T07:10:40+00:00","twitter_card":"summary_large_image","twitter_misc":{"Szacowany czas czytania":"1 minuta"},"schema":{"@context":"https:\/\/schema.org","@graph":[{"@type":"WebPage","@id":"https:\/\/multisoftsa.com\/pl\/rozwiazania\/dvi-booster\/","url":"https:\/\/multisoftsa.com\/pl\/rozwiazania\/dvi-booster\/","name":"DVI Booster - MULTISOFT S.A.","isPartOf":{"@id":"https:\/\/multisoftsa.com\/pl\/#website"},"datePublished":"2024-01-05T08:12:36+00:00","dateModified":"2024-03-11T07:10:40+00:00","breadcrumb":{"@id":"https:\/\/multisoftsa.com\/pl\/rozwiazania\/dvi-booster\/#breadcrumb"},"inLanguage":"pl-PL","potentialAction":[{"@type":"ReadAction","target":["https:\/\/multisoftsa.com\/pl\/rozwiazania\/dvi-booster\/"]}]},{"@type":"BreadcrumbList","@id":"https:\/\/multisoftsa.com\/pl\/rozwiazania\/dvi-booster\/#breadcrumb","itemListElement":[{"@type":"ListItem","position":1,"name":"Strona g\u0142\u00f3wna","item":"https:\/\/multisoftsa.com\/pl\/"},{"@type":"ListItem","position":2,"name":"Rozwi\u0105zania","item":"https:\/\/multisoftsa.com\/pl\/solutions\/"},{"@type":"ListItem","position":3,"name":"DVI Booster"}]},{"@type":"WebSite","@id":"https:\/\/multisoftsa.com\/pl\/#website","url":"https:\/\/multisoftsa.com\/pl\/","name":"MULTISOFT S.A.","description":"","publisher":{"@id":"https:\/\/multisoftsa.com\/pl\/#organization"},"potentialAction":[{"@type":"SearchAction","target":{"@type":"EntryPoint","urlTemplate":"https:\/\/multisoftsa.com\/pl\/?s={search_term_string}"},"query-input":{"@type":"PropertyValueSpecification","valueRequired":true,"valueName":"search_term_string"}}],"inLanguage":"pl-PL"},{"@type":"Organization","@id":"https:\/\/multisoftsa.com\/pl\/#organization","name":"MULTISOFT S.A.","url":"https:\/\/multisoftsa.com\/pl\/","logo":{"@type":"ImageObject","inLanguage":"pl-PL","@id":"https:\/\/multisoftsa.com\/pl\/#\/schema\/logo\/image\/","url":"https:\/\/multisoftsa.com\/wp-content\/uploads\/2024\/01\/logo-multisoft.svg","contentUrl":"https:\/\/multisoftsa.com\/wp-content\/uploads\/2024\/01\/logo-multisoft.svg","width":1,"height":1,"caption":"MULTISOFT S.A."},"image":{"@id":"https:\/\/multisoftsa.com\/pl\/#\/schema\/logo\/image\/"},"sameAs":["https:\/\/www.facebook.com\/multisoftgroup\/","https:\/\/www.linkedin.com\/company\/10080493\/admin\/feed\/posts\/?feedType=following"]}]}},"builder_content":"","_links":{"self":[{"href":"https:\/\/multisoftsa.com\/pl\/wp-json\/wp\/v2\/pages\/652","targetHints":{"allow":["GET"]}}],"collection":[{"href":"https:\/\/multisoftsa.com\/pl\/wp-json\/wp\/v2\/pages"}],"about":[{"href":"https:\/\/multisoftsa.com\/pl\/wp-json\/wp\/v2\/types\/page"}],"author":[{"embeddable":true,"href":"https:\/\/multisoftsa.com\/pl\/wp-json\/wp\/v2\/users\/3"}],"replies":[{"embeddable":true,"href":"https:\/\/multisoftsa.com\/pl\/wp-json\/wp\/v2\/comments?post=652"}],"version-history":[{"count":2,"href":"https:\/\/multisoftsa.com\/pl\/wp-json\/wp\/v2\/pages\/652\/revisions"}],"predecessor-version":[{"id":654,"href":"https:\/\/multisoftsa.com\/pl\/wp-json\/wp\/v2\/pages\/652\/revisions\/654"}],"up":[{"embeddable":true,"href":"https:\/\/multisoftsa.com\/pl\/wp-json\/wp\/v2\/pages\/542"}],"wp:attachment":[{"href":"https:\/\/multisoftsa.com\/pl\/wp-json\/wp\/v2\/media?parent=652"}],"curies":[{"name":"wp","href":"https:\/\/api.w.org\/{rel}","templated":true}]}}