{"id":650,"date":"2024-01-05T09:10:24","date_gmt":"2024-01-05T08:10:24","guid":{"rendered":"https:\/\/multisoftsa.com\/rozwiazania\/displayport-amplifier\/"},"modified":"2024-03-11T08:01:47","modified_gmt":"2024-03-11T07:01:47","slug":"displayport-amplifier","status":"publish","type":"page","link":"https:\/\/multisoftsa.com\/pl\/rozwiazania\/displayport-amplifier\/","title":{"rendered":"DisplayPort Amplifier"},"content":{"rendered":"\n<figure class=\"wp-block-image aligncenter size-full\"><img decoding=\"async\" src=\"\/wp-content\/uploads\/2024\/01\/display-port-amplifier.png\" alt=\"Display Port AMPLIFIER\" class=\"wp-image-1107\"\/><\/figure>\n\n<p>DisplayPort Amplifier to liniowy korektor o niskiej latencji, kt\u00f3ry kompensuje straty spowodowane przez kablowanie i inne urz\u0105dzenia zainstalowane pomi\u0119dzy kart\u0105 graficzn\u0105, a monitorem faktycznie wyd\u0142u\u017caj\u0105c maksymaln\u0105 odleg\u0142o\u015b\u0107 pomi\u0119dzy \u017ar\u00f3d\u0142em sygna\u0142u, a odbiornikiem.<\/p>\n\n<p>Urz\u0105dzenie obs\u0142uguje DisplayPort 1.1, 1.2, 1.3 i eDP 1.4 i rozdzielczo\u015bci do 4K przy od\u015bwie\u017caniu 60Hz.<\/p>\n\n<p>DisplayPort Amplifier pozwala u\u017cytkownikowi r\u0119cznie ustawi\u0107 wyr\u00f3wnanie do 17dB oraz kontrolowa\u0107 zar\u00f3wno wzmocnienie DC wej\u015bciowe, jak i wyj\u015bciowe (odpowiednio 0dB\/-6dB i 0dB\/6dB). DisplayPort Amplifier jest niezauwa\u017calny dla procesu zestawiania po\u0142\u0105czenia. DisplayPort i mo\u017ce by\u0107 zainstalowany zar\u00f3wno blisko karty graficznej, jak i blisko monitora.<\/p>\n\n<p>rz\u0105dzenie jest zasilane z 20 styku z\u0142\u0105cza DisplayPort* lub przy pomocy do\u0142\u0105czonego zasilacza. W przypadku wykorzystania zasilacza DisplayPort Amplifier zapewnia zasilanie na 20 styku z\u0142\u0105cza DisplayPort, kt\u00f3re mo\u017ce by\u0107 wykorzystane przez pasywne urz\u0105dzenia zainstalowane pomi\u0119dzy kart\u0105 graficzn\u0105, a monitorem.<\/p>\n\n<p>*DisplayPort Amplifier wymaga przynajmniej 220mA na 20 styku z\u0142\u0105cza DisplayPort do pracy w trybie pasywnym.<\/p>\n\n<figure class=\"wp-block-table\"><table><tbody><tr><td><strong>Interfejs video (wej\u015bcie)<\/strong><\/td><td>DisplayPort<\/td><\/tr><tr><td><strong>Interfejs video (wyj\u015bcie)<\/strong><\/td><td>DisplayPort<\/td><\/tr><tr><td><strong>Obs\u0142ugiwane standardy<\/strong><\/td><td>DisplayPort 1.1, 1.2, 1.3, eDP 1.4<\/td><\/tr><tr><td><strong>Wymiary<\/strong><\/td><td>77 x 72 x 24 [mm]<\/td><\/tr><tr><td><strong>Waga<\/strong><\/td><td>60g<\/td><\/tr><tr><td><strong>Temperatura pracy<\/strong><\/td><td>5\u00b0C \u2013 50 \u00b0C<\/td><\/tr><tr><td><strong>Zasilanie<\/strong><\/td><td>5-12V \/ 1A<\/td><\/tr><\/tbody><\/table><\/figure>\n\n<figure class=\"wp-block-image aligncenter size-full\"><img decoding=\"async\" src=\"\/wp-content\/uploads\/2024\/01\/display-port-front.png\" alt=\"Display Port Amplifier\" class=\"wp-image-1120\"\/><\/figure>\n\n<figure class=\"wp-block-image aligncenter size-full\"><img decoding=\"async\" src=\"\/wp-content\/uploads\/2024\/01\/display-port-back.png\" alt=\"Display Port Amplifier\" class=\"wp-image-1123\"\/><\/figure>\n\n<h2 class=\"wp-block-heading\">Sposoby pod\u0142\u0105czenia<\/h2>\n\n<figure class=\"wp-block-image aligncenter size-full\"><img decoding=\"async\" src=\"\/wp-content\/uploads\/2024\/01\/connection-schemes-display-port-amplifier.png\" alt=\"DisplayPort Amplifier mo&#x17C;e by&#x107; zainstalowany blisko karty graficznej\" class=\"wp-image-1111\"\/><figcaption class=\"wp-element-caption\">DisplayPort Amplifier mo\u017ce by\u0107 zainstalowany blisko karty graficznej<\/figcaption><\/figure>\n\n<figure class=\"wp-block-image aligncenter size-full\"><img decoding=\"async\" src=\"\/wp-content\/uploads\/2024\/01\/display-port-amplifier-monitor.png\" alt=\"DisplayPort Amplifier mo&#x17C;e by&#x107; zainstalowany blisko monitora\" class=\"wp-image-1113\"\/><figcaption class=\"wp-element-caption\">DisplayPort Amplifier mo\u017ce by\u0107 zainstalowany blisko monitora<\/figcaption><\/figure>\n\n<figure class=\"wp-block-image aligncenter size-full\"><img decoding=\"async\" src=\"\/wp-content\/uploads\/2024\/01\/display-port-20-devices.png\" alt=\"DisplayPort Amplifier mo&#x17C;e zapewni&#x107; zasilanie na 20 styku z&#x142;&#x105;cza DisplayPort dla urz&#x105;dze&#x144; pasywnych\" class=\"wp-image-1116\"\/><figcaption class=\"wp-element-caption\">DisplayPort Amplifier mo\u017ce zapewni\u0107 zasilanie na 20 styku z\u0142\u0105cza DisplayPort dla urz\u0105dze\u0144 pasywnych<\/figcaption><\/figure>\n<!-- wp:themify-builder\/canvas \/-->","protected":false},"excerpt":{"rendered":"<p>DisplayPort Amplifier to liniowy korektor o niskiej latencji, kt\u00f3ry kompensuje straty spowodowane przez kablowanie i inne urz\u0105dzenia zainstalowane pomi\u0119dzy kart\u0105 graficzn\u0105, a monitorem faktycznie wyd\u0142u\u017caj\u0105c maksymaln\u0105 odleg\u0142o\u015b\u0107 pomi\u0119dzy \u017ar\u00f3d\u0142em sygna\u0142u, a odbiornikiem. Urz\u0105dzenie obs\u0142uguje DisplayPort 1.1, 1.2, 1.3 i eDP 1.4 i rozdzielczo\u015bci do 4K przy od\u015bwie\u017caniu 60Hz. DisplayPort Amplifier pozwala u\u017cytkownikowi r\u0119cznie ustawi\u0107 wyr\u00f3wnanie [&hellip;]<\/p>\n","protected":false},"author":3,"featured_media":0,"parent":542,"menu_order":0,"comment_status":"closed","ping_status":"closed","template":"","meta":{"footnotes":""},"class_list":["post-650","page","type-page","status-publish","hentry","has-post-title","has-post-date","has-post-category","has-post-tag","has-post-comment","has-post-author",""],"yoast_head":"<!-- This site is optimized with the Yoast SEO plugin v25.3.1 - https:\/\/yoast.com\/wordpress\/plugins\/seo\/ -->\n<title>DisplayPort Amplifier - MULTISOFT S.A.<\/title>\n<meta name=\"robots\" content=\"index, follow, max-snippet:-1, max-image-preview:large, max-video-preview:-1\" \/>\n<link rel=\"canonical\" href=\"https:\/\/multisoftsa.com\/pl\/rozwiazania\/displayport-amplifier\/\" \/>\n<meta property=\"og:locale\" content=\"pl_PL\" \/>\n<meta property=\"og:type\" content=\"article\" \/>\n<meta property=\"og:title\" content=\"DisplayPort Amplifier - MULTISOFT S.A.\" \/>\n<meta property=\"og:description\" content=\"DisplayPort Amplifier to liniowy korektor o niskiej latencji, kt\u00f3ry kompensuje straty spowodowane przez kablowanie i inne urz\u0105dzenia zainstalowane pomi\u0119dzy kart\u0105 graficzn\u0105, a monitorem faktycznie wyd\u0142u\u017caj\u0105c maksymaln\u0105 odleg\u0142o\u015b\u0107 pomi\u0119dzy \u017ar\u00f3d\u0142em sygna\u0142u, a odbiornikiem. Urz\u0105dzenie obs\u0142uguje DisplayPort 1.1, 1.2, 1.3 i eDP 1.4 i rozdzielczo\u015bci do 4K przy od\u015bwie\u017caniu 60Hz. DisplayPort Amplifier pozwala u\u017cytkownikowi r\u0119cznie ustawi\u0107 wyr\u00f3wnanie [&hellip;]\" \/>\n<meta property=\"og:url\" content=\"https:\/\/multisoftsa.com\/pl\/rozwiazania\/displayport-amplifier\/\" \/>\n<meta property=\"og:site_name\" content=\"MULTISOFT S.A.\" \/>\n<meta property=\"article:publisher\" content=\"https:\/\/www.facebook.com\/multisoftgroup\/\" \/>\n<meta property=\"article:modified_time\" content=\"2024-03-11T07:01:47+00:00\" \/>\n<meta name=\"twitter:card\" content=\"summary_large_image\" \/>\n<meta name=\"twitter:label1\" content=\"Szacowany czas czytania\" \/>\n\t<meta name=\"twitter:data1\" content=\"1 minuta\" \/>\n<script type=\"application\/ld+json\" class=\"yoast-schema-graph\">{\"@context\":\"https:\/\/schema.org\",\"@graph\":[{\"@type\":\"WebPage\",\"@id\":\"https:\/\/multisoftsa.com\/pl\/rozwiazania\/displayport-amplifier\/\",\"url\":\"https:\/\/multisoftsa.com\/pl\/rozwiazania\/displayport-amplifier\/\",\"name\":\"DisplayPort Amplifier - MULTISOFT S.A.\",\"isPartOf\":{\"@id\":\"https:\/\/multisoftsa.com\/pl\/#website\"},\"datePublished\":\"2024-01-05T08:10:24+00:00\",\"dateModified\":\"2024-03-11T07:01:47+00:00\",\"breadcrumb\":{\"@id\":\"https:\/\/multisoftsa.com\/pl\/rozwiazania\/displayport-amplifier\/#breadcrumb\"},\"inLanguage\":\"pl-PL\",\"potentialAction\":[{\"@type\":\"ReadAction\",\"target\":[\"https:\/\/multisoftsa.com\/pl\/rozwiazania\/displayport-amplifier\/\"]}]},{\"@type\":\"BreadcrumbList\",\"@id\":\"https:\/\/multisoftsa.com\/pl\/rozwiazania\/displayport-amplifier\/#breadcrumb\",\"itemListElement\":[{\"@type\":\"ListItem\",\"position\":1,\"name\":\"Strona g\u0142\u00f3wna\",\"item\":\"https:\/\/multisoftsa.com\/pl\/\"},{\"@type\":\"ListItem\",\"position\":2,\"name\":\"Rozwi\u0105zania\",\"item\":\"https:\/\/multisoftsa.com\/pl\/solutions\/\"},{\"@type\":\"ListItem\",\"position\":3,\"name\":\"DisplayPort Amplifier\"}]},{\"@type\":\"WebSite\",\"@id\":\"https:\/\/multisoftsa.com\/pl\/#website\",\"url\":\"https:\/\/multisoftsa.com\/pl\/\",\"name\":\"MULTISOFT S.A.\",\"description\":\"\",\"publisher\":{\"@id\":\"https:\/\/multisoftsa.com\/pl\/#organization\"},\"potentialAction\":[{\"@type\":\"SearchAction\",\"target\":{\"@type\":\"EntryPoint\",\"urlTemplate\":\"https:\/\/multisoftsa.com\/pl\/?s={search_term_string}\"},\"query-input\":{\"@type\":\"PropertyValueSpecification\",\"valueRequired\":true,\"valueName\":\"search_term_string\"}}],\"inLanguage\":\"pl-PL\"},{\"@type\":\"Organization\",\"@id\":\"https:\/\/multisoftsa.com\/pl\/#organization\",\"name\":\"MULTISOFT S.A.\",\"url\":\"https:\/\/multisoftsa.com\/pl\/\",\"logo\":{\"@type\":\"ImageObject\",\"inLanguage\":\"pl-PL\",\"@id\":\"https:\/\/multisoftsa.com\/pl\/#\/schema\/logo\/image\/\",\"url\":\"https:\/\/multisoftsa.com\/wp-content\/uploads\/2024\/01\/logo-multisoft.svg\",\"contentUrl\":\"https:\/\/multisoftsa.com\/wp-content\/uploads\/2024\/01\/logo-multisoft.svg\",\"width\":1,\"height\":1,\"caption\":\"MULTISOFT S.A.\"},\"image\":{\"@id\":\"https:\/\/multisoftsa.com\/pl\/#\/schema\/logo\/image\/\"},\"sameAs\":[\"https:\/\/www.facebook.com\/multisoftgroup\/\",\"https:\/\/www.linkedin.com\/company\/10080493\/admin\/feed\/posts\/?feedType=following\"]}]}<\/script>\n<!-- \/ Yoast SEO plugin. -->","yoast_head_json":{"title":"DisplayPort Amplifier - MULTISOFT S.A.","robots":{"index":"index","follow":"follow","max-snippet":"max-snippet:-1","max-image-preview":"max-image-preview:large","max-video-preview":"max-video-preview:-1"},"canonical":"https:\/\/multisoftsa.com\/pl\/rozwiazania\/displayport-amplifier\/","og_locale":"pl_PL","og_type":"article","og_title":"DisplayPort Amplifier - MULTISOFT S.A.","og_description":"DisplayPort Amplifier to liniowy korektor o niskiej latencji, kt\u00f3ry kompensuje straty spowodowane przez kablowanie i inne urz\u0105dzenia zainstalowane pomi\u0119dzy kart\u0105 graficzn\u0105, a monitorem faktycznie wyd\u0142u\u017caj\u0105c maksymaln\u0105 odleg\u0142o\u015b\u0107 pomi\u0119dzy \u017ar\u00f3d\u0142em sygna\u0142u, a odbiornikiem. Urz\u0105dzenie obs\u0142uguje DisplayPort 1.1, 1.2, 1.3 i eDP 1.4 i rozdzielczo\u015bci do 4K przy od\u015bwie\u017caniu 60Hz. DisplayPort Amplifier pozwala u\u017cytkownikowi r\u0119cznie ustawi\u0107 wyr\u00f3wnanie [&hellip;]","og_url":"https:\/\/multisoftsa.com\/pl\/rozwiazania\/displayport-amplifier\/","og_site_name":"MULTISOFT S.A.","article_publisher":"https:\/\/www.facebook.com\/multisoftgroup\/","article_modified_time":"2024-03-11T07:01:47+00:00","twitter_card":"summary_large_image","twitter_misc":{"Szacowany czas czytania":"1 minuta"},"schema":{"@context":"https:\/\/schema.org","@graph":[{"@type":"WebPage","@id":"https:\/\/multisoftsa.com\/pl\/rozwiazania\/displayport-amplifier\/","url":"https:\/\/multisoftsa.com\/pl\/rozwiazania\/displayport-amplifier\/","name":"DisplayPort Amplifier - MULTISOFT S.A.","isPartOf":{"@id":"https:\/\/multisoftsa.com\/pl\/#website"},"datePublished":"2024-01-05T08:10:24+00:00","dateModified":"2024-03-11T07:01:47+00:00","breadcrumb":{"@id":"https:\/\/multisoftsa.com\/pl\/rozwiazania\/displayport-amplifier\/#breadcrumb"},"inLanguage":"pl-PL","potentialAction":[{"@type":"ReadAction","target":["https:\/\/multisoftsa.com\/pl\/rozwiazania\/displayport-amplifier\/"]}]},{"@type":"BreadcrumbList","@id":"https:\/\/multisoftsa.com\/pl\/rozwiazania\/displayport-amplifier\/#breadcrumb","itemListElement":[{"@type":"ListItem","position":1,"name":"Strona g\u0142\u00f3wna","item":"https:\/\/multisoftsa.com\/pl\/"},{"@type":"ListItem","position":2,"name":"Rozwi\u0105zania","item":"https:\/\/multisoftsa.com\/pl\/solutions\/"},{"@type":"ListItem","position":3,"name":"DisplayPort Amplifier"}]},{"@type":"WebSite","@id":"https:\/\/multisoftsa.com\/pl\/#website","url":"https:\/\/multisoftsa.com\/pl\/","name":"MULTISOFT S.A.","description":"","publisher":{"@id":"https:\/\/multisoftsa.com\/pl\/#organization"},"potentialAction":[{"@type":"SearchAction","target":{"@type":"EntryPoint","urlTemplate":"https:\/\/multisoftsa.com\/pl\/?s={search_term_string}"},"query-input":{"@type":"PropertyValueSpecification","valueRequired":true,"valueName":"search_term_string"}}],"inLanguage":"pl-PL"},{"@type":"Organization","@id":"https:\/\/multisoftsa.com\/pl\/#organization","name":"MULTISOFT S.A.","url":"https:\/\/multisoftsa.com\/pl\/","logo":{"@type":"ImageObject","inLanguage":"pl-PL","@id":"https:\/\/multisoftsa.com\/pl\/#\/schema\/logo\/image\/","url":"https:\/\/multisoftsa.com\/wp-content\/uploads\/2024\/01\/logo-multisoft.svg","contentUrl":"https:\/\/multisoftsa.com\/wp-content\/uploads\/2024\/01\/logo-multisoft.svg","width":1,"height":1,"caption":"MULTISOFT S.A."},"image":{"@id":"https:\/\/multisoftsa.com\/pl\/#\/schema\/logo\/image\/"},"sameAs":["https:\/\/www.facebook.com\/multisoftgroup\/","https:\/\/www.linkedin.com\/company\/10080493\/admin\/feed\/posts\/?feedType=following"]}]}},"builder_content":"","_links":{"self":[{"href":"https:\/\/multisoftsa.com\/pl\/wp-json\/wp\/v2\/pages\/650","targetHints":{"allow":["GET"]}}],"collection":[{"href":"https:\/\/multisoftsa.com\/pl\/wp-json\/wp\/v2\/pages"}],"about":[{"href":"https:\/\/multisoftsa.com\/pl\/wp-json\/wp\/v2\/types\/page"}],"author":[{"embeddable":true,"href":"https:\/\/multisoftsa.com\/pl\/wp-json\/wp\/v2\/users\/3"}],"replies":[{"embeddable":true,"href":"https:\/\/multisoftsa.com\/pl\/wp-json\/wp\/v2\/comments?post=650"}],"version-history":[{"count":1,"href":"https:\/\/multisoftsa.com\/pl\/wp-json\/wp\/v2\/pages\/650\/revisions"}],"predecessor-version":[{"id":651,"href":"https:\/\/multisoftsa.com\/pl\/wp-json\/wp\/v2\/pages\/650\/revisions\/651"}],"up":[{"embeddable":true,"href":"https:\/\/multisoftsa.com\/pl\/wp-json\/wp\/v2\/pages\/542"}],"wp:attachment":[{"href":"https:\/\/multisoftsa.com\/pl\/wp-json\/wp\/v2\/media?parent=650"}],"curies":[{"name":"wp","href":"https:\/\/api.w.org\/{rel}","templated":true}]}}