{"id":573,"date":"2024-01-05T09:47:40","date_gmt":"2024-01-05T08:47:40","guid":{"rendered":"https:\/\/multisoftsa.com\/uslugi\/"},"modified":"2024-02-12T13:48:19","modified_gmt":"2024-02-12T12:48:19","slug":"uslugi","status":"publish","type":"page","link":"https:\/\/multisoftsa.com\/pl\/uslugi\/","title":{"rendered":"Us\u0142ugi"},"content":{"rendered":"<!--themify_builder_content-->\n<div id=\"themify_builder_content-573\" data-postid=\"573\" class=\"themify_builder_content themify_builder_content-573 themify_builder tf_clear\">\n                    <div  data-lazy=\"1\" class=\"module_row themify_builder_row tb_zynf597 tb_first tf_w\">\n                        <div class=\"row_inner col_align_top tb_col_count_2 tf_box tf_rel\">\n                        <div  data-lazy=\"1\" class=\"module_column tb-column col4-3 tb_b5fk597 first\">\n                    <!-- module text -->\n<div  class=\"module module-text tb_xfuk8   \" data-lazy=\"1\">\n        <div  class=\"tb_text_wrap\">\n        <p>Multisoft jest w stanie dostarczy\u0107 Twojej firmie kompleksowe wsparcie IT, kt\u00f3re b\u0119dzie spe\u0142nia\u0142o wymagania jakie przed nami postawisz. Nasze rozwi\u0105zania b\u0119d\u0105 dostosowane do Twojego bud\u017cetu, obj\u0119te pe\u0142n\u0105 gwarancj\u0105, a dodatkowo b\u0119dziesz m\u00f3g\u0142 liczy\u0107 na nasze wsparcie techniczne dzia\u0142aj\u0105ce przez ca\u0142\u0105 dob\u0119 . Przyk\u0142adowo mo\u017cemy Tobie zaoferowa\u0107 kompletne stanowisko pracy (komputer, monitor, peryferia) wraz z potrzebnym oprogramowaniem wed\u0142ug zatwierdzonej przez Ciebie specyfikacji. Wraz ze sprz\u0119tem otrzymasz r\u00f3wnie\u017c wsparcie techniczne ze strony naszych wysoko wykwalifikowanych in\u017cynier\u00f3w. Dzi\u0119ki temu w razie gdyby kt\u00f3rekolwiek z dostarczonych przez nas urz\u0105dze\u0144 uleg\u0142o awarii mo\u017cesz liczy\u0107 na nasz\u0105 pomoc. Oferujemy zar\u00f3wno pomoc zdaln\u0105 jak i bezpo\u015bredni\u0105.<\/p><p><strong>Multisoft zapewnia r\u00f3wnie\u017c wsparcie istniej\u0105cej infrastruktury IT (w tym tak\u017ce tej niedostarczonej przez nas).<\/strong><\/p><p>W takim przypadku nasi klienci nie musz\u0105 zatrudnia\u0107 dodatkowych in\u017cynier\u00f3w czy informatyk\u00f3w, kt\u00f3rzy opiekowaliby si\u0119 firmowym sprz\u0119tem. Multisoft zapewnia r\u00f3wnie\u017c wsparcie istniej\u0105cej infrastruktury IT (w tym tak\u017ce tej niedostarczonej przez nas). W takim przypadku nasi klienci nie musz\u0105 zatrudnia\u0107 dodatkowych in\u017cynier\u00f3w czy informatyk\u00f3w, kt\u00f3rzy opiekowaliby si\u0119 firmowym sprz\u0119tem.<\/p><p>Wszystkie us\u0142ugi oferowane przez Multisoft s\u0105 zawsze dostosowane do indywidualnych potrzeb naszych klient\u00f3w.<\/p>    <\/div>\n<\/div>\n<!-- \/module text -->        <\/div>\n                    <div  data-lazy=\"1\" class=\"module_column tb-column col4-1 tb_ux4h597 last\">\n                    <!-- module menu -->\n<div  class=\"module module-menu tb_gz9c710  mobile-menu-slide\" data-menu-style=\"mobile-menu-slide\" data-menu-breakpoint=\"0\" data-element-id=\"tb_gz9c710\" data-lazy=\"1\">\n    <h3 class=\"module-title\">Nasze Us\u0142ugi<\/h3>    \n    <div class=\"module-menu-container\"><ul id=\"menu-services\" class=\"ui tf_clearfix nav tf_rel tf_scrollbar vertical tb_default_color embossed\"><li id=\"menu-item-163\" class=\"menu-item-page-546 menu-item menu-item-type-post_type menu-item-object-page menu-item-163\"><a href=\"https:\/\/multisoftsa.com\/services\/atc-systems-air-traffic-control\/\">ATC Systems &#8211; Kontrola Ruchu Lotniczego<\/a><\/li>\n<li id=\"menu-item-164\" class=\"menu-item-page-569 menu-item menu-item-type-post_type menu-item-object-page menu-item-164\"><a href=\"https:\/\/multisoftsa.com\/services\/outsourcing\/\">Outsourcing<\/a><\/li>\n<li id=\"menu-item-165\" class=\"menu-item-page-562 menu-item menu-item-type-post_type menu-item-object-page menu-item-165\"><a href=\"https:\/\/multisoftsa.com\/services\/network-infrastructures\/\">Infrastruktury sieciowe<\/a><\/li>\n<\/ul><\/div>        <style>\n            .mobile-menu-module[data-module=\"tb_gz9c710\"]{\n                right:-300px            }\n        <\/style>\n    <\/div>\n<!-- \/module menu -->\n        <\/div>\n                        <\/div>\n        <\/div>\n        <\/div>\n<!--\/themify_builder_content-->","protected":false},"excerpt":{"rendered":"<p>Multisoft jest w stanie dostarczy\u0107 Twojej firmie kompleksowe wsparcie IT, kt\u00f3re b\u0119dzie spe\u0142nia\u0142o wymagania jakie przed nami postawisz. Nasze rozwi\u0105zania b\u0119d\u0105 dostosowane do Twojego bud\u017cetu, obj\u0119te pe\u0142n\u0105 gwarancj\u0105, a dodatkowo b\u0119dziesz m\u00f3g\u0142 liczy\u0107 na nasze wsparcie techniczne dzia\u0142aj\u0105ce przez ca\u0142\u0105 dob\u0119 . Przyk\u0142adowo mo\u017cemy Tobie zaoferowa\u0107 kompletne stanowisko pracy (komputer, monitor, peryferia) wraz z potrzebnym [&hellip;]<\/p>\n","protected":false},"author":3,"featured_media":0,"parent":0,"menu_order":0,"comment_status":"closed","ping_status":"closed","template":"","meta":{"footnotes":""},"class_list":["post-573","page","type-page","status-publish","hentry","has-post-title","has-post-date","has-post-category","has-post-tag","has-post-comment","has-post-author",""],"yoast_head":"<!-- This site is optimized with the Yoast SEO plugin v25.3.1 - https:\/\/yoast.com\/wordpress\/plugins\/seo\/ -->\n<title>Us\u0142ugi - MULTISOFT S.A.<\/title>\n<meta name=\"robots\" content=\"index, follow, max-snippet:-1, max-image-preview:large, max-video-preview:-1\" \/>\n<link rel=\"canonical\" href=\"https:\/\/multisoftsa.com\/pl\/uslugi\/\" \/>\n<meta property=\"og:locale\" content=\"pl_PL\" \/>\n<meta property=\"og:type\" content=\"article\" \/>\n<meta property=\"og:title\" content=\"Us\u0142ugi - MULTISOFT S.A.\" \/>\n<meta property=\"og:description\" content=\"Multisoft jest w stanie dostarczy\u0107 Twojej firmie kompleksowe wsparcie IT, kt\u00f3re b\u0119dzie spe\u0142nia\u0142o wymagania jakie przed nami postawisz. Nasze rozwi\u0105zania b\u0119d\u0105 dostosowane do Twojego bud\u017cetu, obj\u0119te pe\u0142n\u0105 gwarancj\u0105, a dodatkowo b\u0119dziesz m\u00f3g\u0142 liczy\u0107 na nasze wsparcie techniczne dzia\u0142aj\u0105ce przez ca\u0142\u0105 dob\u0119 . Przyk\u0142adowo mo\u017cemy Tobie zaoferowa\u0107 kompletne stanowisko pracy (komputer, monitor, peryferia) wraz z potrzebnym [&hellip;]\" \/>\n<meta property=\"og:url\" content=\"https:\/\/multisoftsa.com\/pl\/uslugi\/\" \/>\n<meta property=\"og:site_name\" content=\"MULTISOFT S.A.\" \/>\n<meta property=\"article:publisher\" content=\"https:\/\/www.facebook.com\/multisoftgroup\/\" \/>\n<meta property=\"article:modified_time\" content=\"2024-02-12T12:48:19+00:00\" \/>\n<meta name=\"twitter:card\" content=\"summary_large_image\" \/>\n<meta name=\"twitter:label1\" content=\"Szacowany czas czytania\" \/>\n\t<meta name=\"twitter:data1\" content=\"1 minuta\" \/>\n<script type=\"application\/ld+json\" class=\"yoast-schema-graph\">{\"@context\":\"https:\/\/schema.org\",\"@graph\":[{\"@type\":\"WebPage\",\"@id\":\"https:\/\/multisoftsa.com\/pl\/uslugi\/\",\"url\":\"https:\/\/multisoftsa.com\/pl\/uslugi\/\",\"name\":\"Us\u0142ugi - MULTISOFT S.A.\",\"isPartOf\":{\"@id\":\"https:\/\/multisoftsa.com\/pl\/#website\"},\"datePublished\":\"2024-01-05T08:47:40+00:00\",\"dateModified\":\"2024-02-12T12:48:19+00:00\",\"breadcrumb\":{\"@id\":\"https:\/\/multisoftsa.com\/pl\/uslugi\/#breadcrumb\"},\"inLanguage\":\"pl-PL\",\"potentialAction\":[{\"@type\":\"ReadAction\",\"target\":[\"https:\/\/multisoftsa.com\/pl\/uslugi\/\"]}]},{\"@type\":\"BreadcrumbList\",\"@id\":\"https:\/\/multisoftsa.com\/pl\/uslugi\/#breadcrumb\",\"itemListElement\":[{\"@type\":\"ListItem\",\"position\":1,\"name\":\"Strona g\u0142\u00f3wna\",\"item\":\"https:\/\/multisoftsa.com\/pl\/\"},{\"@type\":\"ListItem\",\"position\":2,\"name\":\"Us\u0142ugi\"}]},{\"@type\":\"WebSite\",\"@id\":\"https:\/\/multisoftsa.com\/pl\/#website\",\"url\":\"https:\/\/multisoftsa.com\/pl\/\",\"name\":\"MULTISOFT S.A.\",\"description\":\"\",\"publisher\":{\"@id\":\"https:\/\/multisoftsa.com\/pl\/#organization\"},\"potentialAction\":[{\"@type\":\"SearchAction\",\"target\":{\"@type\":\"EntryPoint\",\"urlTemplate\":\"https:\/\/multisoftsa.com\/pl\/?s={search_term_string}\"},\"query-input\":{\"@type\":\"PropertyValueSpecification\",\"valueRequired\":true,\"valueName\":\"search_term_string\"}}],\"inLanguage\":\"pl-PL\"},{\"@type\":\"Organization\",\"@id\":\"https:\/\/multisoftsa.com\/pl\/#organization\",\"name\":\"MULTISOFT S.A.\",\"url\":\"https:\/\/multisoftsa.com\/pl\/\",\"logo\":{\"@type\":\"ImageObject\",\"inLanguage\":\"pl-PL\",\"@id\":\"https:\/\/multisoftsa.com\/pl\/#\/schema\/logo\/image\/\",\"url\":\"https:\/\/multisoftsa.com\/wp-content\/uploads\/2024\/01\/logo-multisoft.svg\",\"contentUrl\":\"https:\/\/multisoftsa.com\/wp-content\/uploads\/2024\/01\/logo-multisoft.svg\",\"width\":1,\"height\":1,\"caption\":\"MULTISOFT S.A.\"},\"image\":{\"@id\":\"https:\/\/multisoftsa.com\/pl\/#\/schema\/logo\/image\/\"},\"sameAs\":[\"https:\/\/www.facebook.com\/multisoftgroup\/\",\"https:\/\/www.linkedin.com\/company\/10080493\/admin\/feed\/posts\/?feedType=following\"]}]}<\/script>\n<!-- \/ Yoast SEO plugin. -->","yoast_head_json":{"title":"Us\u0142ugi - MULTISOFT S.A.","robots":{"index":"index","follow":"follow","max-snippet":"max-snippet:-1","max-image-preview":"max-image-preview:large","max-video-preview":"max-video-preview:-1"},"canonical":"https:\/\/multisoftsa.com\/pl\/uslugi\/","og_locale":"pl_PL","og_type":"article","og_title":"Us\u0142ugi - MULTISOFT S.A.","og_description":"Multisoft jest w stanie dostarczy\u0107 Twojej firmie kompleksowe wsparcie IT, kt\u00f3re b\u0119dzie spe\u0142nia\u0142o wymagania jakie przed nami postawisz. Nasze rozwi\u0105zania b\u0119d\u0105 dostosowane do Twojego bud\u017cetu, obj\u0119te pe\u0142n\u0105 gwarancj\u0105, a dodatkowo b\u0119dziesz m\u00f3g\u0142 liczy\u0107 na nasze wsparcie techniczne dzia\u0142aj\u0105ce przez ca\u0142\u0105 dob\u0119 . Przyk\u0142adowo mo\u017cemy Tobie zaoferowa\u0107 kompletne stanowisko pracy (komputer, monitor, peryferia) wraz z potrzebnym [&hellip;]","og_url":"https:\/\/multisoftsa.com\/pl\/uslugi\/","og_site_name":"MULTISOFT S.A.","article_publisher":"https:\/\/www.facebook.com\/multisoftgroup\/","article_modified_time":"2024-02-12T12:48:19+00:00","twitter_card":"summary_large_image","twitter_misc":{"Szacowany czas czytania":"1 minuta"},"schema":{"@context":"https:\/\/schema.org","@graph":[{"@type":"WebPage","@id":"https:\/\/multisoftsa.com\/pl\/uslugi\/","url":"https:\/\/multisoftsa.com\/pl\/uslugi\/","name":"Us\u0142ugi - MULTISOFT S.A.","isPartOf":{"@id":"https:\/\/multisoftsa.com\/pl\/#website"},"datePublished":"2024-01-05T08:47:40+00:00","dateModified":"2024-02-12T12:48:19+00:00","breadcrumb":{"@id":"https:\/\/multisoftsa.com\/pl\/uslugi\/#breadcrumb"},"inLanguage":"pl-PL","potentialAction":[{"@type":"ReadAction","target":["https:\/\/multisoftsa.com\/pl\/uslugi\/"]}]},{"@type":"BreadcrumbList","@id":"https:\/\/multisoftsa.com\/pl\/uslugi\/#breadcrumb","itemListElement":[{"@type":"ListItem","position":1,"name":"Strona g\u0142\u00f3wna","item":"https:\/\/multisoftsa.com\/pl\/"},{"@type":"ListItem","position":2,"name":"Us\u0142ugi"}]},{"@type":"WebSite","@id":"https:\/\/multisoftsa.com\/pl\/#website","url":"https:\/\/multisoftsa.com\/pl\/","name":"MULTISOFT S.A.","description":"","publisher":{"@id":"https:\/\/multisoftsa.com\/pl\/#organization"},"potentialAction":[{"@type":"SearchAction","target":{"@type":"EntryPoint","urlTemplate":"https:\/\/multisoftsa.com\/pl\/?s={search_term_string}"},"query-input":{"@type":"PropertyValueSpecification","valueRequired":true,"valueName":"search_term_string"}}],"inLanguage":"pl-PL"},{"@type":"Organization","@id":"https:\/\/multisoftsa.com\/pl\/#organization","name":"MULTISOFT S.A.","url":"https:\/\/multisoftsa.com\/pl\/","logo":{"@type":"ImageObject","inLanguage":"pl-PL","@id":"https:\/\/multisoftsa.com\/pl\/#\/schema\/logo\/image\/","url":"https:\/\/multisoftsa.com\/wp-content\/uploads\/2024\/01\/logo-multisoft.svg","contentUrl":"https:\/\/multisoftsa.com\/wp-content\/uploads\/2024\/01\/logo-multisoft.svg","width":1,"height":1,"caption":"MULTISOFT S.A."},"image":{"@id":"https:\/\/multisoftsa.com\/pl\/#\/schema\/logo\/image\/"},"sameAs":["https:\/\/www.facebook.com\/multisoftgroup\/","https:\/\/www.linkedin.com\/company\/10080493\/admin\/feed\/posts\/?feedType=following"]}]}},"builder_content":"<p>Multisoft jest w stanie dostarczy\u0107 Twojej firmie kompleksowe wsparcie IT, kt\u00f3re b\u0119dzie spe\u0142nia\u0142o wymagania jakie przed nami postawisz. Nasze rozwi\u0105zania b\u0119d\u0105 dostosowane do Twojego bud\u017cetu, obj\u0119te pe\u0142n\u0105 gwarancj\u0105, a dodatkowo b\u0119dziesz m\u00f3g\u0142 liczy\u0107 na nasze wsparcie techniczne dzia\u0142aj\u0105ce przez ca\u0142\u0105 dob\u0119 . Przyk\u0142adowo mo\u017cemy Tobie zaoferowa\u0107 kompletne stanowisko pracy (komputer, monitor, peryferia) wraz z potrzebnym oprogramowaniem wed\u0142ug zatwierdzonej przez Ciebie specyfikacji. Wraz ze sprz\u0119tem otrzymasz r\u00f3wnie\u017c wsparcie techniczne ze strony naszych wysoko wykwalifikowanych in\u017cynier\u00f3w. Dzi\u0119ki temu w razie gdyby kt\u00f3rekolwiek z dostarczonych przez nas urz\u0105dze\u0144 uleg\u0142o awarii mo\u017cesz liczy\u0107 na nasz\u0105 pomoc. Oferujemy zar\u00f3wno pomoc zdaln\u0105 jak i bezpo\u015bredni\u0105.<\/p><p><strong>Multisoft zapewnia r\u00f3wnie\u017c wsparcie istniej\u0105cej infrastruktury IT (w tym tak\u017ce tej niedostarczonej przez nas).<\/strong><\/p><p>W takim przypadku nasi klienci nie musz\u0105 zatrudnia\u0107 dodatkowych in\u017cynier\u00f3w czy informatyk\u00f3w, kt\u00f3rzy opiekowaliby si\u0119 firmowym sprz\u0119tem. Multisoft zapewnia r\u00f3wnie\u017c wsparcie istniej\u0105cej infrastruktury IT (w tym tak\u017ce tej niedostarczonej przez nas). W takim przypadku nasi klienci nie musz\u0105 zatrudnia\u0107 dodatkowych in\u017cynier\u00f3w czy informatyk\u00f3w, kt\u00f3rzy opiekowaliby si\u0119 firmowym sprz\u0119tem.<\/p><p>Wszystkie us\u0142ugi oferowane przez Multisoft s\u0105 zawsze dostosowane do indywidualnych potrzeb naszych klient\u00f3w.<\/p>\n<h3>Nasze Us\u0142ugi<\/h3> <ul id=\"menu-services-1\"><li><a href=\"https:\/\/multisoftsa.com\/services\/atc-systems-air-traffic-control\/\">ATC Systems &#8211; Kontrola Ruchu Lotniczego<\/a><\/li> <li><a href=\"https:\/\/multisoftsa.com\/services\/outsourcing\/\">Outsourcing<\/a><\/li> <li><a href=\"https:\/\/multisoftsa.com\/services\/network-infrastructures\/\">Infrastruktury sieciowe<\/a><\/li> <\/ul>","_links":{"self":[{"href":"https:\/\/multisoftsa.com\/pl\/wp-json\/wp\/v2\/pages\/573","targetHints":{"allow":["GET"]}}],"collection":[{"href":"https:\/\/multisoftsa.com\/pl\/wp-json\/wp\/v2\/pages"}],"about":[{"href":"https:\/\/multisoftsa.com\/pl\/wp-json\/wp\/v2\/types\/page"}],"author":[{"embeddable":true,"href":"https:\/\/multisoftsa.com\/pl\/wp-json\/wp\/v2\/users\/3"}],"replies":[{"embeddable":true,"href":"https:\/\/multisoftsa.com\/pl\/wp-json\/wp\/v2\/comments?post=573"}],"version-history":[{"count":7,"href":"https:\/\/multisoftsa.com\/pl\/wp-json\/wp\/v2\/pages\/573\/revisions"}],"predecessor-version":[{"id":604,"href":"https:\/\/multisoftsa.com\/pl\/wp-json\/wp\/v2\/pages\/573\/revisions\/604"}],"wp:attachment":[{"href":"https:\/\/multisoftsa.com\/pl\/wp-json\/wp\/v2\/media?parent=573"}],"curies":[{"name":"wp","href":"https:\/\/api.w.org\/{rel}","templated":true}]}}