{"id":569,"date":"2024-01-05T09:50:06","date_gmt":"2024-01-05T08:50:06","guid":{"rendered":"https:\/\/multisoftsa.com\/outsourcing\/"},"modified":"2024-02-12T12:37:12","modified_gmt":"2024-02-12T11:37:12","slug":"outsourcing","status":"publish","type":"page","link":"https:\/\/multisoftsa.com\/pl\/uslugi\/outsourcing\/","title":{"rendered":"Outsourcing"},"content":{"rendered":"<!--themify_builder_content-->\n<div id=\"themify_builder_content-569\" data-postid=\"569\" class=\"themify_builder_content themify_builder_content-569 themify_builder tf_clear\">\n                    <div  data-lazy=\"1\" class=\"module_row themify_builder_row tb_vd8t790 tb_first tf_w\">\n                        <div class=\"row_inner col_align_top tb_col_count_1 tf_box tf_rel\">\n                        <div  data-lazy=\"1\" class=\"module_column tb-column col-full tb_r6ds790 first\">\n                    <!-- module text -->\n<div  class=\"module module-text tb_q6uu515   \" data-lazy=\"1\">\n        <div  class=\"tb_text_wrap\">\n        <p>Prowadzenie firmy w XXI wieku niesie ze sob\u0105 nowe, nieznane wcze\u015bniej wyzwania. Wykorzystanie nowych technologii sta\u0142o si\u0119 konieczno\u015bci\u0105, a zaopatrzenie firmy w wydajny i niezawodny sprz\u0119t komputerowy cz\u0119sto decyduje o jej przetrwaniu. Dlatego wychodz\u0105c naprzeciw oczekiwaniom naszych klient\u00f3w oferujemy kompleksow\u0105 opiek\u0119 nad firmow\u0105 infrastruktur\u0105 IT.  <\/p><p>Pierwszym krokiem na tej drodze b\u0119dzie wsp\u00f3lne okre\u015blenie Twoich potrzeb i wymaga\u0144 oraz wypracowanie strategii jak je efektywnie spe\u0142ni\u0107.<\/p><p>Przeprowadzimy analiz\u0119 specyfiki Twojej bran\u017cy i na podstawie posiadanej ju\u017c infrastruktury IT zaproponujemy kierunki jej rozwoju.<\/p><p>Multisoft zapewnia szerok\u0105 gam\u0119 pakiet\u00f3w serwisowych, jak r\u00f3wnie\u017c rozw\u00f3j oprogramowania. Nasz zesp\u00f3\u0142 ekspert\u00f3w ma \u015bwiatowe do\u015bwiadczenie w rozwi\u0105zaniu bie\u017c\u0105cych oraz potencjalnych problem\u00f3w, jakie mog\u0105 si\u0119 pojawi\u0107 na polu IT.<\/p><p>Ta us\u0142uga mo\u017ce by\u0107 wykonana zdalnie lub na miejscu, w zale\u017cno\u015bci od woli klienta.<\/p><p><strong>Przedstaw nam sw\u00f3j problem a my znajdziemy spos\u00f3b by go rozwi\u0105za\u0107<\/strong><\/p>    <\/div>\n<\/div>\n<!-- \/module text -->        <\/div>\n                        <\/div>\n        <\/div>\n        <\/div>\n<!--\/themify_builder_content-->","protected":false},"excerpt":{"rendered":"<p>Prowadzenie firmy w XXI wieku niesie ze sob\u0105 nowe, nieznane wcze\u015bniej wyzwania. Wykorzystanie nowych technologii sta\u0142o si\u0119 konieczno\u015bci\u0105, a zaopatrzenie firmy w wydajny i niezawodny sprz\u0119t komputerowy cz\u0119sto decyduje o jej przetrwaniu. Dlatego wychodz\u0105c naprzeciw oczekiwaniom naszych klient\u00f3w oferujemy kompleksow\u0105 opiek\u0119 nad firmow\u0105 infrastruktur\u0105 IT. Pierwszym krokiem na tej drodze b\u0119dzie wsp\u00f3lne okre\u015blenie Twoich potrzeb [&hellip;]<\/p>\n","protected":false},"author":3,"featured_media":0,"parent":573,"menu_order":0,"comment_status":"closed","ping_status":"closed","template":"","meta":{"footnotes":""},"class_list":["post-569","page","type-page","status-publish","hentry","has-post-title","has-post-date","has-post-category","has-post-tag","has-post-comment","has-post-author",""],"yoast_head":"<!-- This site is optimized with the Yoast SEO plugin v25.3.1 - https:\/\/yoast.com\/wordpress\/plugins\/seo\/ -->\n<title>Outsourcing - MULTISOFT S.A.<\/title>\n<meta name=\"robots\" content=\"index, follow, max-snippet:-1, max-image-preview:large, max-video-preview:-1\" \/>\n<link rel=\"canonical\" href=\"https:\/\/multisoftsa.com\/pl\/uslugi\/outsourcing\/\" \/>\n<meta property=\"og:locale\" content=\"pl_PL\" \/>\n<meta property=\"og:type\" content=\"article\" \/>\n<meta property=\"og:title\" content=\"Outsourcing - MULTISOFT S.A.\" \/>\n<meta property=\"og:description\" content=\"Prowadzenie firmy w XXI wieku niesie ze sob\u0105 nowe, nieznane wcze\u015bniej wyzwania. Wykorzystanie nowych technologii sta\u0142o si\u0119 konieczno\u015bci\u0105, a zaopatrzenie firmy w wydajny i niezawodny sprz\u0119t komputerowy cz\u0119sto decyduje o jej przetrwaniu. Dlatego wychodz\u0105c naprzeciw oczekiwaniom naszych klient\u00f3w oferujemy kompleksow\u0105 opiek\u0119 nad firmow\u0105 infrastruktur\u0105 IT. Pierwszym krokiem na tej drodze b\u0119dzie wsp\u00f3lne okre\u015blenie Twoich potrzeb [&hellip;]\" \/>\n<meta property=\"og:url\" content=\"https:\/\/multisoftsa.com\/pl\/uslugi\/outsourcing\/\" \/>\n<meta property=\"og:site_name\" content=\"MULTISOFT S.A.\" \/>\n<meta property=\"article:publisher\" content=\"https:\/\/www.facebook.com\/multisoftgroup\/\" \/>\n<meta property=\"article:modified_time\" content=\"2024-02-12T11:37:12+00:00\" \/>\n<meta name=\"twitter:card\" content=\"summary_large_image\" \/>\n<meta name=\"twitter:label1\" content=\"Szacowany czas czytania\" \/>\n\t<meta name=\"twitter:data1\" content=\"1 minuta\" \/>\n<script type=\"application\/ld+json\" class=\"yoast-schema-graph\">{\"@context\":\"https:\/\/schema.org\",\"@graph\":[{\"@type\":\"WebPage\",\"@id\":\"https:\/\/multisoftsa.com\/pl\/uslugi\/outsourcing\/\",\"url\":\"https:\/\/multisoftsa.com\/pl\/uslugi\/outsourcing\/\",\"name\":\"Outsourcing - MULTISOFT S.A.\",\"isPartOf\":{\"@id\":\"https:\/\/multisoftsa.com\/pl\/#website\"},\"datePublished\":\"2024-01-05T08:50:06+00:00\",\"dateModified\":\"2024-02-12T11:37:12+00:00\",\"breadcrumb\":{\"@id\":\"https:\/\/multisoftsa.com\/pl\/uslugi\/outsourcing\/#breadcrumb\"},\"inLanguage\":\"pl-PL\",\"potentialAction\":[{\"@type\":\"ReadAction\",\"target\":[\"https:\/\/multisoftsa.com\/pl\/uslugi\/outsourcing\/\"]}]},{\"@type\":\"BreadcrumbList\",\"@id\":\"https:\/\/multisoftsa.com\/pl\/uslugi\/outsourcing\/#breadcrumb\",\"itemListElement\":[{\"@type\":\"ListItem\",\"position\":1,\"name\":\"Strona g\u0142\u00f3wna\",\"item\":\"https:\/\/multisoftsa.com\/pl\/\"},{\"@type\":\"ListItem\",\"position\":2,\"name\":\"Us\u0142ugi\",\"item\":\"https:\/\/multisoftsa.com\/pl\/uslugi\/\"},{\"@type\":\"ListItem\",\"position\":3,\"name\":\"Outsourcing\"}]},{\"@type\":\"WebSite\",\"@id\":\"https:\/\/multisoftsa.com\/pl\/#website\",\"url\":\"https:\/\/multisoftsa.com\/pl\/\",\"name\":\"MULTISOFT S.A.\",\"description\":\"\",\"publisher\":{\"@id\":\"https:\/\/multisoftsa.com\/pl\/#organization\"},\"potentialAction\":[{\"@type\":\"SearchAction\",\"target\":{\"@type\":\"EntryPoint\",\"urlTemplate\":\"https:\/\/multisoftsa.com\/pl\/?s={search_term_string}\"},\"query-input\":{\"@type\":\"PropertyValueSpecification\",\"valueRequired\":true,\"valueName\":\"search_term_string\"}}],\"inLanguage\":\"pl-PL\"},{\"@type\":\"Organization\",\"@id\":\"https:\/\/multisoftsa.com\/pl\/#organization\",\"name\":\"MULTISOFT S.A.\",\"url\":\"https:\/\/multisoftsa.com\/pl\/\",\"logo\":{\"@type\":\"ImageObject\",\"inLanguage\":\"pl-PL\",\"@id\":\"https:\/\/multisoftsa.com\/pl\/#\/schema\/logo\/image\/\",\"url\":\"https:\/\/multisoftsa.com\/wp-content\/uploads\/2024\/01\/logo-multisoft.svg\",\"contentUrl\":\"https:\/\/multisoftsa.com\/wp-content\/uploads\/2024\/01\/logo-multisoft.svg\",\"width\":1,\"height\":1,\"caption\":\"MULTISOFT S.A.\"},\"image\":{\"@id\":\"https:\/\/multisoftsa.com\/pl\/#\/schema\/logo\/image\/\"},\"sameAs\":[\"https:\/\/www.facebook.com\/multisoftgroup\/\",\"https:\/\/www.linkedin.com\/company\/10080493\/admin\/feed\/posts\/?feedType=following\"]}]}<\/script>\n<!-- \/ Yoast SEO plugin. -->","yoast_head_json":{"title":"Outsourcing - MULTISOFT S.A.","robots":{"index":"index","follow":"follow","max-snippet":"max-snippet:-1","max-image-preview":"max-image-preview:large","max-video-preview":"max-video-preview:-1"},"canonical":"https:\/\/multisoftsa.com\/pl\/uslugi\/outsourcing\/","og_locale":"pl_PL","og_type":"article","og_title":"Outsourcing - MULTISOFT S.A.","og_description":"Prowadzenie firmy w XXI wieku niesie ze sob\u0105 nowe, nieznane wcze\u015bniej wyzwania. Wykorzystanie nowych technologii sta\u0142o si\u0119 konieczno\u015bci\u0105, a zaopatrzenie firmy w wydajny i niezawodny sprz\u0119t komputerowy cz\u0119sto decyduje o jej przetrwaniu. Dlatego wychodz\u0105c naprzeciw oczekiwaniom naszych klient\u00f3w oferujemy kompleksow\u0105 opiek\u0119 nad firmow\u0105 infrastruktur\u0105 IT. Pierwszym krokiem na tej drodze b\u0119dzie wsp\u00f3lne okre\u015blenie Twoich potrzeb [&hellip;]","og_url":"https:\/\/multisoftsa.com\/pl\/uslugi\/outsourcing\/","og_site_name":"MULTISOFT S.A.","article_publisher":"https:\/\/www.facebook.com\/multisoftgroup\/","article_modified_time":"2024-02-12T11:37:12+00:00","twitter_card":"summary_large_image","twitter_misc":{"Szacowany czas czytania":"1 minuta"},"schema":{"@context":"https:\/\/schema.org","@graph":[{"@type":"WebPage","@id":"https:\/\/multisoftsa.com\/pl\/uslugi\/outsourcing\/","url":"https:\/\/multisoftsa.com\/pl\/uslugi\/outsourcing\/","name":"Outsourcing - MULTISOFT S.A.","isPartOf":{"@id":"https:\/\/multisoftsa.com\/pl\/#website"},"datePublished":"2024-01-05T08:50:06+00:00","dateModified":"2024-02-12T11:37:12+00:00","breadcrumb":{"@id":"https:\/\/multisoftsa.com\/pl\/uslugi\/outsourcing\/#breadcrumb"},"inLanguage":"pl-PL","potentialAction":[{"@type":"ReadAction","target":["https:\/\/multisoftsa.com\/pl\/uslugi\/outsourcing\/"]}]},{"@type":"BreadcrumbList","@id":"https:\/\/multisoftsa.com\/pl\/uslugi\/outsourcing\/#breadcrumb","itemListElement":[{"@type":"ListItem","position":1,"name":"Strona g\u0142\u00f3wna","item":"https:\/\/multisoftsa.com\/pl\/"},{"@type":"ListItem","position":2,"name":"Us\u0142ugi","item":"https:\/\/multisoftsa.com\/pl\/uslugi\/"},{"@type":"ListItem","position":3,"name":"Outsourcing"}]},{"@type":"WebSite","@id":"https:\/\/multisoftsa.com\/pl\/#website","url":"https:\/\/multisoftsa.com\/pl\/","name":"MULTISOFT S.A.","description":"","publisher":{"@id":"https:\/\/multisoftsa.com\/pl\/#organization"},"potentialAction":[{"@type":"SearchAction","target":{"@type":"EntryPoint","urlTemplate":"https:\/\/multisoftsa.com\/pl\/?s={search_term_string}"},"query-input":{"@type":"PropertyValueSpecification","valueRequired":true,"valueName":"search_term_string"}}],"inLanguage":"pl-PL"},{"@type":"Organization","@id":"https:\/\/multisoftsa.com\/pl\/#organization","name":"MULTISOFT S.A.","url":"https:\/\/multisoftsa.com\/pl\/","logo":{"@type":"ImageObject","inLanguage":"pl-PL","@id":"https:\/\/multisoftsa.com\/pl\/#\/schema\/logo\/image\/","url":"https:\/\/multisoftsa.com\/wp-content\/uploads\/2024\/01\/logo-multisoft.svg","contentUrl":"https:\/\/multisoftsa.com\/wp-content\/uploads\/2024\/01\/logo-multisoft.svg","width":1,"height":1,"caption":"MULTISOFT S.A."},"image":{"@id":"https:\/\/multisoftsa.com\/pl\/#\/schema\/logo\/image\/"},"sameAs":["https:\/\/www.facebook.com\/multisoftgroup\/","https:\/\/www.linkedin.com\/company\/10080493\/admin\/feed\/posts\/?feedType=following"]}]}},"builder_content":"<p>Prowadzenie firmy w XXI wieku niesie ze sob\u0105 nowe, nieznane wcze\u015bniej wyzwania. Wykorzystanie nowych technologii sta\u0142o si\u0119 konieczno\u015bci\u0105, a zaopatrzenie firmy w wydajny i niezawodny sprz\u0119t komputerowy cz\u0119sto decyduje o jej przetrwaniu. Dlatego wychodz\u0105c naprzeciw oczekiwaniom naszych klient\u00f3w oferujemy kompleksow\u0105 opiek\u0119 nad firmow\u0105 infrastruktur\u0105 IT. <\/p><p>Pierwszym krokiem na tej drodze b\u0119dzie wsp\u00f3lne okre\u015blenie Twoich potrzeb i wymaga\u0144 oraz wypracowanie strategii jak je efektywnie spe\u0142ni\u0107.<\/p><p>Przeprowadzimy analiz\u0119 specyfiki Twojej bran\u017cy i na podstawie posiadanej ju\u017c infrastruktury IT zaproponujemy kierunki jej rozwoju.<\/p><p>Multisoft zapewnia szerok\u0105 gam\u0119 pakiet\u00f3w serwisowych, jak r\u00f3wnie\u017c rozw\u00f3j oprogramowania. Nasz zesp\u00f3\u0142 ekspert\u00f3w ma \u015bwiatowe do\u015bwiadczenie w rozwi\u0105zaniu bie\u017c\u0105cych oraz potencjalnych problem\u00f3w, jakie mog\u0105 si\u0119 pojawi\u0107 na polu IT.<\/p><p>Ta us\u0142uga mo\u017ce by\u0107 wykonana zdalnie lub na miejscu, w zale\u017cno\u015bci od woli klienta.<\/p><p><strong>Przedstaw nam sw\u00f3j problem a my znajdziemy spos\u00f3b by go rozwi\u0105za\u0107<\/strong><\/p>","_links":{"self":[{"href":"https:\/\/multisoftsa.com\/pl\/wp-json\/wp\/v2\/pages\/569","targetHints":{"allow":["GET"]}}],"collection":[{"href":"https:\/\/multisoftsa.com\/pl\/wp-json\/wp\/v2\/pages"}],"about":[{"href":"https:\/\/multisoftsa.com\/pl\/wp-json\/wp\/v2\/types\/page"}],"author":[{"embeddable":true,"href":"https:\/\/multisoftsa.com\/pl\/wp-json\/wp\/v2\/users\/3"}],"replies":[{"embeddable":true,"href":"https:\/\/multisoftsa.com\/pl\/wp-json\/wp\/v2\/comments?post=569"}],"version-history":[{"count":3,"href":"https:\/\/multisoftsa.com\/pl\/wp-json\/wp\/v2\/pages\/569\/revisions"}],"predecessor-version":[{"id":572,"href":"https:\/\/multisoftsa.com\/pl\/wp-json\/wp\/v2\/pages\/569\/revisions\/572"}],"up":[{"embeddable":true,"href":"https:\/\/multisoftsa.com\/pl\/wp-json\/wp\/v2\/pages\/573"}],"wp:attachment":[{"href":"https:\/\/multisoftsa.com\/pl\/wp-json\/wp\/v2\/media?parent=569"}],"curies":[{"name":"wp","href":"https:\/\/api.w.org\/{rel}","templated":true}]}}