{"id":562,"date":"2024-01-05T09:49:32","date_gmt":"2024-01-05T08:49:32","guid":{"rendered":"https:\/\/multisoftsa.com\/infrastruktury-sieciowe\/"},"modified":"2024-02-12T12:37:12","modified_gmt":"2024-02-12T11:37:12","slug":"infrastruktury-sieciowe","status":"publish","type":"page","link":"https:\/\/multisoftsa.com\/pl\/uslugi\/infrastruktury-sieciowe\/","title":{"rendered":"Infrastruktury sieciowe"},"content":{"rendered":"<!--themify_builder_content-->\n<div id=\"themify_builder_content-562\" data-postid=\"562\" class=\"themify_builder_content themify_builder_content-562 themify_builder tf_clear\">\n                    <div  data-lazy=\"1\" class=\"module_row themify_builder_row tb_en5l545 tb_first tf_w\">\n                        <div class=\"row_inner col_align_top tb_col_count_1 tf_box tf_rel\">\n                        <div  data-lazy=\"1\" class=\"module_column tb-column col-full tb_x78x546 first\">\n                    <!-- module text -->\n<div  class=\"module module-text tb_pcxg517   \" data-lazy=\"1\">\n        <div  class=\"tb_text_wrap\">\n        <p>Szybka, niezawodna, a przede wszystkim bezpieczna sie\u0107 komputerowa to swego rodzaju krwioobieg firmy. Wbrew powszechnemu przekonaniu o jako\u015bci i wydajno\u015bci takiej sieci nie decyduje wy\u0142\u0105cznie jako\u015b\u0107 po\u0142o\u017conego okablowania.<\/p><p>Twoja sie\u0107 jest absolutnie kluczowa dla codziennej dzia\u0142alno\u015bci Twojej firmy, dlatego potrzebujesz wsparcia, na kt\u00f3rym mo\u017cesz polega\u0107.<\/p><p>Ka\u017cda z naszych infrastruktur sieciowych jest u\u0142o\u017cona i przetestowana przez naszych wykwalifikowanych in\u017cynier\u00f3w. Jeste\u015bmy w stanie zaprojektowa\u0107 i zainstalowa\u0107 unikalny system okablowania, kt\u00f3ry b\u0119dzie idealnie odpowiada\u0142 potrzebom twojej firmy.<\/p><p>Mo\u017cemy dostarczy\u0107 rozwi\u0105zanie sieciowe dla firm r\u00f3\u017cnej wielko\u015bci, wi\u0119c czy jeste\u015b korporacj\u0105 czy ma\u0142\u0105 firm\u0105 po prostu skontaktuj si\u0119 z nami. Od projektu do wdro\u017cenia, jeste\u015bmy twoim partnerem i jeste\u015bmy zawsze gotowi do rozm\u00f3w na twoje potrzeby biznesowe.<\/p><p>Czy planujesz now\u0105 sie\u0107 informatyczn\u0105 lub wymian\u0119 starzej\u0105cej si\u0119 sieci lub chcesz rozbudowa\u0107 sie\u0107 o dodatkowe infrastruktury, mo\u017cesz na nas polega\u0107. Zapewnimy projekt oraz realizacj\u0119 zgodnie z naszym do\u015bwiadczeniem oraz umiej\u0119tno\u015bciami, aby doprowadzi\u0107 do pomy\u015blnego wdro\u017cenia projektu.<\/p><p>Multisoft jest niezawodnym \u017ar\u00f3d\u0142em do\u015bwiadczonego i skutecznego kierowania produktami, na kt\u00f3rym nasi partnerzy z ca\u0142ego \u015bwiata polegaj\u0105 od 2001 roku.<\/p><p>Nasza oferta obejmuje nast\u0119puj\u0105ce us\u0142ugi:<\/p><ul><li>Przeprowadzanie ponownej terminacji istniej\u0105cych paneli patchowych danych kategorii 5, 5e, 6, 7.<\/li><li>Nowe instalacje lub modyfikacja ju\u017c istniej\u0105cych.<\/li><li>Monta\u017c i instalacja szaf serwerowych.<\/li><li>Instalacja nowych switchy, patchpaneli wraz z pe\u0142n\u0105 konfiguracj\u0105.<\/li><li>Instalacja okablowania Cat 5, 5e, 6, 7 (okablowania strukturalne oraz okablowanie szaf serwerowych).<\/li><li>Us\u0142ugi przenoszenia sprzetu biurowego w przypadku mebli modu\u0142owych i struktur na sprz\u0119t biurowy<\/li><li>Instalacje koncentrator\u00f3w sieciowych i prze\u0142\u0105cznik\u00f3w<\/li><li>Konfiguracja i instalacja sieci bezprzewodowych.<\/li><li>Kompletny system szafy rackowej, obejmuj\u0105cy stojaki drabinkowe, zarz\u0105dzanie przewodami, p\u00f3\u0142ki serwerowe, kategorie 5, 5e, 6, 7, instalacj\u0119 gniazd danych RJ45, monta\u017c powierzchniowy i osadzane w \u015bcianie p\u0142ytki.<\/li><\/ul>    <\/div>\n<\/div>\n<!-- \/module text -->        <\/div>\n                        <\/div>\n        <\/div>\n        <\/div>\n<!--\/themify_builder_content-->","protected":false},"excerpt":{"rendered":"<p>Szybka, niezawodna, a przede wszystkim bezpieczna sie\u0107 komputerowa to swego rodzaju krwioobieg firmy. Wbrew powszechnemu przekonaniu o jako\u015bci i wydajno\u015bci takiej sieci nie decyduje wy\u0142\u0105cznie jako\u015b\u0107 po\u0142o\u017conego okablowania.Twoja sie\u0107 jest absolutnie kluczowa dla codziennej dzia\u0142alno\u015bci Twojej firmy, dlatego potrzebujesz wsparcia, na kt\u00f3rym mo\u017cesz polega\u0107.Ka\u017cda z naszych infrastruktur sieciowych jest u\u0142o\u017cona i przetestowana przez naszych wykwalifikowanych [&hellip;]<\/p>\n","protected":false},"author":3,"featured_media":0,"parent":573,"menu_order":0,"comment_status":"closed","ping_status":"closed","template":"","meta":{"footnotes":""},"class_list":["post-562","page","type-page","status-publish","hentry","has-post-title","has-post-date","has-post-category","has-post-tag","has-post-comment","has-post-author",""],"yoast_head":"<!-- This site is optimized with the Yoast SEO plugin v25.3.1 - https:\/\/yoast.com\/wordpress\/plugins\/seo\/ -->\n<title>Infrastruktury sieciowe - MULTISOFT S.A.<\/title>\n<meta name=\"robots\" content=\"index, follow, max-snippet:-1, max-image-preview:large, max-video-preview:-1\" \/>\n<link rel=\"canonical\" href=\"https:\/\/multisoftsa.com\/pl\/uslugi\/infrastruktury-sieciowe\/\" \/>\n<meta property=\"og:locale\" content=\"pl_PL\" \/>\n<meta property=\"og:type\" content=\"article\" \/>\n<meta property=\"og:title\" content=\"Infrastruktury sieciowe - MULTISOFT S.A.\" \/>\n<meta property=\"og:description\" content=\"Szybka, niezawodna, a przede wszystkim bezpieczna sie\u0107 komputerowa to swego rodzaju krwioobieg firmy. Wbrew powszechnemu przekonaniu o jako\u015bci i wydajno\u015bci takiej sieci nie decyduje wy\u0142\u0105cznie jako\u015b\u0107 po\u0142o\u017conego okablowania.Twoja sie\u0107 jest absolutnie kluczowa dla codziennej dzia\u0142alno\u015bci Twojej firmy, dlatego potrzebujesz wsparcia, na kt\u00f3rym mo\u017cesz polega\u0107.Ka\u017cda z naszych infrastruktur sieciowych jest u\u0142o\u017cona i przetestowana przez naszych wykwalifikowanych [&hellip;]\" \/>\n<meta property=\"og:url\" content=\"https:\/\/multisoftsa.com\/pl\/uslugi\/infrastruktury-sieciowe\/\" \/>\n<meta property=\"og:site_name\" content=\"MULTISOFT S.A.\" \/>\n<meta property=\"article:publisher\" content=\"https:\/\/www.facebook.com\/multisoftgroup\/\" \/>\n<meta property=\"article:modified_time\" content=\"2024-02-12T11:37:12+00:00\" \/>\n<meta name=\"twitter:card\" content=\"summary_large_image\" \/>\n<meta name=\"twitter:label1\" content=\"Szacowany czas czytania\" \/>\n\t<meta name=\"twitter:data1\" content=\"2 minuty\" \/>\n<script type=\"application\/ld+json\" class=\"yoast-schema-graph\">{\"@context\":\"https:\/\/schema.org\",\"@graph\":[{\"@type\":\"WebPage\",\"@id\":\"https:\/\/multisoftsa.com\/pl\/uslugi\/infrastruktury-sieciowe\/\",\"url\":\"https:\/\/multisoftsa.com\/pl\/uslugi\/infrastruktury-sieciowe\/\",\"name\":\"Infrastruktury sieciowe - MULTISOFT S.A.\",\"isPartOf\":{\"@id\":\"https:\/\/multisoftsa.com\/pl\/#website\"},\"datePublished\":\"2024-01-05T08:49:32+00:00\",\"dateModified\":\"2024-02-12T11:37:12+00:00\",\"breadcrumb\":{\"@id\":\"https:\/\/multisoftsa.com\/pl\/uslugi\/infrastruktury-sieciowe\/#breadcrumb\"},\"inLanguage\":\"pl-PL\",\"potentialAction\":[{\"@type\":\"ReadAction\",\"target\":[\"https:\/\/multisoftsa.com\/pl\/uslugi\/infrastruktury-sieciowe\/\"]}]},{\"@type\":\"BreadcrumbList\",\"@id\":\"https:\/\/multisoftsa.com\/pl\/uslugi\/infrastruktury-sieciowe\/#breadcrumb\",\"itemListElement\":[{\"@type\":\"ListItem\",\"position\":1,\"name\":\"Strona g\u0142\u00f3wna\",\"item\":\"https:\/\/multisoftsa.com\/pl\/\"},{\"@type\":\"ListItem\",\"position\":2,\"name\":\"Us\u0142ugi\",\"item\":\"https:\/\/multisoftsa.com\/pl\/uslugi\/\"},{\"@type\":\"ListItem\",\"position\":3,\"name\":\"Infrastruktury sieciowe\"}]},{\"@type\":\"WebSite\",\"@id\":\"https:\/\/multisoftsa.com\/pl\/#website\",\"url\":\"https:\/\/multisoftsa.com\/pl\/\",\"name\":\"MULTISOFT S.A.\",\"description\":\"\",\"publisher\":{\"@id\":\"https:\/\/multisoftsa.com\/pl\/#organization\"},\"potentialAction\":[{\"@type\":\"SearchAction\",\"target\":{\"@type\":\"EntryPoint\",\"urlTemplate\":\"https:\/\/multisoftsa.com\/pl\/?s={search_term_string}\"},\"query-input\":{\"@type\":\"PropertyValueSpecification\",\"valueRequired\":true,\"valueName\":\"search_term_string\"}}],\"inLanguage\":\"pl-PL\"},{\"@type\":\"Organization\",\"@id\":\"https:\/\/multisoftsa.com\/pl\/#organization\",\"name\":\"MULTISOFT S.A.\",\"url\":\"https:\/\/multisoftsa.com\/pl\/\",\"logo\":{\"@type\":\"ImageObject\",\"inLanguage\":\"pl-PL\",\"@id\":\"https:\/\/multisoftsa.com\/pl\/#\/schema\/logo\/image\/\",\"url\":\"https:\/\/multisoftsa.com\/wp-content\/uploads\/2024\/01\/logo-multisoft.svg\",\"contentUrl\":\"https:\/\/multisoftsa.com\/wp-content\/uploads\/2024\/01\/logo-multisoft.svg\",\"width\":1,\"height\":1,\"caption\":\"MULTISOFT S.A.\"},\"image\":{\"@id\":\"https:\/\/multisoftsa.com\/pl\/#\/schema\/logo\/image\/\"},\"sameAs\":[\"https:\/\/www.facebook.com\/multisoftgroup\/\",\"https:\/\/www.linkedin.com\/company\/10080493\/admin\/feed\/posts\/?feedType=following\"]}]}<\/script>\n<!-- \/ Yoast SEO plugin. -->","yoast_head_json":{"title":"Infrastruktury sieciowe - MULTISOFT S.A.","robots":{"index":"index","follow":"follow","max-snippet":"max-snippet:-1","max-image-preview":"max-image-preview:large","max-video-preview":"max-video-preview:-1"},"canonical":"https:\/\/multisoftsa.com\/pl\/uslugi\/infrastruktury-sieciowe\/","og_locale":"pl_PL","og_type":"article","og_title":"Infrastruktury sieciowe - MULTISOFT S.A.","og_description":"Szybka, niezawodna, a przede wszystkim bezpieczna sie\u0107 komputerowa to swego rodzaju krwioobieg firmy. Wbrew powszechnemu przekonaniu o jako\u015bci i wydajno\u015bci takiej sieci nie decyduje wy\u0142\u0105cznie jako\u015b\u0107 po\u0142o\u017conego okablowania.Twoja sie\u0107 jest absolutnie kluczowa dla codziennej dzia\u0142alno\u015bci Twojej firmy, dlatego potrzebujesz wsparcia, na kt\u00f3rym mo\u017cesz polega\u0107.Ka\u017cda z naszych infrastruktur sieciowych jest u\u0142o\u017cona i przetestowana przez naszych wykwalifikowanych [&hellip;]","og_url":"https:\/\/multisoftsa.com\/pl\/uslugi\/infrastruktury-sieciowe\/","og_site_name":"MULTISOFT S.A.","article_publisher":"https:\/\/www.facebook.com\/multisoftgroup\/","article_modified_time":"2024-02-12T11:37:12+00:00","twitter_card":"summary_large_image","twitter_misc":{"Szacowany czas czytania":"2 minuty"},"schema":{"@context":"https:\/\/schema.org","@graph":[{"@type":"WebPage","@id":"https:\/\/multisoftsa.com\/pl\/uslugi\/infrastruktury-sieciowe\/","url":"https:\/\/multisoftsa.com\/pl\/uslugi\/infrastruktury-sieciowe\/","name":"Infrastruktury sieciowe - MULTISOFT S.A.","isPartOf":{"@id":"https:\/\/multisoftsa.com\/pl\/#website"},"datePublished":"2024-01-05T08:49:32+00:00","dateModified":"2024-02-12T11:37:12+00:00","breadcrumb":{"@id":"https:\/\/multisoftsa.com\/pl\/uslugi\/infrastruktury-sieciowe\/#breadcrumb"},"inLanguage":"pl-PL","potentialAction":[{"@type":"ReadAction","target":["https:\/\/multisoftsa.com\/pl\/uslugi\/infrastruktury-sieciowe\/"]}]},{"@type":"BreadcrumbList","@id":"https:\/\/multisoftsa.com\/pl\/uslugi\/infrastruktury-sieciowe\/#breadcrumb","itemListElement":[{"@type":"ListItem","position":1,"name":"Strona g\u0142\u00f3wna","item":"https:\/\/multisoftsa.com\/pl\/"},{"@type":"ListItem","position":2,"name":"Us\u0142ugi","item":"https:\/\/multisoftsa.com\/pl\/uslugi\/"},{"@type":"ListItem","position":3,"name":"Infrastruktury sieciowe"}]},{"@type":"WebSite","@id":"https:\/\/multisoftsa.com\/pl\/#website","url":"https:\/\/multisoftsa.com\/pl\/","name":"MULTISOFT S.A.","description":"","publisher":{"@id":"https:\/\/multisoftsa.com\/pl\/#organization"},"potentialAction":[{"@type":"SearchAction","target":{"@type":"EntryPoint","urlTemplate":"https:\/\/multisoftsa.com\/pl\/?s={search_term_string}"},"query-input":{"@type":"PropertyValueSpecification","valueRequired":true,"valueName":"search_term_string"}}],"inLanguage":"pl-PL"},{"@type":"Organization","@id":"https:\/\/multisoftsa.com\/pl\/#organization","name":"MULTISOFT S.A.","url":"https:\/\/multisoftsa.com\/pl\/","logo":{"@type":"ImageObject","inLanguage":"pl-PL","@id":"https:\/\/multisoftsa.com\/pl\/#\/schema\/logo\/image\/","url":"https:\/\/multisoftsa.com\/wp-content\/uploads\/2024\/01\/logo-multisoft.svg","contentUrl":"https:\/\/multisoftsa.com\/wp-content\/uploads\/2024\/01\/logo-multisoft.svg","width":1,"height":1,"caption":"MULTISOFT S.A."},"image":{"@id":"https:\/\/multisoftsa.com\/pl\/#\/schema\/logo\/image\/"},"sameAs":["https:\/\/www.facebook.com\/multisoftgroup\/","https:\/\/www.linkedin.com\/company\/10080493\/admin\/feed\/posts\/?feedType=following"]}]}},"builder_content":"<p>Szybka, niezawodna, a przede wszystkim bezpieczna sie\u0107 komputerowa to swego rodzaju krwioobieg firmy. Wbrew powszechnemu przekonaniu o jako\u015bci i wydajno\u015bci takiej sieci nie decyduje wy\u0142\u0105cznie jako\u015b\u0107 po\u0142o\u017conego okablowania.<\/p><p>Twoja sie\u0107 jest absolutnie kluczowa dla codziennej dzia\u0142alno\u015bci Twojej firmy, dlatego potrzebujesz wsparcia, na kt\u00f3rym mo\u017cesz polega\u0107.<\/p><p>Ka\u017cda z naszych infrastruktur sieciowych jest u\u0142o\u017cona i przetestowana przez naszych wykwalifikowanych in\u017cynier\u00f3w. Jeste\u015bmy w stanie zaprojektowa\u0107 i zainstalowa\u0107 unikalny system okablowania, kt\u00f3ry b\u0119dzie idealnie odpowiada\u0142 potrzebom twojej firmy.<\/p><p>Mo\u017cemy dostarczy\u0107 rozwi\u0105zanie sieciowe dla firm r\u00f3\u017cnej wielko\u015bci, wi\u0119c czy jeste\u015b korporacj\u0105 czy ma\u0142\u0105 firm\u0105 po prostu skontaktuj si\u0119 z nami. Od projektu do wdro\u017cenia, jeste\u015bmy twoim partnerem i jeste\u015bmy zawsze gotowi do rozm\u00f3w na twoje potrzeby biznesowe.<\/p><p>Czy planujesz now\u0105 sie\u0107 informatyczn\u0105 lub wymian\u0119 starzej\u0105cej si\u0119 sieci lub chcesz rozbudowa\u0107 sie\u0107 o dodatkowe infrastruktury, mo\u017cesz na nas polega\u0107. Zapewnimy projekt oraz realizacj\u0119 zgodnie z naszym do\u015bwiadczeniem oraz umiej\u0119tno\u015bciami, aby doprowadzi\u0107 do pomy\u015blnego wdro\u017cenia projektu.<\/p><p>Multisoft jest niezawodnym \u017ar\u00f3d\u0142em do\u015bwiadczonego i skutecznego kierowania produktami, na kt\u00f3rym nasi partnerzy z ca\u0142ego \u015bwiata polegaj\u0105 od 2001 roku.<\/p><p>Nasza oferta obejmuje nast\u0119puj\u0105ce us\u0142ugi:<\/p><ul><li>Przeprowadzanie ponownej terminacji istniej\u0105cych paneli patchowych danych kategorii 5, 5e, 6, 7.<\/li><li>Nowe instalacje lub modyfikacja ju\u017c istniej\u0105cych.<\/li><li>Monta\u017c i instalacja szaf serwerowych.<\/li><li>Instalacja nowych switchy, patchpaneli wraz z pe\u0142n\u0105 konfiguracj\u0105.<\/li><li>Instalacja okablowania Cat 5, 5e, 6, 7 (okablowania strukturalne oraz okablowanie szaf serwerowych).<\/li><li>Us\u0142ugi przenoszenia sprzetu biurowego w przypadku mebli modu\u0142owych i struktur na sprz\u0119t biurowy<\/li><li>Instalacje koncentrator\u00f3w sieciowych i prze\u0142\u0105cznik\u00f3w<\/li><li>Konfiguracja i instalacja sieci bezprzewodowych.<\/li><li>Kompletny system szafy rackowej, obejmuj\u0105cy stojaki drabinkowe, zarz\u0105dzanie przewodami, p\u00f3\u0142ki serwerowe, kategorie 5, 5e, 6, 7, instalacj\u0119 gniazd danych RJ45, monta\u017c powierzchniowy i osadzane w \u015bcianie p\u0142ytki.<\/li><\/ul>","_links":{"self":[{"href":"https:\/\/multisoftsa.com\/pl\/wp-json\/wp\/v2\/pages\/562","targetHints":{"allow":["GET"]}}],"collection":[{"href":"https:\/\/multisoftsa.com\/pl\/wp-json\/wp\/v2\/pages"}],"about":[{"href":"https:\/\/multisoftsa.com\/pl\/wp-json\/wp\/v2\/types\/page"}],"author":[{"embeddable":true,"href":"https:\/\/multisoftsa.com\/pl\/wp-json\/wp\/v2\/users\/3"}],"replies":[{"embeddable":true,"href":"https:\/\/multisoftsa.com\/pl\/wp-json\/wp\/v2\/comments?post=562"}],"version-history":[{"count":3,"href":"https:\/\/multisoftsa.com\/pl\/wp-json\/wp\/v2\/pages\/562\/revisions"}],"predecessor-version":[{"id":565,"href":"https:\/\/multisoftsa.com\/pl\/wp-json\/wp\/v2\/pages\/562\/revisions\/565"}],"up":[{"embeddable":true,"href":"https:\/\/multisoftsa.com\/pl\/wp-json\/wp\/v2\/pages\/573"}],"wp:attachment":[{"href":"https:\/\/multisoftsa.com\/pl\/wp-json\/wp\/v2\/media?parent=562"}],"curies":[{"name":"wp","href":"https:\/\/api.w.org\/{rel}","templated":true}]}}