{"id":554,"date":"2024-01-05T08:55:59","date_gmt":"2024-01-05T07:55:59","guid":{"rendered":"https:\/\/multisoftsa.com\/kariera\/"},"modified":"2024-02-12T13:48:10","modified_gmt":"2024-02-12T12:48:10","slug":"kariera","status":"publish","type":"page","link":"https:\/\/multisoftsa.com\/pl\/kariera\/","title":{"rendered":"Kariera"},"content":{"rendered":"<!--themify_builder_content-->\n<div id=\"themify_builder_content-554\" data-postid=\"554\" class=\"themify_builder_content themify_builder_content-554 themify_builder tf_clear\">\n                    <div  data-lazy=\"1\" class=\"module_row themify_builder_row tb_ebzu924 tb_first tf_w\">\n                        <div class=\"row_inner col_align_top tb_col_count_1 tf_box tf_rel\">\n                        <div  data-lazy=\"1\" class=\"module_column tb-column col-full tb_i1g6925 first\">\n                            <div  data-lazy=\"1\" class=\"module_subrow themify_builder_sub_row tf_w col_align_top tb_col_count_1 tb_b7di489\">\n                <div  data-lazy=\"1\" class=\"module_column sub_column col-full tb_eeso489 first\">\n                    <!-- module text -->\n<div  class=\"module module-text tb_h9ci459   \" data-lazy=\"1\">\n        <div  class=\"tb_text_wrap\">\n        <p>Dla <strong>Multisoft<\/strong> S.A najwi\u0119kszym atutem s\u0105 jej pracownicy. Wiedza, inspiracja, energia i pasja zespo\u0142u prowadz\u0105 nas ku sta\u0142emu rozwojowi.  <\/p><p><strong>Zatrudnianie najlepszych i najzdolniejszych ludzi, kt\u00f3rzy podzielaj\u0105 nasz\u0105 wizj\u0119 jest tym, co czyni nas wyj\u0105tkowymi.<\/strong><\/p><p>Warunki pracy, kt\u00f3re oferujemy swoim pracownikom ukazuj\u0105 w jaki spos\u00f3b doceniamy utalentowanych ludzi promuj\u0105c merytokracj\u0119 opart\u0105 na r\u00f3wno\u015bci szans. Zdecydowali\u015bmy si\u0119 na innowacyjne podej\u015bcie do zarz\u0105dzania wydajno\u015bci\u0105, kt\u00f3re promuje przejrzysto\u015b\u0107, wiarygodno\u015b\u0107 i otwarto\u015b\u0107 w komunikacji.<\/p><p>Stosowany przez nas system motywacyjny jest \u015bci\u015ble zwi\u0105zany z indywidualnym oraz grupowym zaanga\u017cowaniem pracownik\u00f3w i wykracza poza typowe \u015bwiadczenia spotykane powszechnie na rynku pracy.<\/p><h4><strong>Zapewniamy<\/strong><\/h4><ul><li>Stabilne warunki zatrudnienia<\/li><li>Mo\u017cliwo\u015b\u0107 pracy nad innowacyjnymi sprz\u0119tami i oprogramowaniem z in\u017cynierami z ca\u0142ego \u015bwiata<\/li><li>Wyzwania maj\u0105ce na celu umo\u017cliwienie samorozwoju<\/li><li>Praca w dynamicznie rozwijaj\u0105cej si\u0119 firmie ze stabiln\u0105 pozycj\u0105 na rynku<\/li><li>Mo\u017cliwo\u015b\u0107 samorealizacji poprzez wykorzystanie umiej\u0119tno\u015bci programistycznych i tworzenie w\u0142asnych struktur<\/li><li>Mo\u017cliwo\u015b\u0107 zarz\u0105dzania zespo\u0142em in\u017cynier\u00f3w<\/li><li>Mo\u017cliwo\u015b\u0107 rozwoju osobistego poprzez udzia\u0142 w szkoleniach<\/li><li>Kursy j\u0119zyka angielskiego<\/li><li>Stosowany przez nas system motywacyjny jest \u015bci\u015ble zwi\u0105zany z indywidualnym oraz grupowym zaanga\u017cowaniem pracownik\u00f3w i wykracza poza typowe \u015bwiadczenia spotykane powszechnie na rynku pracy.<\/li><\/ul><p> <\/p><h3> <\/h3><h4>Wy\u015blij CV na adres<br><a href=\"mailto:office@multisoftsa.com\">office@multisoftsa.com<\/a><\/h4><p>Uprzejmie informujemy, \u017ce skontaktujemy si\u0119 tylko z wybranymi kandydatami.<br>Aplikacj\u0119 nale\u017cy opatrzy\u0107 klauzul\u0105: <em>\u201eWyra\u017cam zgod\u0119 na przetwarzanie moich danych osobowych dla potrzeb niezb\u0119dnych do realizacji procesu rekrutacji (zgodnie z Ustawa z dnia 29.08.1997 r. o ochronie danych osobowych Dz. U. Nr 133 poz. 883).\u201d<\/em><\/p>    <\/div>\n<\/div>\n<!-- \/module text -->        <\/div>\n                    <\/div>\n                <\/div>\n                        <\/div>\n        <\/div>\n        <\/div>\n<!--\/themify_builder_content-->","protected":false},"excerpt":{"rendered":"<p>Dla Multisoft S.A najwi\u0119kszym atutem s\u0105 jej pracownicy. Wiedza, inspiracja, energia i pasja zespo\u0142u prowadz\u0105 nas ku sta\u0142emu rozwojowi. Zatrudnianie najlepszych i najzdolniejszych ludzi, kt\u00f3rzy podzielaj\u0105 nasz\u0105 wizj\u0119 jest tym, co czyni nas wyj\u0105tkowymi.Warunki pracy, kt\u00f3re oferujemy swoim pracownikom ukazuj\u0105 w jaki spos\u00f3b doceniamy utalentowanych ludzi promuj\u0105c merytokracj\u0119 opart\u0105 na r\u00f3wno\u015bci szans. Zdecydowali\u015bmy si\u0119 na [&hellip;]<\/p>\n","protected":false},"author":3,"featured_media":0,"parent":0,"menu_order":0,"comment_status":"closed","ping_status":"closed","template":"","meta":{"footnotes":""},"class_list":["post-554","page","type-page","status-publish","hentry","has-post-title","has-post-date","has-post-category","has-post-tag","has-post-comment","has-post-author",""],"yoast_head":"<!-- This site is optimized with the Yoast SEO plugin v25.3.1 - https:\/\/yoast.com\/wordpress\/plugins\/seo\/ -->\n<title>Kariera - MULTISOFT S.A.<\/title>\n<meta name=\"robots\" content=\"index, follow, max-snippet:-1, max-image-preview:large, max-video-preview:-1\" \/>\n<link rel=\"canonical\" href=\"https:\/\/multisoftsa.com\/pl\/kariera\/\" \/>\n<meta property=\"og:locale\" content=\"pl_PL\" \/>\n<meta property=\"og:type\" content=\"article\" \/>\n<meta property=\"og:title\" content=\"Kariera - MULTISOFT S.A.\" \/>\n<meta property=\"og:description\" content=\"Dla Multisoft S.A najwi\u0119kszym atutem s\u0105 jej pracownicy. Wiedza, inspiracja, energia i pasja zespo\u0142u prowadz\u0105 nas ku sta\u0142emu rozwojowi. Zatrudnianie najlepszych i najzdolniejszych ludzi, kt\u00f3rzy podzielaj\u0105 nasz\u0105 wizj\u0119 jest tym, co czyni nas wyj\u0105tkowymi.Warunki pracy, kt\u00f3re oferujemy swoim pracownikom ukazuj\u0105 w jaki spos\u00f3b doceniamy utalentowanych ludzi promuj\u0105c merytokracj\u0119 opart\u0105 na r\u00f3wno\u015bci szans. Zdecydowali\u015bmy si\u0119 na [&hellip;]\" \/>\n<meta property=\"og:url\" content=\"https:\/\/multisoftsa.com\/pl\/kariera\/\" \/>\n<meta property=\"og:site_name\" content=\"MULTISOFT S.A.\" \/>\n<meta property=\"article:publisher\" content=\"https:\/\/www.facebook.com\/multisoftgroup\/\" \/>\n<meta property=\"article:modified_time\" content=\"2024-02-12T12:48:10+00:00\" \/>\n<meta name=\"twitter:card\" content=\"summary_large_image\" \/>\n<meta name=\"twitter:label1\" content=\"Szacowany czas czytania\" \/>\n\t<meta name=\"twitter:data1\" content=\"1 minuta\" \/>\n<script type=\"application\/ld+json\" class=\"yoast-schema-graph\">{\"@context\":\"https:\/\/schema.org\",\"@graph\":[{\"@type\":\"WebPage\",\"@id\":\"https:\/\/multisoftsa.com\/pl\/kariera\/\",\"url\":\"https:\/\/multisoftsa.com\/pl\/kariera\/\",\"name\":\"Kariera - MULTISOFT S.A.\",\"isPartOf\":{\"@id\":\"https:\/\/multisoftsa.com\/pl\/#website\"},\"datePublished\":\"2024-01-05T07:55:59+00:00\",\"dateModified\":\"2024-02-12T12:48:10+00:00\",\"breadcrumb\":{\"@id\":\"https:\/\/multisoftsa.com\/pl\/kariera\/#breadcrumb\"},\"inLanguage\":\"pl-PL\",\"potentialAction\":[{\"@type\":\"ReadAction\",\"target\":[\"https:\/\/multisoftsa.com\/pl\/kariera\/\"]}]},{\"@type\":\"BreadcrumbList\",\"@id\":\"https:\/\/multisoftsa.com\/pl\/kariera\/#breadcrumb\",\"itemListElement\":[{\"@type\":\"ListItem\",\"position\":1,\"name\":\"Strona g\u0142\u00f3wna\",\"item\":\"https:\/\/multisoftsa.com\/pl\/\"},{\"@type\":\"ListItem\",\"position\":2,\"name\":\"Kariera\"}]},{\"@type\":\"WebSite\",\"@id\":\"https:\/\/multisoftsa.com\/pl\/#website\",\"url\":\"https:\/\/multisoftsa.com\/pl\/\",\"name\":\"MULTISOFT S.A.\",\"description\":\"\",\"publisher\":{\"@id\":\"https:\/\/multisoftsa.com\/pl\/#organization\"},\"potentialAction\":[{\"@type\":\"SearchAction\",\"target\":{\"@type\":\"EntryPoint\",\"urlTemplate\":\"https:\/\/multisoftsa.com\/pl\/?s={search_term_string}\"},\"query-input\":{\"@type\":\"PropertyValueSpecification\",\"valueRequired\":true,\"valueName\":\"search_term_string\"}}],\"inLanguage\":\"pl-PL\"},{\"@type\":\"Organization\",\"@id\":\"https:\/\/multisoftsa.com\/pl\/#organization\",\"name\":\"MULTISOFT S.A.\",\"url\":\"https:\/\/multisoftsa.com\/pl\/\",\"logo\":{\"@type\":\"ImageObject\",\"inLanguage\":\"pl-PL\",\"@id\":\"https:\/\/multisoftsa.com\/pl\/#\/schema\/logo\/image\/\",\"url\":\"https:\/\/multisoftsa.com\/wp-content\/uploads\/2024\/01\/logo-multisoft.svg\",\"contentUrl\":\"https:\/\/multisoftsa.com\/wp-content\/uploads\/2024\/01\/logo-multisoft.svg\",\"width\":1,\"height\":1,\"caption\":\"MULTISOFT S.A.\"},\"image\":{\"@id\":\"https:\/\/multisoftsa.com\/pl\/#\/schema\/logo\/image\/\"},\"sameAs\":[\"https:\/\/www.facebook.com\/multisoftgroup\/\",\"https:\/\/www.linkedin.com\/company\/10080493\/admin\/feed\/posts\/?feedType=following\"]}]}<\/script>\n<!-- \/ Yoast SEO plugin. -->","yoast_head_json":{"title":"Kariera - MULTISOFT S.A.","robots":{"index":"index","follow":"follow","max-snippet":"max-snippet:-1","max-image-preview":"max-image-preview:large","max-video-preview":"max-video-preview:-1"},"canonical":"https:\/\/multisoftsa.com\/pl\/kariera\/","og_locale":"pl_PL","og_type":"article","og_title":"Kariera - MULTISOFT S.A.","og_description":"Dla Multisoft S.A najwi\u0119kszym atutem s\u0105 jej pracownicy. Wiedza, inspiracja, energia i pasja zespo\u0142u prowadz\u0105 nas ku sta\u0142emu rozwojowi. Zatrudnianie najlepszych i najzdolniejszych ludzi, kt\u00f3rzy podzielaj\u0105 nasz\u0105 wizj\u0119 jest tym, co czyni nas wyj\u0105tkowymi.Warunki pracy, kt\u00f3re oferujemy swoim pracownikom ukazuj\u0105 w jaki spos\u00f3b doceniamy utalentowanych ludzi promuj\u0105c merytokracj\u0119 opart\u0105 na r\u00f3wno\u015bci szans. Zdecydowali\u015bmy si\u0119 na [&hellip;]","og_url":"https:\/\/multisoftsa.com\/pl\/kariera\/","og_site_name":"MULTISOFT S.A.","article_publisher":"https:\/\/www.facebook.com\/multisoftgroup\/","article_modified_time":"2024-02-12T12:48:10+00:00","twitter_card":"summary_large_image","twitter_misc":{"Szacowany czas czytania":"1 minuta"},"schema":{"@context":"https:\/\/schema.org","@graph":[{"@type":"WebPage","@id":"https:\/\/multisoftsa.com\/pl\/kariera\/","url":"https:\/\/multisoftsa.com\/pl\/kariera\/","name":"Kariera - MULTISOFT S.A.","isPartOf":{"@id":"https:\/\/multisoftsa.com\/pl\/#website"},"datePublished":"2024-01-05T07:55:59+00:00","dateModified":"2024-02-12T12:48:10+00:00","breadcrumb":{"@id":"https:\/\/multisoftsa.com\/pl\/kariera\/#breadcrumb"},"inLanguage":"pl-PL","potentialAction":[{"@type":"ReadAction","target":["https:\/\/multisoftsa.com\/pl\/kariera\/"]}]},{"@type":"BreadcrumbList","@id":"https:\/\/multisoftsa.com\/pl\/kariera\/#breadcrumb","itemListElement":[{"@type":"ListItem","position":1,"name":"Strona g\u0142\u00f3wna","item":"https:\/\/multisoftsa.com\/pl\/"},{"@type":"ListItem","position":2,"name":"Kariera"}]},{"@type":"WebSite","@id":"https:\/\/multisoftsa.com\/pl\/#website","url":"https:\/\/multisoftsa.com\/pl\/","name":"MULTISOFT S.A.","description":"","publisher":{"@id":"https:\/\/multisoftsa.com\/pl\/#organization"},"potentialAction":[{"@type":"SearchAction","target":{"@type":"EntryPoint","urlTemplate":"https:\/\/multisoftsa.com\/pl\/?s={search_term_string}"},"query-input":{"@type":"PropertyValueSpecification","valueRequired":true,"valueName":"search_term_string"}}],"inLanguage":"pl-PL"},{"@type":"Organization","@id":"https:\/\/multisoftsa.com\/pl\/#organization","name":"MULTISOFT S.A.","url":"https:\/\/multisoftsa.com\/pl\/","logo":{"@type":"ImageObject","inLanguage":"pl-PL","@id":"https:\/\/multisoftsa.com\/pl\/#\/schema\/logo\/image\/","url":"https:\/\/multisoftsa.com\/wp-content\/uploads\/2024\/01\/logo-multisoft.svg","contentUrl":"https:\/\/multisoftsa.com\/wp-content\/uploads\/2024\/01\/logo-multisoft.svg","width":1,"height":1,"caption":"MULTISOFT S.A."},"image":{"@id":"https:\/\/multisoftsa.com\/pl\/#\/schema\/logo\/image\/"},"sameAs":["https:\/\/www.facebook.com\/multisoftgroup\/","https:\/\/www.linkedin.com\/company\/10080493\/admin\/feed\/posts\/?feedType=following"]}]}},"builder_content":"<p>Dla <strong>Multisoft<\/strong> S.A najwi\u0119kszym atutem s\u0105 jej pracownicy. Wiedza, inspiracja, energia i pasja zespo\u0142u prowadz\u0105 nas ku sta\u0142emu rozwojowi. <\/p><p><strong>Zatrudnianie najlepszych i najzdolniejszych ludzi, kt\u00f3rzy podzielaj\u0105 nasz\u0105 wizj\u0119 jest tym, co czyni nas wyj\u0105tkowymi.<\/strong><\/p><p>Warunki pracy, kt\u00f3re oferujemy swoim pracownikom ukazuj\u0105 w jaki spos\u00f3b doceniamy utalentowanych ludzi promuj\u0105c merytokracj\u0119 opart\u0105 na r\u00f3wno\u015bci szans. Zdecydowali\u015bmy si\u0119 na innowacyjne podej\u015bcie do zarz\u0105dzania wydajno\u015bci\u0105, kt\u00f3re promuje przejrzysto\u015b\u0107, wiarygodno\u015b\u0107 i otwarto\u015b\u0107 w komunikacji.<\/p><p>Stosowany przez nas system motywacyjny jest \u015bci\u015ble zwi\u0105zany z indywidualnym oraz grupowym zaanga\u017cowaniem pracownik\u00f3w i wykracza poza typowe \u015bwiadczenia spotykane powszechnie na rynku pracy.<\/p><h4><strong>Zapewniamy<\/strong><\/h4><ul><li>Stabilne warunki zatrudnienia<\/li><li>Mo\u017cliwo\u015b\u0107 pracy nad innowacyjnymi sprz\u0119tami i oprogramowaniem z in\u017cynierami z ca\u0142ego \u015bwiata<\/li><li>Wyzwania maj\u0105ce na celu umo\u017cliwienie samorozwoju<\/li><li>Praca w dynamicznie rozwijaj\u0105cej si\u0119 firmie ze stabiln\u0105 pozycj\u0105 na rynku<\/li><li>Mo\u017cliwo\u015b\u0107 samorealizacji poprzez wykorzystanie umiej\u0119tno\u015bci programistycznych i tworzenie w\u0142asnych struktur<\/li><li>Mo\u017cliwo\u015b\u0107 zarz\u0105dzania zespo\u0142em in\u017cynier\u00f3w<\/li><li>Mo\u017cliwo\u015b\u0107 rozwoju osobistego poprzez udzia\u0142 w szkoleniach<\/li><li>Kursy j\u0119zyka angielskiego<\/li><li>Stosowany przez nas system motywacyjny jest \u015bci\u015ble zwi\u0105zany z indywidualnym oraz grupowym zaanga\u017cowaniem pracownik\u00f3w i wykracza poza typowe \u015bwiadczenia spotykane powszechnie na rynku pracy.<\/li><\/ul><p> <\/p><h3> <\/h3><h4>Wy\u015blij CV na adres<br><a href=\"mailto:office@multisoftsa.com\">office@multisoftsa.com<\/a><\/h4><p>Uprzejmie informujemy, \u017ce skontaktujemy si\u0119 tylko z wybranymi kandydatami.<br>Aplikacj\u0119 nale\u017cy opatrzy\u0107 klauzul\u0105: <em>\u201eWyra\u017cam zgod\u0119 na przetwarzanie moich danych osobowych dla potrzeb niezb\u0119dnych do realizacji procesu rekrutacji (zgodnie z Ustawa z dnia 29.08.1997 r. o ochronie danych osobowych Dz. U. Nr 133 poz. 883).\u201d<\/em><\/p>","_links":{"self":[{"href":"https:\/\/multisoftsa.com\/pl\/wp-json\/wp\/v2\/pages\/554","targetHints":{"allow":["GET"]}}],"collection":[{"href":"https:\/\/multisoftsa.com\/pl\/wp-json\/wp\/v2\/pages"}],"about":[{"href":"https:\/\/multisoftsa.com\/pl\/wp-json\/wp\/v2\/types\/page"}],"author":[{"embeddable":true,"href":"https:\/\/multisoftsa.com\/pl\/wp-json\/wp\/v2\/users\/3"}],"replies":[{"embeddable":true,"href":"https:\/\/multisoftsa.com\/pl\/wp-json\/wp\/v2\/comments?post=554"}],"version-history":[{"count":15,"href":"https:\/\/multisoftsa.com\/pl\/wp-json\/wp\/v2\/pages\/554\/revisions"}],"predecessor-version":[{"id":600,"href":"https:\/\/multisoftsa.com\/pl\/wp-json\/wp\/v2\/pages\/554\/revisions\/600"}],"wp:attachment":[{"href":"https:\/\/multisoftsa.com\/pl\/wp-json\/wp\/v2\/media?parent=554"}],"curies":[{"name":"wp","href":"https:\/\/api.w.org\/{rel}","templated":true}]}}