{"id":546,"date":"2024-01-05T09:53:32","date_gmt":"2024-01-05T08:53:32","guid":{"rendered":"https:\/\/multisoftsa.com\/atc-systems-kontrola-ruchu-lotniczego\/"},"modified":"2024-02-12T12:41:27","modified_gmt":"2024-02-12T11:41:27","slug":"atc-systems-kontrola-ruchu-lotniczego","status":"publish","type":"page","link":"https:\/\/multisoftsa.com\/pl\/uslugi\/atc-systems-kontrola-ruchu-lotniczego\/","title":{"rendered":"ATC Systems &#8211; Kontrola Ruchu Lotniczego"},"content":{"rendered":"<!--themify_builder_content-->\n<div id=\"themify_builder_content-546\" data-postid=\"546\" class=\"themify_builder_content themify_builder_content-546 themify_builder tf_clear\">\n                    <div  data-css_id=\"psdl700\" data-lazy=\"1\" class=\"module_row themify_builder_row fullwidth tb_psdl700 tb_first tf_w\">\n                        <div class=\"row_inner col_align_top tb_col_count_2 tf_box tf_rel\">\n                        <div  data-lazy=\"1\" class=\"module_column tb-column col4-2 tb_aubq93 first\">\n                            <\/div>\n                    <div  data-lazy=\"1\" class=\"module_column tb-column col3-2 tb_0mgb848 last\">\n                    <!-- module text -->\n<div  class=\"module module-text tb_6cze848  repeat \" data-lazy=\"1\">\n        <div  class=\"tb_text_wrap\">\n        <h1>Kontrola Ruchu Lotniczego<\/h1>    <\/div>\n<\/div>\n<!-- \/module text -->        <\/div>\n                        <\/div>\n        <\/div>\n                        <div  data-lazy=\"1\" class=\"module_row themify_builder_row tb_kjgc362 tf_w\">\n                        <div class=\"row_inner col_align_top tb_col_count_1 tf_box tf_rel\">\n                        <div  data-lazy=\"1\" class=\"module_column tb-column col-full tb_2xmt362 first\">\n                    <!-- module image -->\n<div  class=\"module module-image tb_iyci153 image-full-overlay   auto_fullwidth tf_mw\" data-lazy=\"1\">\n        <div class=\"image-wrap tf_rel tf_mw\">\n            <img decoding=\"async\" src=\"\/wp-content\/uploads\/2024\/01\/multisoft_installation_map_thumb.jpg\" title=\"ATC Systems &#8211; Kontrola Ruchu Lotniczego\" alt=\"ATC Systems &#8211; Kontrola Ruchu Lotniczego\">    \n        <\/div>\n    <!-- \/image-wrap -->\n    \n        <\/div>\n<!-- \/module image --><!-- module text -->\n<div  class=\"module module-text tb_i46j132   \" data-lazy=\"1\">\n        <div  class=\"tb_text_wrap\">\n        <p>Multisoft posiada w swojej ofercie sprawdzone rozwi\u0105zania informatyczne obejmuj\u0105ce ca\u0142o\u015b\u0107 procesu zarz\u0105dzania przestrzeni\u0105 powietrzn\u0105. W ofercie posiadamy szerok\u0105 gam\u0119 elastycznych system\u00f3w, dzi\u0119ki czemu mo\u017cemy zaoferowa\u0107 naszym klientom rozwi\u0105zanie dok\u0142adnie dopasowane do ich potrzeb nie tylko pod wzgl\u0119dem funkcjonalnym, ale i kosztowym.<\/p><p>Ponad dwie dekady do\u015bwiadczenia w instalacji i obs\u0142udze system\u00f3w kontroli lot\u00f3w pozwalaj\u0105 nam zagwarantowa\u0107 najwy\u017csz\u0105 jako\u015b\u0107 us\u0142ug w tej bran\u017cy. Od kompleksowych system\u00f3w komunikacyjnych poprzez stanowiska kontroler\u00f3w ruchu lotniczego, a\u017c do rozbudowanych system\u00f3w nagrywaj\u0105cych.<\/p><p>Zapewniamy naszym klientom US\u0141UGI i PRODUKTY NAJWY\u017bSZEJ JAKO\u015aCI.<br>Bezpiecze\u0144stwo jest naszym najwy\u017cszym priorytetem.<\/p><p>Ka\u017cda instalacja jest poprzedzona wizyt\u0105 naszych do\u015bwiadczonych in\u017cynier\u00f3w, kt\u00f3rzy maj\u0105 na celu ocen\u0119 istniej\u0105cej infrastruktury. Ka\u017cda instalacja jest poprzedzona wizyt\u0105 naszych do\u015bwiadczonych in\u017cynier\u00f3w, kt\u00f3rzy maj\u0105 na celu ocen\u0119 istniej\u0105cej infrastruktury. Przy wyborze docelowego sprz\u0119tu nale\u017cy r\u00f3wnie\u017c uwzgl\u0119dni\u0107 pewne istotne czynniki, takie jak jasno\u015b\u0107, monitorowanie wizyjne (CCTV) itp.<\/p><p>Niezale\u017cnie od wybranej strategii mo\u017cemy zapewni\u0107 wsparcie na ka\u017cdym etapie przedsi\u0119wzi\u0119cia \u2013 od projektu i opracowania za\u0142o\u017ce\u0144 systemu poprzez dostosowanie istniej\u0105cej infrastruktury informatycznej a\u017c do pe\u0142nej integracji zako\u0144czonej uruchomieniem operacyjnym. Posiadamy do\u015bwiadczenie w instalacji system\u00f3w monitorowania firmy <a href=\"http:\/\/www.jotron.com\/\">Jotron AS<\/a>, dla kt\u00f3rego jeste\u015bmy partnerem strategicznym oraz wiele udanych instalacji system\u00f3w <a href=\"http:\/\/www.indracompany.com\/en\">Indra<\/a>, <a href=\"http:\/\/www.leonardocompany.com\/\">Leonardo<\/a> oraz <a href=\"https:\/\/www.thalesgroup.com\/en\">Thales<\/a>.<\/p>    <\/div>\n<\/div>\n<!-- \/module text -->        <\/div>\n                        <\/div>\n        <\/div>\n        <\/div>\n<!--\/themify_builder_content-->","protected":false},"excerpt":{"rendered":"<p>Kontrola Ruchu Lotniczego<\/p>\n","protected":false},"author":3,"featured_media":0,"parent":573,"menu_order":0,"comment_status":"closed","ping_status":"closed","template":"","meta":{"footnotes":""},"class_list":["post-546","page","type-page","status-publish","hentry","has-post-title","has-post-date","has-post-category","has-post-tag","has-post-comment","has-post-author",""],"yoast_head":"<!-- This site is optimized with the Yoast SEO plugin v25.3.1 - https:\/\/yoast.com\/wordpress\/plugins\/seo\/ -->\n<title>ATC Systems - Kontrola Ruchu Lotniczego - MULTISOFT S.A.<\/title>\n<meta name=\"robots\" content=\"index, follow, max-snippet:-1, max-image-preview:large, max-video-preview:-1\" \/>\n<link rel=\"canonical\" href=\"https:\/\/multisoftsa.com\/pl\/uslugi\/atc-systems-kontrola-ruchu-lotniczego\/\" \/>\n<meta property=\"og:locale\" content=\"pl_PL\" \/>\n<meta property=\"og:type\" content=\"article\" \/>\n<meta property=\"og:title\" content=\"ATC Systems - Kontrola Ruchu Lotniczego - MULTISOFT S.A.\" \/>\n<meta property=\"og:description\" content=\"Kontrola Ruchu Lotniczego\" \/>\n<meta property=\"og:url\" content=\"https:\/\/multisoftsa.com\/pl\/uslugi\/atc-systems-kontrola-ruchu-lotniczego\/\" \/>\n<meta property=\"og:site_name\" content=\"MULTISOFT S.A.\" \/>\n<meta property=\"article:publisher\" content=\"https:\/\/www.facebook.com\/multisoftgroup\/\" \/>\n<meta property=\"article:modified_time\" content=\"2024-02-12T11:41:27+00:00\" \/>\n<meta property=\"og:image\" content=\"https:\/\/www.interbrand.ch\/wp-content\/uploads\/2024\/01\/multisoft_installation_map_thumb.jpg\" \/>\n<meta name=\"twitter:card\" content=\"summary_large_image\" \/>\n<meta name=\"twitter:label1\" content=\"Szacowany czas czytania\" \/>\n\t<meta name=\"twitter:data1\" content=\"1 minuta\" \/>\n<script type=\"application\/ld+json\" class=\"yoast-schema-graph\">{\"@context\":\"https:\/\/schema.org\",\"@graph\":[{\"@type\":\"WebPage\",\"@id\":\"https:\/\/multisoftsa.com\/pl\/uslugi\/atc-systems-kontrola-ruchu-lotniczego\/\",\"url\":\"https:\/\/multisoftsa.com\/pl\/uslugi\/atc-systems-kontrola-ruchu-lotniczego\/\",\"name\":\"ATC Systems - Kontrola Ruchu Lotniczego - MULTISOFT S.A.\",\"isPartOf\":{\"@id\":\"https:\/\/multisoftsa.com\/pl\/#website\"},\"primaryImageOfPage\":{\"@id\":\"https:\/\/multisoftsa.com\/pl\/uslugi\/atc-systems-kontrola-ruchu-lotniczego\/#primaryimage\"},\"image\":{\"@id\":\"https:\/\/multisoftsa.com\/pl\/uslugi\/atc-systems-kontrola-ruchu-lotniczego\/#primaryimage\"},\"thumbnailUrl\":\"https:\/\/multisoftsa.com\/wp-content\/uploads\/2024\/01\/multisoft_installation_map_thumb.jpg\",\"datePublished\":\"2024-01-05T08:53:32+00:00\",\"dateModified\":\"2024-02-12T11:41:27+00:00\",\"breadcrumb\":{\"@id\":\"https:\/\/multisoftsa.com\/pl\/uslugi\/atc-systems-kontrola-ruchu-lotniczego\/#breadcrumb\"},\"inLanguage\":\"pl-PL\",\"potentialAction\":[{\"@type\":\"ReadAction\",\"target\":[\"https:\/\/multisoftsa.com\/pl\/uslugi\/atc-systems-kontrola-ruchu-lotniczego\/\"]}]},{\"@type\":\"ImageObject\",\"inLanguage\":\"pl-PL\",\"@id\":\"https:\/\/multisoftsa.com\/pl\/uslugi\/atc-systems-kontrola-ruchu-lotniczego\/#primaryimage\",\"url\":\"https:\/\/multisoftsa.com\/wp-content\/uploads\/2024\/01\/multisoft_installation_map_thumb.jpg\",\"contentUrl\":\"https:\/\/multisoftsa.com\/wp-content\/uploads\/2024\/01\/multisoft_installation_map_thumb.jpg\"},{\"@type\":\"BreadcrumbList\",\"@id\":\"https:\/\/multisoftsa.com\/pl\/uslugi\/atc-systems-kontrola-ruchu-lotniczego\/#breadcrumb\",\"itemListElement\":[{\"@type\":\"ListItem\",\"position\":1,\"name\":\"Strona g\u0142\u00f3wna\",\"item\":\"https:\/\/multisoftsa.com\/pl\/\"},{\"@type\":\"ListItem\",\"position\":2,\"name\":\"Us\u0142ugi\",\"item\":\"https:\/\/multisoftsa.com\/pl\/uslugi\/\"},{\"@type\":\"ListItem\",\"position\":3,\"name\":\"ATC Systems &#8211; Kontrola Ruchu Lotniczego\"}]},{\"@type\":\"WebSite\",\"@id\":\"https:\/\/multisoftsa.com\/pl\/#website\",\"url\":\"https:\/\/multisoftsa.com\/pl\/\",\"name\":\"MULTISOFT S.A.\",\"description\":\"\",\"publisher\":{\"@id\":\"https:\/\/multisoftsa.com\/pl\/#organization\"},\"potentialAction\":[{\"@type\":\"SearchAction\",\"target\":{\"@type\":\"EntryPoint\",\"urlTemplate\":\"https:\/\/multisoftsa.com\/pl\/?s={search_term_string}\"},\"query-input\":{\"@type\":\"PropertyValueSpecification\",\"valueRequired\":true,\"valueName\":\"search_term_string\"}}],\"inLanguage\":\"pl-PL\"},{\"@type\":\"Organization\",\"@id\":\"https:\/\/multisoftsa.com\/pl\/#organization\",\"name\":\"MULTISOFT S.A.\",\"url\":\"https:\/\/multisoftsa.com\/pl\/\",\"logo\":{\"@type\":\"ImageObject\",\"inLanguage\":\"pl-PL\",\"@id\":\"https:\/\/multisoftsa.com\/pl\/#\/schema\/logo\/image\/\",\"url\":\"https:\/\/multisoftsa.com\/wp-content\/uploads\/2024\/01\/logo-multisoft.svg\",\"contentUrl\":\"https:\/\/multisoftsa.com\/wp-content\/uploads\/2024\/01\/logo-multisoft.svg\",\"width\":1,\"height\":1,\"caption\":\"MULTISOFT S.A.\"},\"image\":{\"@id\":\"https:\/\/multisoftsa.com\/pl\/#\/schema\/logo\/image\/\"},\"sameAs\":[\"https:\/\/www.facebook.com\/multisoftgroup\/\",\"https:\/\/www.linkedin.com\/company\/10080493\/admin\/feed\/posts\/?feedType=following\"]}]}<\/script>\n<!-- \/ Yoast SEO plugin. -->","yoast_head_json":{"title":"ATC Systems - Kontrola Ruchu Lotniczego - MULTISOFT S.A.","robots":{"index":"index","follow":"follow","max-snippet":"max-snippet:-1","max-image-preview":"max-image-preview:large","max-video-preview":"max-video-preview:-1"},"canonical":"https:\/\/multisoftsa.com\/pl\/uslugi\/atc-systems-kontrola-ruchu-lotniczego\/","og_locale":"pl_PL","og_type":"article","og_title":"ATC Systems - Kontrola Ruchu Lotniczego - MULTISOFT S.A.","og_description":"Kontrola Ruchu Lotniczego","og_url":"https:\/\/multisoftsa.com\/pl\/uslugi\/atc-systems-kontrola-ruchu-lotniczego\/","og_site_name":"MULTISOFT S.A.","article_publisher":"https:\/\/www.facebook.com\/multisoftgroup\/","article_modified_time":"2024-02-12T11:41:27+00:00","og_image":[{"url":"https:\/\/www.interbrand.ch\/wp-content\/uploads\/2024\/01\/multisoft_installation_map_thumb.jpg","type":"","width":"","height":""}],"twitter_card":"summary_large_image","twitter_misc":{"Szacowany czas czytania":"1 minuta"},"schema":{"@context":"https:\/\/schema.org","@graph":[{"@type":"WebPage","@id":"https:\/\/multisoftsa.com\/pl\/uslugi\/atc-systems-kontrola-ruchu-lotniczego\/","url":"https:\/\/multisoftsa.com\/pl\/uslugi\/atc-systems-kontrola-ruchu-lotniczego\/","name":"ATC Systems - Kontrola Ruchu Lotniczego - MULTISOFT S.A.","isPartOf":{"@id":"https:\/\/multisoftsa.com\/pl\/#website"},"primaryImageOfPage":{"@id":"https:\/\/multisoftsa.com\/pl\/uslugi\/atc-systems-kontrola-ruchu-lotniczego\/#primaryimage"},"image":{"@id":"https:\/\/multisoftsa.com\/pl\/uslugi\/atc-systems-kontrola-ruchu-lotniczego\/#primaryimage"},"thumbnailUrl":"https:\/\/multisoftsa.com\/wp-content\/uploads\/2024\/01\/multisoft_installation_map_thumb.jpg","datePublished":"2024-01-05T08:53:32+00:00","dateModified":"2024-02-12T11:41:27+00:00","breadcrumb":{"@id":"https:\/\/multisoftsa.com\/pl\/uslugi\/atc-systems-kontrola-ruchu-lotniczego\/#breadcrumb"},"inLanguage":"pl-PL","potentialAction":[{"@type":"ReadAction","target":["https:\/\/multisoftsa.com\/pl\/uslugi\/atc-systems-kontrola-ruchu-lotniczego\/"]}]},{"@type":"ImageObject","inLanguage":"pl-PL","@id":"https:\/\/multisoftsa.com\/pl\/uslugi\/atc-systems-kontrola-ruchu-lotniczego\/#primaryimage","url":"https:\/\/multisoftsa.com\/wp-content\/uploads\/2024\/01\/multisoft_installation_map_thumb.jpg","contentUrl":"https:\/\/multisoftsa.com\/wp-content\/uploads\/2024\/01\/multisoft_installation_map_thumb.jpg"},{"@type":"BreadcrumbList","@id":"https:\/\/multisoftsa.com\/pl\/uslugi\/atc-systems-kontrola-ruchu-lotniczego\/#breadcrumb","itemListElement":[{"@type":"ListItem","position":1,"name":"Strona g\u0142\u00f3wna","item":"https:\/\/multisoftsa.com\/pl\/"},{"@type":"ListItem","position":2,"name":"Us\u0142ugi","item":"https:\/\/multisoftsa.com\/pl\/uslugi\/"},{"@type":"ListItem","position":3,"name":"ATC Systems &#8211; Kontrola Ruchu Lotniczego"}]},{"@type":"WebSite","@id":"https:\/\/multisoftsa.com\/pl\/#website","url":"https:\/\/multisoftsa.com\/pl\/","name":"MULTISOFT S.A.","description":"","publisher":{"@id":"https:\/\/multisoftsa.com\/pl\/#organization"},"potentialAction":[{"@type":"SearchAction","target":{"@type":"EntryPoint","urlTemplate":"https:\/\/multisoftsa.com\/pl\/?s={search_term_string}"},"query-input":{"@type":"PropertyValueSpecification","valueRequired":true,"valueName":"search_term_string"}}],"inLanguage":"pl-PL"},{"@type":"Organization","@id":"https:\/\/multisoftsa.com\/pl\/#organization","name":"MULTISOFT S.A.","url":"https:\/\/multisoftsa.com\/pl\/","logo":{"@type":"ImageObject","inLanguage":"pl-PL","@id":"https:\/\/multisoftsa.com\/pl\/#\/schema\/logo\/image\/","url":"https:\/\/multisoftsa.com\/wp-content\/uploads\/2024\/01\/logo-multisoft.svg","contentUrl":"https:\/\/multisoftsa.com\/wp-content\/uploads\/2024\/01\/logo-multisoft.svg","width":1,"height":1,"caption":"MULTISOFT S.A."},"image":{"@id":"https:\/\/multisoftsa.com\/pl\/#\/schema\/logo\/image\/"},"sameAs":["https:\/\/www.facebook.com\/multisoftgroup\/","https:\/\/www.linkedin.com\/company\/10080493\/admin\/feed\/posts\/?feedType=following"]}]}},"builder_content":"<h1>Kontrola Ruchu Lotniczego<\/h1>\n<img src=\"\/wp-content\/uploads\/2024\/01\/multisoft_installation_map_thumb.jpg\" title=\"ATC Systems &#8211; Kontrola Ruchu Lotniczego\" alt=\"ATC Systems &#8211; Kontrola Ruchu Lotniczego\">\n<p>Multisoft posiada w swojej ofercie sprawdzone rozwi\u0105zania informatyczne obejmuj\u0105ce ca\u0142o\u015b\u0107 procesu zarz\u0105dzania przestrzeni\u0105 powietrzn\u0105. W ofercie posiadamy szerok\u0105 gam\u0119 elastycznych system\u00f3w, dzi\u0119ki czemu mo\u017cemy zaoferowa\u0107 naszym klientom rozwi\u0105zanie dok\u0142adnie dopasowane do ich potrzeb nie tylko pod wzgl\u0119dem funkcjonalnym, ale i kosztowym.<\/p><p>Ponad dwie dekady do\u015bwiadczenia w instalacji i obs\u0142udze system\u00f3w kontroli lot\u00f3w pozwalaj\u0105 nam zagwarantowa\u0107 najwy\u017csz\u0105 jako\u015b\u0107 us\u0142ug w tej bran\u017cy. Od kompleksowych system\u00f3w komunikacyjnych poprzez stanowiska kontroler\u00f3w ruchu lotniczego, a\u017c do rozbudowanych system\u00f3w nagrywaj\u0105cych.<\/p><p>Zapewniamy naszym klientom US\u0141UGI i PRODUKTY NAJWY\u017bSZEJ JAKO\u015aCI.<br>Bezpiecze\u0144stwo jest naszym najwy\u017cszym priorytetem.<\/p><p>Ka\u017cda instalacja jest poprzedzona wizyt\u0105 naszych do\u015bwiadczonych in\u017cynier\u00f3w, kt\u00f3rzy maj\u0105 na celu ocen\u0119 istniej\u0105cej infrastruktury. Ka\u017cda instalacja jest poprzedzona wizyt\u0105 naszych do\u015bwiadczonych in\u017cynier\u00f3w, kt\u00f3rzy maj\u0105 na celu ocen\u0119 istniej\u0105cej infrastruktury. Przy wyborze docelowego sprz\u0119tu nale\u017cy r\u00f3wnie\u017c uwzgl\u0119dni\u0107 pewne istotne czynniki, takie jak jasno\u015b\u0107, monitorowanie wizyjne (CCTV) itp.<\/p><p>Niezale\u017cnie od wybranej strategii mo\u017cemy zapewni\u0107 wsparcie na ka\u017cdym etapie przedsi\u0119wzi\u0119cia \u2013 od projektu i opracowania za\u0142o\u017ce\u0144 systemu poprzez dostosowanie istniej\u0105cej infrastruktury informatycznej a\u017c do pe\u0142nej integracji zako\u0144czonej uruchomieniem operacyjnym. Posiadamy do\u015bwiadczenie w instalacji system\u00f3w monitorowania firmy <a href=\"http:\/\/www.jotron.com\/\">Jotron AS<\/a>, dla kt\u00f3rego jeste\u015bmy partnerem strategicznym oraz wiele udanych instalacji system\u00f3w <a href=\"http:\/\/www.indracompany.com\/en\">Indra<\/a>, <a href=\"http:\/\/www.leonardocompany.com\/\">Leonardo<\/a> oraz <a href=\"https:\/\/www.thalesgroup.com\/en\">Thales<\/a>.<\/p>","_links":{"self":[{"href":"https:\/\/multisoftsa.com\/pl\/wp-json\/wp\/v2\/pages\/546","targetHints":{"allow":["GET"]}}],"collection":[{"href":"https:\/\/multisoftsa.com\/pl\/wp-json\/wp\/v2\/pages"}],"about":[{"href":"https:\/\/multisoftsa.com\/pl\/wp-json\/wp\/v2\/types\/page"}],"author":[{"embeddable":true,"href":"https:\/\/multisoftsa.com\/pl\/wp-json\/wp\/v2\/users\/3"}],"replies":[{"embeddable":true,"href":"https:\/\/multisoftsa.com\/pl\/wp-json\/wp\/v2\/comments?post=546"}],"version-history":[{"count":11,"href":"https:\/\/multisoftsa.com\/pl\/wp-json\/wp\/v2\/pages\/546\/revisions"}],"predecessor-version":[{"id":587,"href":"https:\/\/multisoftsa.com\/pl\/wp-json\/wp\/v2\/pages\/546\/revisions\/587"}],"up":[{"embeddable":true,"href":"https:\/\/multisoftsa.com\/pl\/wp-json\/wp\/v2\/pages\/573"}],"wp:attachment":[{"href":"https:\/\/multisoftsa.com\/pl\/wp-json\/wp\/v2\/media?parent=546"}],"curies":[{"name":"wp","href":"https:\/\/api.w.org\/{rel}","templated":true}]}}