{"id":542,"date":"2024-01-05T09:04:03","date_gmt":"2024-01-05T08:04:03","guid":{"rendered":"https:\/\/multisoftsa.com\/rozwiazania\/"},"modified":"2024-02-12T08:54:48","modified_gmt":"2024-02-12T07:54:48","slug":"rozwiazania","status":"publish","type":"page","link":"https:\/\/multisoftsa.com\/pl\/rozwiazania\/","title":{"rendered":"Rozwi\u0105zania"},"content":{"rendered":"<!--themify_builder_content-->\n<div id=\"themify_builder_content-542\" data-postid=\"542\" class=\"themify_builder_content themify_builder_content-542 themify_builder tf_clear\">\n                    <div  data-lazy=\"1\" class=\"module_row themify_builder_row tb_yqzg658 tb_first tf_w\">\n                        <div class=\"row_inner col_align_top tb_col_count_2 tf_box tf_rel\">\n                        <div  data-lazy=\"1\" class=\"module_column tb-column col4-3 tb_x29q658 first\">\n                    <!-- module fancy heading -->\n<div  class=\"module module-fancy-heading tb_5ff8330 \" data-lazy=\"1\">\n        <h1 class=\"fancy-heading\">\n    <span class=\"main-head tf_block\">\n                    Przejmij kontrol\u0119            <\/span>\n\n    \n    <span class=\"sub-head tf_block tf_rel\">\n                                <\/span>\n    <\/h1>\n<\/div>\n<!-- \/module fancy heading -->\n<!-- module text -->\n<div  class=\"module module-text tb_ydkf496   \" data-lazy=\"1\">\n        <div  class=\"tb_text_wrap\">\n        <p>Wraz z rosn\u0105c\u0105 liczb\u0105 system\u00f3w komputerowych kontrolowanie ich stanu staje si\u0119 coraz trudniejsze.<\/p>\n<p>Je\u015bli dodamy do tego fakt, \u017ce ka\u017cdy z nich zazwyczaj udost\u0119pnia u\u017cytkownikowi inny interfejs znajduj\u0105cy si\u0119 w innym, niekoniecznie komfortowym do pracy miejscu takim jak np. g\u0142o\u015bna serwerownia, to pozornie proste zadanie skontrolowania stanu zaledwie kilku system\u00f3w staje si\u0119 nie tylko skomplikowane, ale i czasoch\u0142onne.<\/p>\n    <\/div>\n<\/div>\n<!-- \/module text --><!-- module fancy heading -->\n<div  class=\"module module-fancy-heading tb_cpw997 \" data-lazy=\"1\">\n        <h1 class=\"fancy-heading\">\n    <span class=\"main-head tf_block\">\n                    Video Grabber            <\/span>\n\n    \n    <span class=\"sub-head tf_block tf_rel\">\n                                <\/span>\n    <\/h1>\n<\/div>\n<!-- \/module fancy heading -->\n<!-- module text -->\n<div  class=\"module module-text tb_mymz288   \" data-lazy=\"1\">\n        <div  class=\"tb_text_wrap\">\n        <p>Video Grabber jest niezast\u0105piony w momencie, gdy samo monitorowanie parametr\u00f3w nie wystarcza, a potrzebne s\u0105 dok\u0142adne dane o tym, co si\u0119 w rzeczywisto\u015bci wydarzy\u0142o.<\/p>\n<p>Urz\u0105dzenie zosta\u0142o zaprojektowane dla system\u00f3w kontroli ruchu powietrznego, dzi\u0119ki czemu zapewnia najwy\u017csz\u0105 jako\u015b\u0107 i niezawodno\u015b\u0107 dzia\u0142ania. Video Grabber mo\u017ce r\u00f3wnie\u017c znale\u017a\u0107 zastosowanie w systemach instytucji finansowych, organizacji rz\u0105dowych i wszelkiego rodzaju centrach zarz\u0105dzania.<\/p>\n<p>Dzi\u0119ki dok\u0142adnemu zapisowi zdarze\u0144, kt\u00f3re wyst\u0105pi\u0142y na ekranie wykorzystanie Video Grabbera pozwoli ponad wszelk\u0105 w\u0105tpliwo\u015b\u0107 ustali\u0107, czy monitorowane systemy pracowa\u0142y poprawnie:<\/p>\n<ul>\n<li>Czy system podczas startu zg\u0142asza\u0142 jakie\u015b b\u0142\u0119dy?<\/li>\n<li>Czy u\u017cytkownik pracowa\u0142 na danym komputerze, czy mo\u017ce zajmowa\u0142 si\u0119 innymi rzeczami?<\/li>\n<li>Co dok\u0142adnie dzia\u0142o si\u0119 z monitorowanym komputerem?<\/li>\n<li>Czy wszystkie czynno\u015bci wykonywane przez u\u017cytkownika by\u0142y wykonywane poprawnie?<\/li>\n<\/ul>\n<p>Dzi\u0119ki dok\u0142adnemu zapisowi zdarze\u0144, kt\u00f3re wyst\u0105pi\u0142y na ekranie wykorzystanie Video Grabbera pozwoli ponad wszelk\u0105 w\u0105tpliwo\u015b\u0107 ustali\u0107, czy monitorowane systemy pracowa\u0142y poprawnie:<\/p>\n    <\/div>\n<\/div>\n<!-- \/module text -->        <\/div>\n                    <div  data-lazy=\"1\" class=\"module_column tb-column col4-1 tb_fxko658 last\">\n                    <!-- module menu -->\n<div  class=\"module module-menu tb_ocyu418  mobile-menu-slide\" data-menu-style=\"mobile-menu-slide\" data-menu-breakpoint=\"0\" data-element-id=\"tb_ocyu418\" data-lazy=\"1\">\n    <h3 class=\"module-title\">Hardware<\/h3>    \n    <div class=\"module-menu-container\"><ul id=\"menu-products\" class=\"ui tf_clearfix nav tf_rel tf_scrollbar vertical tb_default_color\"><li id=\"menu-item-140\" class=\"menu-item-page-650 menu-item menu-item-type-post_type menu-item-object-page menu-item-140\"><a href=\"https:\/\/multisoftsa.com\/solutions\/displayport-amplifier\/\">DisplayPort Amplifier<\/a><\/li>\n<li id=\"menu-item-139\" class=\"menu-item-page-652 menu-item menu-item-type-post_type menu-item-object-page menu-item-139\"><a href=\"https:\/\/multisoftsa.com\/solutions\/dvi-booster\/\">DVI Booster<\/a><\/li>\n<\/ul><\/div>        <style>\n            .mobile-menu-module[data-module=\"tb_ocyu418\"]{\n                right:-300px            }\n        <\/style>\n    <\/div>\n<!-- \/module menu -->\n        <\/div>\n                        <\/div>\n        <\/div>\n        <\/div>\n<!--\/themify_builder_content-->","protected":false},"excerpt":{"rendered":"<p>Wraz z rosn\u0105c\u0105 liczb\u0105 system\u00f3w komputerowych kontrolowanie ich stanu staje si\u0119 coraz trudniejsze. Je\u015bli dodamy do tego fakt, \u017ce ka\u017cdy z nich zazwyczaj udost\u0119pnia u\u017cytkownikowi inny interfejs znajduj\u0105cy si\u0119 w innym, niekoniecznie komfortowym do pracy miejscu takim jak np. g\u0142o\u015bna serwerownia, to pozornie proste zadanie skontrolowania stanu zaledwie kilku system\u00f3w staje si\u0119 nie tylko skomplikowane, [&hellip;]<\/p>\n","protected":false},"author":3,"featured_media":0,"parent":0,"menu_order":0,"comment_status":"closed","ping_status":"closed","template":"","meta":{"footnotes":""},"class_list":["post-542","page","type-page","status-publish","hentry","has-post-title","has-post-date","has-post-category","has-post-tag","has-post-comment","has-post-author",""],"yoast_head":"<!-- This site is optimized with the Yoast SEO plugin v25.3.1 - https:\/\/yoast.com\/wordpress\/plugins\/seo\/ -->\n<title>Rozwi\u0105zania - MULTISOFT S.A.<\/title>\n<meta name=\"robots\" content=\"index, follow, max-snippet:-1, max-image-preview:large, max-video-preview:-1\" \/>\n<link rel=\"canonical\" href=\"https:\/\/multisoftsa.com\/pl\/rozwiazania\/\" \/>\n<meta property=\"og:locale\" content=\"pl_PL\" \/>\n<meta property=\"og:type\" content=\"article\" \/>\n<meta property=\"og:title\" content=\"Rozwi\u0105zania - MULTISOFT S.A.\" \/>\n<meta property=\"og:description\" content=\"Wraz z rosn\u0105c\u0105 liczb\u0105 system\u00f3w komputerowych kontrolowanie ich stanu staje si\u0119 coraz trudniejsze. Je\u015bli dodamy do tego fakt, \u017ce ka\u017cdy z nich zazwyczaj udost\u0119pnia u\u017cytkownikowi inny interfejs znajduj\u0105cy si\u0119 w innym, niekoniecznie komfortowym do pracy miejscu takim jak np. g\u0142o\u015bna serwerownia, to pozornie proste zadanie skontrolowania stanu zaledwie kilku system\u00f3w staje si\u0119 nie tylko skomplikowane, [&hellip;]\" \/>\n<meta property=\"og:url\" content=\"https:\/\/multisoftsa.com\/pl\/rozwiazania\/\" \/>\n<meta property=\"og:site_name\" content=\"MULTISOFT S.A.\" \/>\n<meta property=\"article:publisher\" content=\"https:\/\/www.facebook.com\/multisoftgroup\/\" \/>\n<meta property=\"article:modified_time\" content=\"2024-02-12T07:54:48+00:00\" \/>\n<meta name=\"twitter:card\" content=\"summary_large_image\" \/>\n<meta name=\"twitter:label1\" content=\"Szacowany czas czytania\" \/>\n\t<meta name=\"twitter:data1\" content=\"1 minuta\" \/>\n<script type=\"application\/ld+json\" class=\"yoast-schema-graph\">{\"@context\":\"https:\/\/schema.org\",\"@graph\":[{\"@type\":\"WebPage\",\"@id\":\"https:\/\/multisoftsa.com\/pl\/rozwiazania\/\",\"url\":\"https:\/\/multisoftsa.com\/pl\/rozwiazania\/\",\"name\":\"Rozwi\u0105zania - MULTISOFT S.A.\",\"isPartOf\":{\"@id\":\"https:\/\/multisoftsa.com\/pl\/#website\"},\"datePublished\":\"2024-01-05T08:04:03+00:00\",\"dateModified\":\"2024-02-12T07:54:48+00:00\",\"breadcrumb\":{\"@id\":\"https:\/\/multisoftsa.com\/pl\/rozwiazania\/#breadcrumb\"},\"inLanguage\":\"pl-PL\",\"potentialAction\":[{\"@type\":\"ReadAction\",\"target\":[\"https:\/\/multisoftsa.com\/pl\/rozwiazania\/\"]}]},{\"@type\":\"BreadcrumbList\",\"@id\":\"https:\/\/multisoftsa.com\/pl\/rozwiazania\/#breadcrumb\",\"itemListElement\":[{\"@type\":\"ListItem\",\"position\":1,\"name\":\"Strona g\u0142\u00f3wna\",\"item\":\"https:\/\/multisoftsa.com\/pl\/\"},{\"@type\":\"ListItem\",\"position\":2,\"name\":\"Rozwi\u0105zania\"}]},{\"@type\":\"WebSite\",\"@id\":\"https:\/\/multisoftsa.com\/pl\/#website\",\"url\":\"https:\/\/multisoftsa.com\/pl\/\",\"name\":\"MULTISOFT S.A.\",\"description\":\"\",\"publisher\":{\"@id\":\"https:\/\/multisoftsa.com\/pl\/#organization\"},\"potentialAction\":[{\"@type\":\"SearchAction\",\"target\":{\"@type\":\"EntryPoint\",\"urlTemplate\":\"https:\/\/multisoftsa.com\/pl\/?s={search_term_string}\"},\"query-input\":{\"@type\":\"PropertyValueSpecification\",\"valueRequired\":true,\"valueName\":\"search_term_string\"}}],\"inLanguage\":\"pl-PL\"},{\"@type\":\"Organization\",\"@id\":\"https:\/\/multisoftsa.com\/pl\/#organization\",\"name\":\"MULTISOFT S.A.\",\"url\":\"https:\/\/multisoftsa.com\/pl\/\",\"logo\":{\"@type\":\"ImageObject\",\"inLanguage\":\"pl-PL\",\"@id\":\"https:\/\/multisoftsa.com\/pl\/#\/schema\/logo\/image\/\",\"url\":\"https:\/\/multisoftsa.com\/wp-content\/uploads\/2024\/01\/logo-multisoft.svg\",\"contentUrl\":\"https:\/\/multisoftsa.com\/wp-content\/uploads\/2024\/01\/logo-multisoft.svg\",\"width\":1,\"height\":1,\"caption\":\"MULTISOFT S.A.\"},\"image\":{\"@id\":\"https:\/\/multisoftsa.com\/pl\/#\/schema\/logo\/image\/\"},\"sameAs\":[\"https:\/\/www.facebook.com\/multisoftgroup\/\",\"https:\/\/www.linkedin.com\/company\/10080493\/admin\/feed\/posts\/?feedType=following\"]}]}<\/script>\n<!-- \/ Yoast SEO plugin. -->","yoast_head_json":{"title":"Rozwi\u0105zania - MULTISOFT S.A.","robots":{"index":"index","follow":"follow","max-snippet":"max-snippet:-1","max-image-preview":"max-image-preview:large","max-video-preview":"max-video-preview:-1"},"canonical":"https:\/\/multisoftsa.com\/pl\/rozwiazania\/","og_locale":"pl_PL","og_type":"article","og_title":"Rozwi\u0105zania - MULTISOFT S.A.","og_description":"Wraz z rosn\u0105c\u0105 liczb\u0105 system\u00f3w komputerowych kontrolowanie ich stanu staje si\u0119 coraz trudniejsze. Je\u015bli dodamy do tego fakt, \u017ce ka\u017cdy z nich zazwyczaj udost\u0119pnia u\u017cytkownikowi inny interfejs znajduj\u0105cy si\u0119 w innym, niekoniecznie komfortowym do pracy miejscu takim jak np. g\u0142o\u015bna serwerownia, to pozornie proste zadanie skontrolowania stanu zaledwie kilku system\u00f3w staje si\u0119 nie tylko skomplikowane, [&hellip;]","og_url":"https:\/\/multisoftsa.com\/pl\/rozwiazania\/","og_site_name":"MULTISOFT S.A.","article_publisher":"https:\/\/www.facebook.com\/multisoftgroup\/","article_modified_time":"2024-02-12T07:54:48+00:00","twitter_card":"summary_large_image","twitter_misc":{"Szacowany czas czytania":"1 minuta"},"schema":{"@context":"https:\/\/schema.org","@graph":[{"@type":"WebPage","@id":"https:\/\/multisoftsa.com\/pl\/rozwiazania\/","url":"https:\/\/multisoftsa.com\/pl\/rozwiazania\/","name":"Rozwi\u0105zania - MULTISOFT S.A.","isPartOf":{"@id":"https:\/\/multisoftsa.com\/pl\/#website"},"datePublished":"2024-01-05T08:04:03+00:00","dateModified":"2024-02-12T07:54:48+00:00","breadcrumb":{"@id":"https:\/\/multisoftsa.com\/pl\/rozwiazania\/#breadcrumb"},"inLanguage":"pl-PL","potentialAction":[{"@type":"ReadAction","target":["https:\/\/multisoftsa.com\/pl\/rozwiazania\/"]}]},{"@type":"BreadcrumbList","@id":"https:\/\/multisoftsa.com\/pl\/rozwiazania\/#breadcrumb","itemListElement":[{"@type":"ListItem","position":1,"name":"Strona g\u0142\u00f3wna","item":"https:\/\/multisoftsa.com\/pl\/"},{"@type":"ListItem","position":2,"name":"Rozwi\u0105zania"}]},{"@type":"WebSite","@id":"https:\/\/multisoftsa.com\/pl\/#website","url":"https:\/\/multisoftsa.com\/pl\/","name":"MULTISOFT S.A.","description":"","publisher":{"@id":"https:\/\/multisoftsa.com\/pl\/#organization"},"potentialAction":[{"@type":"SearchAction","target":{"@type":"EntryPoint","urlTemplate":"https:\/\/multisoftsa.com\/pl\/?s={search_term_string}"},"query-input":{"@type":"PropertyValueSpecification","valueRequired":true,"valueName":"search_term_string"}}],"inLanguage":"pl-PL"},{"@type":"Organization","@id":"https:\/\/multisoftsa.com\/pl\/#organization","name":"MULTISOFT S.A.","url":"https:\/\/multisoftsa.com\/pl\/","logo":{"@type":"ImageObject","inLanguage":"pl-PL","@id":"https:\/\/multisoftsa.com\/pl\/#\/schema\/logo\/image\/","url":"https:\/\/multisoftsa.com\/wp-content\/uploads\/2024\/01\/logo-multisoft.svg","contentUrl":"https:\/\/multisoftsa.com\/wp-content\/uploads\/2024\/01\/logo-multisoft.svg","width":1,"height":1,"caption":"MULTISOFT S.A."},"image":{"@id":"https:\/\/multisoftsa.com\/pl\/#\/schema\/logo\/image\/"},"sameAs":["https:\/\/www.facebook.com\/multisoftgroup\/","https:\/\/www.linkedin.com\/company\/10080493\/admin\/feed\/posts\/?feedType=following"]}]}},"builder_content":"<h1>Przejmij kontrol\u0119<br\/><\/h1>\n<p>Wraz z rosn\u0105c\u0105 liczb\u0105 system\u00f3w komputerowych kontrolowanie ich stanu staje si\u0119 coraz trudniejsze.<\/p> <p>Je\u015bli dodamy do tego fakt, \u017ce ka\u017cdy z nich zazwyczaj udost\u0119pnia u\u017cytkownikowi inny interfejs znajduj\u0105cy si\u0119 w innym, niekoniecznie komfortowym do pracy miejscu takim jak np. g\u0142o\u015bna serwerownia, to pozornie proste zadanie skontrolowania stanu zaledwie kilku system\u00f3w staje si\u0119 nie tylko skomplikowane, ale i czasoch\u0142onne.<\/p>\n<h1>Video Grabber<br\/><\/h1>\n<p>Video Grabber jest niezast\u0105piony w momencie, gdy samo monitorowanie parametr\u00f3w nie wystarcza, a potrzebne s\u0105 dok\u0142adne dane o tym, co si\u0119 w rzeczywisto\u015bci wydarzy\u0142o.<\/p> <p>Urz\u0105dzenie zosta\u0142o zaprojektowane dla system\u00f3w kontroli ruchu powietrznego, dzi\u0119ki czemu zapewnia najwy\u017csz\u0105 jako\u015b\u0107 i niezawodno\u015b\u0107 dzia\u0142ania. Video Grabber mo\u017ce r\u00f3wnie\u017c znale\u017a\u0107 zastosowanie w systemach instytucji finansowych, organizacji rz\u0105dowych i wszelkiego rodzaju centrach zarz\u0105dzania.<\/p> <p>Dzi\u0119ki dok\u0142adnemu zapisowi zdarze\u0144, kt\u00f3re wyst\u0105pi\u0142y na ekranie wykorzystanie Video Grabbera pozwoli ponad wszelk\u0105 w\u0105tpliwo\u015b\u0107 ustali\u0107, czy monitorowane systemy pracowa\u0142y poprawnie:<\/p> <ul> <li>Czy system podczas startu zg\u0142asza\u0142 jakie\u015b b\u0142\u0119dy?<\/li> <li>Czy u\u017cytkownik pracowa\u0142 na danym komputerze, czy mo\u017ce zajmowa\u0142 si\u0119 innymi rzeczami?<\/li> <li>Co dok\u0142adnie dzia\u0142o si\u0119 z monitorowanym komputerem?<\/li> <li>Czy wszystkie czynno\u015bci wykonywane przez u\u017cytkownika by\u0142y wykonywane poprawnie?<\/li> <\/ul> <p>Dzi\u0119ki dok\u0142adnemu zapisowi zdarze\u0144, kt\u00f3re wyst\u0105pi\u0142y na ekranie wykorzystanie Video Grabbera pozwoli ponad wszelk\u0105 w\u0105tpliwo\u015b\u0107 ustali\u0107, czy monitorowane systemy pracowa\u0142y poprawnie:<\/p>\n<h3>Hardware<\/h3> <ul id=\"menu-products-1\"><li><a href=\"https:\/\/multisoftsa.com\/solutions\/displayport-amplifier\/\">DisplayPort Amplifier<\/a><\/li> <li><a href=\"https:\/\/multisoftsa.com\/solutions\/dvi-booster\/\">DVI Booster<\/a><\/li> <\/ul>","_links":{"self":[{"href":"https:\/\/multisoftsa.com\/pl\/wp-json\/wp\/v2\/pages\/542","targetHints":{"allow":["GET"]}}],"collection":[{"href":"https:\/\/multisoftsa.com\/pl\/wp-json\/wp\/v2\/pages"}],"about":[{"href":"https:\/\/multisoftsa.com\/pl\/wp-json\/wp\/v2\/types\/page"}],"author":[{"embeddable":true,"href":"https:\/\/multisoftsa.com\/pl\/wp-json\/wp\/v2\/users\/3"}],"replies":[{"embeddable":true,"href":"https:\/\/multisoftsa.com\/pl\/wp-json\/wp\/v2\/comments?post=542"}],"version-history":[{"count":3,"href":"https:\/\/multisoftsa.com\/pl\/wp-json\/wp\/v2\/pages\/542\/revisions"}],"predecessor-version":[{"id":545,"href":"https:\/\/multisoftsa.com\/pl\/wp-json\/wp\/v2\/pages\/542\/revisions\/545"}],"wp:attachment":[{"href":"https:\/\/multisoftsa.com\/pl\/wp-json\/wp\/v2\/media?parent=542"}],"curies":[{"name":"wp","href":"https:\/\/api.w.org\/{rel}","templated":true}]}}