{"id":538,"date":"2024-01-05T08:59:10","date_gmt":"2024-01-05T07:59:10","guid":{"rendered":"https:\/\/multisoftsa.com\/o-naszej-firmie\/"},"modified":"2024-02-12T13:48:01","modified_gmt":"2024-02-12T12:48:01","slug":"o-naszej-firmie","status":"publish","type":"page","link":"https:\/\/multisoftsa.com\/pl\/o-naszej-firmie\/","title":{"rendered":"O naszej firmie"},"content":{"rendered":"<!--themify_builder_content-->\n<div id=\"themify_builder_content-538\" data-postid=\"538\" class=\"themify_builder_content themify_builder_content-538 themify_builder tf_clear\">\n                    <div  data-css_id=\"t36462\" data-lazy=\"1\" class=\"module_row themify_builder_row fullwidth tb_t36462 tb_first tf_w\">\n                        <div class=\"row_inner col_align_top tb_col_count_1 tf_box tf_rel\">\n                        <div  data-lazy=\"1\" class=\"module_column tb-column col-full tb_7f3g62 first\">\n                            <\/div>\n                        <\/div>\n        <\/div>\n                        <div  data-lazy=\"1\" class=\"module_row themify_builder_row tb_yj8y624 tf_w\">\n                        <div class=\"row_inner col_align_top tb_col_count_1 tf_box tf_rel\">\n                        <div  data-lazy=\"1\" class=\"module_column tb-column col-full tb_7fwj625 first\">\n                    <!-- module text -->\n<div  class=\"module module-text tb_z79d552   \" data-lazy=\"1\">\n        <div  class=\"tb_text_wrap\">\n        <p>Firma Multisoft powsta\u0142a w 1997 roku. Nasz\u0105 misj\u0105 od pocz\u0105tku by\u0142o rozwi\u0105zywanie informatycznych problem\u00f3w naszych klient\u00f3w. Zawsze stali\u015bmy na stanowisku, \u017ce to system powinien by\u0107 dostosowany do klienta, a nie odwrotnie.<\/p><p><br>Nasza firma jest w 100% polskim przedsi\u0119biorstwem prywatnym, posiadaj\u0105cym dw\u00f3ch g\u0142\u00f3wnych udzia\u0142owc\u00f3w, kt\u00f3rzy kontroluj\u0105 ponad 70% udzia\u0142\u00f3w, podczas gdy pozosta\u0142e 30% jest podzielone mi\u0119dzy polsk\u0105 spo\u0142eczno\u015b\u0107 biznesow\u0105 i naszych pracownik\u00f3w.<\/p><p><br>Ponad 20-letnie do\u015bwiadczenie na rynku umocni\u0142o nas w przekonaniu, \u017ce to system ma by\u0107 dopasowany do klienta. Staramy si\u0119 zaoferowa\u0107 szeroki zakres rozwi\u0105za\u0144, kt\u00f3re idealnie spe\u0142ni\u0105 potrzeby naszych Klient\u00f3w. The expertise gained in the course of our business activity has only additionally supported our earliest conviction that impossible things do not exist, there are only challenges.<\/p><p>Pracowali\u015bmy nad rozwojem system\u00f3w kontroli ruchu lotniczego (ATC), sprz\u0119tu monitoruj\u0105cego, oprogramowania, instalacji sal serwerowych, okablowania oraz innych dedykowanych rozwi\u0105za\u0144, kt\u00f3re by\u0142y niezb\u0119dne dla zaspokojenia potrzeb naszych Klient\u00f3w.<\/p><p>To pot\u0119\u017cne do\u015bwiadczenie da\u0142o nam &#8222;know-how&#8221; w dziedzinie, co pozwoli\u0142o nam stworzy\u0107 i rozwija\u0107 w\u0142asne urz\u0105dzenia i systemy, kt\u00f3re okaza\u0142y si\u0119 by\u0107 najbardziej niezawodne i efektywne.<\/p><p>Wysoka jako\u015b\u0107 oferowanych przez nas rozwi\u0105za\u0144 zosta\u0142a doceniona przez naszych klient\u00f3w na ca\u0142ym \u015bwiecie, co zaowocowa\u0142o licznymi projektami w ponad 30 krajach na 5 kontynentach.<\/p>    <\/div>\n<\/div>\n<!-- \/module text -->        <\/div>\n                        <\/div>\n        <\/div>\n        <\/div>\n<!--\/themify_builder_content-->","protected":false},"excerpt":{"rendered":"<p>Firma Multisoft powsta\u0142a w 1997 roku. Nasz\u0105 misj\u0105 od pocz\u0105tku by\u0142o rozwi\u0105zywanie informatycznych problem\u00f3w naszych klient\u00f3w. Zawsze stali\u015bmy na stanowisku, \u017ce to system powinien by\u0107 dostosowany do klienta, a nie odwrotnie.Nasza firma jest w 100% polskim przedsi\u0119biorstwem prywatnym, posiadaj\u0105cym dw\u00f3ch g\u0142\u00f3wnych udzia\u0142owc\u00f3w, kt\u00f3rzy kontroluj\u0105 ponad 70% udzia\u0142\u00f3w, podczas gdy pozosta\u0142e 30% jest podzielone mi\u0119dzy polsk\u0105 [&hellip;]<\/p>\n","protected":false},"author":3,"featured_media":0,"parent":0,"menu_order":0,"comment_status":"closed","ping_status":"closed","template":"","meta":{"footnotes":""},"class_list":["post-538","page","type-page","status-publish","hentry","has-post-title","has-post-date","has-post-category","has-post-tag","has-post-comment","has-post-author",""],"yoast_head":"<!-- This site is optimized with the Yoast SEO plugin v25.3.1 - https:\/\/yoast.com\/wordpress\/plugins\/seo\/ -->\n<title>O naszej firmie - MULTISOFT S.A.<\/title>\n<meta name=\"robots\" content=\"index, follow, max-snippet:-1, max-image-preview:large, max-video-preview:-1\" \/>\n<link rel=\"canonical\" href=\"https:\/\/multisoftsa.com\/pl\/o-naszej-firmie\/\" \/>\n<meta property=\"og:locale\" content=\"pl_PL\" \/>\n<meta property=\"og:type\" content=\"article\" \/>\n<meta property=\"og:title\" content=\"O naszej firmie - MULTISOFT S.A.\" \/>\n<meta property=\"og:description\" content=\"Firma Multisoft powsta\u0142a w 1997 roku. Nasz\u0105 misj\u0105 od pocz\u0105tku by\u0142o rozwi\u0105zywanie informatycznych problem\u00f3w naszych klient\u00f3w. Zawsze stali\u015bmy na stanowisku, \u017ce to system powinien by\u0107 dostosowany do klienta, a nie odwrotnie.Nasza firma jest w 100% polskim przedsi\u0119biorstwem prywatnym, posiadaj\u0105cym dw\u00f3ch g\u0142\u00f3wnych udzia\u0142owc\u00f3w, kt\u00f3rzy kontroluj\u0105 ponad 70% udzia\u0142\u00f3w, podczas gdy pozosta\u0142e 30% jest podzielone mi\u0119dzy polsk\u0105 [&hellip;]\" \/>\n<meta property=\"og:url\" content=\"https:\/\/multisoftsa.com\/pl\/o-naszej-firmie\/\" \/>\n<meta property=\"og:site_name\" content=\"MULTISOFT S.A.\" \/>\n<meta property=\"article:publisher\" content=\"https:\/\/www.facebook.com\/multisoftgroup\/\" \/>\n<meta property=\"article:modified_time\" content=\"2024-02-12T12:48:01+00:00\" \/>\n<meta name=\"twitter:card\" content=\"summary_large_image\" \/>\n<meta name=\"twitter:label1\" content=\"Szacowany czas czytania\" \/>\n\t<meta name=\"twitter:data1\" content=\"1 minuta\" \/>\n<script type=\"application\/ld+json\" class=\"yoast-schema-graph\">{\"@context\":\"https:\/\/schema.org\",\"@graph\":[{\"@type\":\"WebPage\",\"@id\":\"https:\/\/multisoftsa.com\/pl\/o-naszej-firmie\/\",\"url\":\"https:\/\/multisoftsa.com\/pl\/o-naszej-firmie\/\",\"name\":\"O naszej firmie - MULTISOFT S.A.\",\"isPartOf\":{\"@id\":\"https:\/\/multisoftsa.com\/pl\/#website\"},\"datePublished\":\"2024-01-05T07:59:10+00:00\",\"dateModified\":\"2024-02-12T12:48:01+00:00\",\"breadcrumb\":{\"@id\":\"https:\/\/multisoftsa.com\/pl\/o-naszej-firmie\/#breadcrumb\"},\"inLanguage\":\"pl-PL\",\"potentialAction\":[{\"@type\":\"ReadAction\",\"target\":[\"https:\/\/multisoftsa.com\/pl\/o-naszej-firmie\/\"]}]},{\"@type\":\"BreadcrumbList\",\"@id\":\"https:\/\/multisoftsa.com\/pl\/o-naszej-firmie\/#breadcrumb\",\"itemListElement\":[{\"@type\":\"ListItem\",\"position\":1,\"name\":\"Strona g\u0142\u00f3wna\",\"item\":\"https:\/\/multisoftsa.com\/pl\/\"},{\"@type\":\"ListItem\",\"position\":2,\"name\":\"O naszej firmie\"}]},{\"@type\":\"WebSite\",\"@id\":\"https:\/\/multisoftsa.com\/pl\/#website\",\"url\":\"https:\/\/multisoftsa.com\/pl\/\",\"name\":\"MULTISOFT S.A.\",\"description\":\"\",\"publisher\":{\"@id\":\"https:\/\/multisoftsa.com\/pl\/#organization\"},\"potentialAction\":[{\"@type\":\"SearchAction\",\"target\":{\"@type\":\"EntryPoint\",\"urlTemplate\":\"https:\/\/multisoftsa.com\/pl\/?s={search_term_string}\"},\"query-input\":{\"@type\":\"PropertyValueSpecification\",\"valueRequired\":true,\"valueName\":\"search_term_string\"}}],\"inLanguage\":\"pl-PL\"},{\"@type\":\"Organization\",\"@id\":\"https:\/\/multisoftsa.com\/pl\/#organization\",\"name\":\"MULTISOFT S.A.\",\"url\":\"https:\/\/multisoftsa.com\/pl\/\",\"logo\":{\"@type\":\"ImageObject\",\"inLanguage\":\"pl-PL\",\"@id\":\"https:\/\/multisoftsa.com\/pl\/#\/schema\/logo\/image\/\",\"url\":\"https:\/\/multisoftsa.com\/wp-content\/uploads\/2024\/01\/logo-multisoft.svg\",\"contentUrl\":\"https:\/\/multisoftsa.com\/wp-content\/uploads\/2024\/01\/logo-multisoft.svg\",\"width\":1,\"height\":1,\"caption\":\"MULTISOFT S.A.\"},\"image\":{\"@id\":\"https:\/\/multisoftsa.com\/pl\/#\/schema\/logo\/image\/\"},\"sameAs\":[\"https:\/\/www.facebook.com\/multisoftgroup\/\",\"https:\/\/www.linkedin.com\/company\/10080493\/admin\/feed\/posts\/?feedType=following\"]}]}<\/script>\n<!-- \/ Yoast SEO plugin. -->","yoast_head_json":{"title":"O naszej firmie - MULTISOFT S.A.","robots":{"index":"index","follow":"follow","max-snippet":"max-snippet:-1","max-image-preview":"max-image-preview:large","max-video-preview":"max-video-preview:-1"},"canonical":"https:\/\/multisoftsa.com\/pl\/o-naszej-firmie\/","og_locale":"pl_PL","og_type":"article","og_title":"O naszej firmie - MULTISOFT S.A.","og_description":"Firma Multisoft powsta\u0142a w 1997 roku. Nasz\u0105 misj\u0105 od pocz\u0105tku by\u0142o rozwi\u0105zywanie informatycznych problem\u00f3w naszych klient\u00f3w. Zawsze stali\u015bmy na stanowisku, \u017ce to system powinien by\u0107 dostosowany do klienta, a nie odwrotnie.Nasza firma jest w 100% polskim przedsi\u0119biorstwem prywatnym, posiadaj\u0105cym dw\u00f3ch g\u0142\u00f3wnych udzia\u0142owc\u00f3w, kt\u00f3rzy kontroluj\u0105 ponad 70% udzia\u0142\u00f3w, podczas gdy pozosta\u0142e 30% jest podzielone mi\u0119dzy polsk\u0105 [&hellip;]","og_url":"https:\/\/multisoftsa.com\/pl\/o-naszej-firmie\/","og_site_name":"MULTISOFT S.A.","article_publisher":"https:\/\/www.facebook.com\/multisoftgroup\/","article_modified_time":"2024-02-12T12:48:01+00:00","twitter_card":"summary_large_image","twitter_misc":{"Szacowany czas czytania":"1 minuta"},"schema":{"@context":"https:\/\/schema.org","@graph":[{"@type":"WebPage","@id":"https:\/\/multisoftsa.com\/pl\/o-naszej-firmie\/","url":"https:\/\/multisoftsa.com\/pl\/o-naszej-firmie\/","name":"O naszej firmie - MULTISOFT S.A.","isPartOf":{"@id":"https:\/\/multisoftsa.com\/pl\/#website"},"datePublished":"2024-01-05T07:59:10+00:00","dateModified":"2024-02-12T12:48:01+00:00","breadcrumb":{"@id":"https:\/\/multisoftsa.com\/pl\/o-naszej-firmie\/#breadcrumb"},"inLanguage":"pl-PL","potentialAction":[{"@type":"ReadAction","target":["https:\/\/multisoftsa.com\/pl\/o-naszej-firmie\/"]}]},{"@type":"BreadcrumbList","@id":"https:\/\/multisoftsa.com\/pl\/o-naszej-firmie\/#breadcrumb","itemListElement":[{"@type":"ListItem","position":1,"name":"Strona g\u0142\u00f3wna","item":"https:\/\/multisoftsa.com\/pl\/"},{"@type":"ListItem","position":2,"name":"O naszej firmie"}]},{"@type":"WebSite","@id":"https:\/\/multisoftsa.com\/pl\/#website","url":"https:\/\/multisoftsa.com\/pl\/","name":"MULTISOFT S.A.","description":"","publisher":{"@id":"https:\/\/multisoftsa.com\/pl\/#organization"},"potentialAction":[{"@type":"SearchAction","target":{"@type":"EntryPoint","urlTemplate":"https:\/\/multisoftsa.com\/pl\/?s={search_term_string}"},"query-input":{"@type":"PropertyValueSpecification","valueRequired":true,"valueName":"search_term_string"}}],"inLanguage":"pl-PL"},{"@type":"Organization","@id":"https:\/\/multisoftsa.com\/pl\/#organization","name":"MULTISOFT S.A.","url":"https:\/\/multisoftsa.com\/pl\/","logo":{"@type":"ImageObject","inLanguage":"pl-PL","@id":"https:\/\/multisoftsa.com\/pl\/#\/schema\/logo\/image\/","url":"https:\/\/multisoftsa.com\/wp-content\/uploads\/2024\/01\/logo-multisoft.svg","contentUrl":"https:\/\/multisoftsa.com\/wp-content\/uploads\/2024\/01\/logo-multisoft.svg","width":1,"height":1,"caption":"MULTISOFT S.A."},"image":{"@id":"https:\/\/multisoftsa.com\/pl\/#\/schema\/logo\/image\/"},"sameAs":["https:\/\/www.facebook.com\/multisoftgroup\/","https:\/\/www.linkedin.com\/company\/10080493\/admin\/feed\/posts\/?feedType=following"]}]}},"builder_content":"<p>Firma Multisoft powsta\u0142a w 1997 roku. Nasz\u0105 misj\u0105 od pocz\u0105tku by\u0142o rozwi\u0105zywanie informatycznych problem\u00f3w naszych klient\u00f3w. Zawsze stali\u015bmy na stanowisku, \u017ce to system powinien by\u0107 dostosowany do klienta, a nie odwrotnie.<\/p><p><br>Nasza firma jest w 100% polskim przedsi\u0119biorstwem prywatnym, posiadaj\u0105cym dw\u00f3ch g\u0142\u00f3wnych udzia\u0142owc\u00f3w, kt\u00f3rzy kontroluj\u0105 ponad 70% udzia\u0142\u00f3w, podczas gdy pozosta\u0142e 30% jest podzielone mi\u0119dzy polsk\u0105 spo\u0142eczno\u015b\u0107 biznesow\u0105 i naszych pracownik\u00f3w.<\/p><p><br>Ponad 20-letnie do\u015bwiadczenie na rynku umocni\u0142o nas w przekonaniu, \u017ce to system ma by\u0107 dopasowany do klienta. Staramy si\u0119 zaoferowa\u0107 szeroki zakres rozwi\u0105za\u0144, kt\u00f3re idealnie spe\u0142ni\u0105 potrzeby naszych Klient\u00f3w. The expertise gained in the course of our business activity has only additionally supported our earliest conviction that impossible things do not exist, there are only challenges.<\/p><p>Pracowali\u015bmy nad rozwojem system\u00f3w kontroli ruchu lotniczego (ATC), sprz\u0119tu monitoruj\u0105cego, oprogramowania, instalacji sal serwerowych, okablowania oraz innych dedykowanych rozwi\u0105za\u0144, kt\u00f3re by\u0142y niezb\u0119dne dla zaspokojenia potrzeb naszych Klient\u00f3w.<\/p><p>To pot\u0119\u017cne do\u015bwiadczenie da\u0142o nam \"know-how\" w dziedzinie, co pozwoli\u0142o nam stworzy\u0107 i rozwija\u0107 w\u0142asne urz\u0105dzenia i systemy, kt\u00f3re okaza\u0142y si\u0119 by\u0107 najbardziej niezawodne i efektywne.<\/p><p>Wysoka jako\u015b\u0107 oferowanych przez nas rozwi\u0105za\u0144 zosta\u0142a doceniona przez naszych klient\u00f3w na ca\u0142ym \u015bwiecie, co zaowocowa\u0142o licznymi projektami w ponad 30 krajach na 5 kontynentach.<\/p>","_links":{"self":[{"href":"https:\/\/multisoftsa.com\/pl\/wp-json\/wp\/v2\/pages\/538","targetHints":{"allow":["GET"]}}],"collection":[{"href":"https:\/\/multisoftsa.com\/pl\/wp-json\/wp\/v2\/pages"}],"about":[{"href":"https:\/\/multisoftsa.com\/pl\/wp-json\/wp\/v2\/types\/page"}],"author":[{"embeddable":true,"href":"https:\/\/multisoftsa.com\/pl\/wp-json\/wp\/v2\/users\/3"}],"replies":[{"embeddable":true,"href":"https:\/\/multisoftsa.com\/pl\/wp-json\/wp\/v2\/comments?post=538"}],"version-history":[{"count":7,"href":"https:\/\/multisoftsa.com\/pl\/wp-json\/wp\/v2\/pages\/538\/revisions"}],"predecessor-version":[{"id":596,"href":"https:\/\/multisoftsa.com\/pl\/wp-json\/wp\/v2\/pages\/538\/revisions\/596"}],"wp:attachment":[{"href":"https:\/\/multisoftsa.com\/pl\/wp-json\/wp\/v2\/media?parent=538"}],"curies":[{"name":"wp","href":"https:\/\/api.w.org\/{rel}","templated":true}]}}