{"id":718,"date":"2024-01-05T09:47:40","date_gmt":"2024-01-05T08:47:40","guid":{"rendered":"https:\/\/multisoftsa.com\/leistungen\/"},"modified":"2024-04-09T09:30:57","modified_gmt":"2024-04-09T07:30:57","slug":"leistungen","status":"publish","type":"page","link":"https:\/\/multisoftsa.com\/de\/leistungen\/","title":{"rendered":"Leistungen"},"content":{"rendered":"<!--themify_builder_content-->\n<div id=\"themify_builder_content-718\" data-postid=\"718\" class=\"themify_builder_content themify_builder_content-718 themify_builder tf_clear\">\n                    <div  data-lazy=\"1\" class=\"module_row themify_builder_row tb_zynf597 tb_first tf_w\">\n                        <div class=\"row_inner col_align_top tb_col_count_2 tf_box tf_rel\">\n                        <div  data-lazy=\"1\" class=\"module_column tb-column col4-3 tb_b5fk597 first\">\n                    <!-- module text -->\n<div  class=\"module module-text tb_xfuk8   \" data-lazy=\"1\">\n        <div  class=\"tb_text_wrap\">\n        <p>Mit Multisoft k\u00f6nnen Sie Ihrem Unternehmen einen umfassenden IT-Support gew\u00e4hrleisten, der den allen Ihren Anforderungen entspricht. Unsere L\u00f6sungen werden auf Ihr Budget zugeschnitten und bieten Vollgarantie. Dar\u00fcber hinaus k\u00f6nnen Sie sich auf unseren technischen Support 24 Stunden pro Tag verlassen. Beispielsweise k\u00f6nnen wir Ihnen einen kompletten Arbeitsplatz (Computer, Monitor, Peripherieger\u00e4te) inkl. der notwendigen Software anbieten, und zwar genau nach den von Ihnen freigegebenen Spezifikationen. Neben der Ausstattung erhalten Sie auch technischen Support durch unsere hochqualifizierten Ingenieure. Daher k\u00f6nnen Sie, wenn eines der von uns bereitgestellten Ger\u00e4te ausf\u00e4llt, immer auf unsere schnelle und professionelle Hilfe z\u00e4hlen. Wir bieten sowohl Fern- als auch Direktunterst\u00fctzung an.<\/p><p><strong>Multisoft bietet auch Support f\u00fcr bereits bestehende IT-Infrastrukturen, d.h. auch solche, die nicht von uns bereitgestellt wurden.<\/strong><\/p><p>In solchem Fall m\u00fcssen unsere Kunden keine zus\u00e4tzlichen Ingenieure oder IT-Spezialisten besch\u00e4ftigen, die sich um die Anlagen des Unternehmens k\u00fcmmern. Diese Unterst\u00fctzung besteht nicht nur aus rein technischer Arbeit, sondern gew&#8217;hrleistet auch eine langfristige Partnerschaft und Beratung unserer Kunden. Dies sollte den zuk\u00fcnftigen Verbesserungen dienen, stets unter Ber\u00fccksichtigung spezifischer, kostenbezogener Bed\u00fcrfnisse unserer Kunden.<\/p><p>S\u00e4mtliche von Multisoft angebotenen Leistungen sind immer an individuelle Erwartungen und Bed\u00fcrfnisse unserer Kunden angepasst.<\/p>    <\/div>\n<\/div>\n<!-- \/module text -->        <\/div>\n                    <div  data-lazy=\"1\" class=\"module_column tb-column col4-1 tb_ux4h597 last\">\n                    <!-- module menu -->\n<div  class=\"module module-menu tb_gz9c710  mobile-menu-slide\" data-menu-style=\"mobile-menu-slide\" data-menu-breakpoint=\"0\" data-element-id=\"tb_gz9c710\" data-lazy=\"1\">\n    <h3 class=\"module-title\">Unsere Leistungen<\/h3>    \n    <div class=\"module-menu-container\"><ul id=\"menu-services\" class=\"ui tf_clearfix nav tf_rel tf_scrollbar vertical tb_default_color embossed\"><li id=\"menu-item-163\" class=\"menu-item-page-625 menu-item menu-item-type-post_type menu-item-object-page menu-item-163\"><a href=\"https:\/\/multisoftsa.com\/services\/atc-systems-air-traffic-control\/\">Luftraum\u00fcberwachung<\/a><\/li>\n<li id=\"menu-item-164\" class=\"menu-item-page-621 menu-item menu-item-type-post_type menu-item-object-page menu-item-164\"><a href=\"https:\/\/multisoftsa.com\/services\/outsourcing\/\">Auslagerung<\/a><\/li>\n<li id=\"menu-item-165\" class=\"menu-item-page-629 menu-item menu-item-type-post_type menu-item-object-page menu-item-165\"><a href=\"https:\/\/multisoftsa.com\/services\/network-infrastructures\/\">Netzwerk-Infrastrukturen.<\/a><\/li>\n<\/ul><\/div>        <style>\n            .mobile-menu-module[data-module=\"tb_gz9c710\"]{\n                right:-300px            }\n        <\/style>\n    <\/div>\n<!-- \/module menu -->\n        <\/div>\n                        <\/div>\n        <\/div>\n        <\/div>\n<!--\/themify_builder_content-->","protected":false},"excerpt":{"rendered":"<p>Mit Multisoft k\u00f6nnen Sie Ihrem Unternehmen einen umfassenden IT-Support gew\u00e4hrleisten, der den allen Ihren Anforderungen entspricht. Unsere L\u00f6sungen werden auf Ihr Budget zugeschnitten und bieten Vollgarantie. Dar\u00fcber hinaus k\u00f6nnen Sie sich auf unseren technischen Support 24 Stunden pro Tag verlassen. Beispielsweise k\u00f6nnen wir Ihnen einen kompletten Arbeitsplatz (Computer, Monitor, Peripherieger\u00e4te) inkl. der notwendigen Software anbieten, [&hellip;]<\/p>\n","protected":false},"author":3,"featured_media":0,"parent":0,"menu_order":0,"comment_status":"closed","ping_status":"closed","template":"","meta":{"footnotes":""},"class_list":["post-718","page","type-page","status-publish","hentry","has-post-title","has-post-date","has-post-category","has-post-tag","has-post-comment","has-post-author",""],"yoast_head":"<!-- This site is optimized with the Yoast SEO plugin v25.3.1 - https:\/\/yoast.com\/wordpress\/plugins\/seo\/ -->\n<title>Leistungen - MULTISOFT S.A.<\/title>\n<meta name=\"robots\" content=\"index, follow, max-snippet:-1, max-image-preview:large, max-video-preview:-1\" \/>\n<link rel=\"canonical\" href=\"https:\/\/multisoftsa.com\/de\/leistungen\/\" \/>\n<meta property=\"og:locale\" content=\"de_DE\" \/>\n<meta property=\"og:type\" content=\"article\" \/>\n<meta property=\"og:title\" content=\"Leistungen - MULTISOFT S.A.\" \/>\n<meta property=\"og:description\" content=\"Mit Multisoft k\u00f6nnen Sie Ihrem Unternehmen einen umfassenden IT-Support gew\u00e4hrleisten, der den allen Ihren Anforderungen entspricht. Unsere L\u00f6sungen werden auf Ihr Budget zugeschnitten und bieten Vollgarantie. Dar\u00fcber hinaus k\u00f6nnen Sie sich auf unseren technischen Support 24 Stunden pro Tag verlassen. Beispielsweise k\u00f6nnen wir Ihnen einen kompletten Arbeitsplatz (Computer, Monitor, Peripherieger\u00e4te) inkl. der notwendigen Software anbieten, [&hellip;]\" \/>\n<meta property=\"og:url\" content=\"https:\/\/multisoftsa.com\/de\/leistungen\/\" \/>\n<meta property=\"og:site_name\" content=\"MULTISOFT S.A.\" \/>\n<meta property=\"article:publisher\" content=\"https:\/\/www.facebook.com\/multisoftgroup\/\" \/>\n<meta property=\"article:modified_time\" content=\"2024-04-09T07:30:57+00:00\" \/>\n<meta name=\"twitter:card\" content=\"summary_large_image\" \/>\n<meta name=\"twitter:label1\" content=\"Gesch\u00e4tzte Lesezeit\" \/>\n\t<meta name=\"twitter:data1\" content=\"1\u00a0Minute\" \/>\n<script type=\"application\/ld+json\" class=\"yoast-schema-graph\">{\"@context\":\"https:\/\/schema.org\",\"@graph\":[{\"@type\":\"WebPage\",\"@id\":\"https:\/\/multisoftsa.com\/de\/leistungen\/\",\"url\":\"https:\/\/multisoftsa.com\/de\/leistungen\/\",\"name\":\"Leistungen - MULTISOFT S.A.\",\"isPartOf\":{\"@id\":\"https:\/\/multisoftsa.com\/de\/#website\"},\"datePublished\":\"2024-01-05T08:47:40+00:00\",\"dateModified\":\"2024-04-09T07:30:57+00:00\",\"breadcrumb\":{\"@id\":\"https:\/\/multisoftsa.com\/de\/leistungen\/#breadcrumb\"},\"inLanguage\":\"de\",\"potentialAction\":[{\"@type\":\"ReadAction\",\"target\":[\"https:\/\/multisoftsa.com\/de\/leistungen\/\"]}]},{\"@type\":\"BreadcrumbList\",\"@id\":\"https:\/\/multisoftsa.com\/de\/leistungen\/#breadcrumb\",\"itemListElement\":[{\"@type\":\"ListItem\",\"position\":1,\"name\":\"Strona g\u0142\u00f3wna\",\"item\":\"https:\/\/multisoftsa.com\/de\/\"},{\"@type\":\"ListItem\",\"position\":2,\"name\":\"Leistungen\"}]},{\"@type\":\"WebSite\",\"@id\":\"https:\/\/multisoftsa.com\/de\/#website\",\"url\":\"https:\/\/multisoftsa.com\/de\/\",\"name\":\"MULTISOFT S.A.\",\"description\":\"\",\"publisher\":{\"@id\":\"https:\/\/multisoftsa.com\/de\/#organization\"},\"potentialAction\":[{\"@type\":\"SearchAction\",\"target\":{\"@type\":\"EntryPoint\",\"urlTemplate\":\"https:\/\/multisoftsa.com\/de\/?s={search_term_string}\"},\"query-input\":{\"@type\":\"PropertyValueSpecification\",\"valueRequired\":true,\"valueName\":\"search_term_string\"}}],\"inLanguage\":\"de\"},{\"@type\":\"Organization\",\"@id\":\"https:\/\/multisoftsa.com\/de\/#organization\",\"name\":\"MULTISOFT S.A.\",\"url\":\"https:\/\/multisoftsa.com\/de\/\",\"logo\":{\"@type\":\"ImageObject\",\"inLanguage\":\"de\",\"@id\":\"https:\/\/multisoftsa.com\/de\/#\/schema\/logo\/image\/\",\"url\":\"https:\/\/multisoftsa.com\/wp-content\/uploads\/2024\/01\/logo-multisoft.svg\",\"contentUrl\":\"https:\/\/multisoftsa.com\/wp-content\/uploads\/2024\/01\/logo-multisoft.svg\",\"width\":1,\"height\":1,\"caption\":\"MULTISOFT S.A.\"},\"image\":{\"@id\":\"https:\/\/multisoftsa.com\/de\/#\/schema\/logo\/image\/\"},\"sameAs\":[\"https:\/\/www.facebook.com\/multisoftgroup\/\",\"https:\/\/www.linkedin.com\/company\/10080493\/admin\/feed\/posts\/?feedType=following\"]}]}<\/script>\n<!-- \/ Yoast SEO plugin. -->","yoast_head_json":{"title":"Leistungen - MULTISOFT S.A.","robots":{"index":"index","follow":"follow","max-snippet":"max-snippet:-1","max-image-preview":"max-image-preview:large","max-video-preview":"max-video-preview:-1"},"canonical":"https:\/\/multisoftsa.com\/de\/leistungen\/","og_locale":"de_DE","og_type":"article","og_title":"Leistungen - MULTISOFT S.A.","og_description":"Mit Multisoft k\u00f6nnen Sie Ihrem Unternehmen einen umfassenden IT-Support gew\u00e4hrleisten, der den allen Ihren Anforderungen entspricht. Unsere L\u00f6sungen werden auf Ihr Budget zugeschnitten und bieten Vollgarantie. Dar\u00fcber hinaus k\u00f6nnen Sie sich auf unseren technischen Support 24 Stunden pro Tag verlassen. Beispielsweise k\u00f6nnen wir Ihnen einen kompletten Arbeitsplatz (Computer, Monitor, Peripherieger\u00e4te) inkl. der notwendigen Software anbieten, [&hellip;]","og_url":"https:\/\/multisoftsa.com\/de\/leistungen\/","og_site_name":"MULTISOFT S.A.","article_publisher":"https:\/\/www.facebook.com\/multisoftgroup\/","article_modified_time":"2024-04-09T07:30:57+00:00","twitter_card":"summary_large_image","twitter_misc":{"Gesch\u00e4tzte Lesezeit":"1\u00a0Minute"},"schema":{"@context":"https:\/\/schema.org","@graph":[{"@type":"WebPage","@id":"https:\/\/multisoftsa.com\/de\/leistungen\/","url":"https:\/\/multisoftsa.com\/de\/leistungen\/","name":"Leistungen - MULTISOFT S.A.","isPartOf":{"@id":"https:\/\/multisoftsa.com\/de\/#website"},"datePublished":"2024-01-05T08:47:40+00:00","dateModified":"2024-04-09T07:30:57+00:00","breadcrumb":{"@id":"https:\/\/multisoftsa.com\/de\/leistungen\/#breadcrumb"},"inLanguage":"de","potentialAction":[{"@type":"ReadAction","target":["https:\/\/multisoftsa.com\/de\/leistungen\/"]}]},{"@type":"BreadcrumbList","@id":"https:\/\/multisoftsa.com\/de\/leistungen\/#breadcrumb","itemListElement":[{"@type":"ListItem","position":1,"name":"Strona g\u0142\u00f3wna","item":"https:\/\/multisoftsa.com\/de\/"},{"@type":"ListItem","position":2,"name":"Leistungen"}]},{"@type":"WebSite","@id":"https:\/\/multisoftsa.com\/de\/#website","url":"https:\/\/multisoftsa.com\/de\/","name":"MULTISOFT S.A.","description":"","publisher":{"@id":"https:\/\/multisoftsa.com\/de\/#organization"},"potentialAction":[{"@type":"SearchAction","target":{"@type":"EntryPoint","urlTemplate":"https:\/\/multisoftsa.com\/de\/?s={search_term_string}"},"query-input":{"@type":"PropertyValueSpecification","valueRequired":true,"valueName":"search_term_string"}}],"inLanguage":"de"},{"@type":"Organization","@id":"https:\/\/multisoftsa.com\/de\/#organization","name":"MULTISOFT S.A.","url":"https:\/\/multisoftsa.com\/de\/","logo":{"@type":"ImageObject","inLanguage":"de","@id":"https:\/\/multisoftsa.com\/de\/#\/schema\/logo\/image\/","url":"https:\/\/multisoftsa.com\/wp-content\/uploads\/2024\/01\/logo-multisoft.svg","contentUrl":"https:\/\/multisoftsa.com\/wp-content\/uploads\/2024\/01\/logo-multisoft.svg","width":1,"height":1,"caption":"MULTISOFT S.A."},"image":{"@id":"https:\/\/multisoftsa.com\/de\/#\/schema\/logo\/image\/"},"sameAs":["https:\/\/www.facebook.com\/multisoftgroup\/","https:\/\/www.linkedin.com\/company\/10080493\/admin\/feed\/posts\/?feedType=following"]}]}},"builder_content":"<p>Mit Multisoft k\u00f6nnen Sie Ihrem Unternehmen einen umfassenden IT-Support gew\u00e4hrleisten, der den allen Ihren Anforderungen entspricht. Unsere L\u00f6sungen werden auf Ihr Budget zugeschnitten und bieten Vollgarantie. Dar\u00fcber hinaus k\u00f6nnen Sie sich auf unseren technischen Support 24 Stunden pro Tag verlassen. Beispielsweise k\u00f6nnen wir Ihnen einen kompletten Arbeitsplatz (Computer, Monitor, Peripherieger\u00e4te) inkl. der notwendigen Software anbieten, und zwar genau nach den von Ihnen freigegebenen Spezifikationen. Neben der Ausstattung erhalten Sie auch technischen Support durch unsere hochqualifizierten Ingenieure. Daher k\u00f6nnen Sie, wenn eines der von uns bereitgestellten Ger\u00e4te ausf\u00e4llt, immer auf unsere schnelle und professionelle Hilfe z\u00e4hlen. Wir bieten sowohl Fern- als auch Direktunterst\u00fctzung an.<\/p><p><strong>Multisoft bietet auch Support f\u00fcr bereits bestehende IT-Infrastrukturen, d.h. auch solche, die nicht von uns bereitgestellt wurden.<\/strong><\/p><p>In solchem Fall m\u00fcssen unsere Kunden keine zus\u00e4tzlichen Ingenieure oder IT-Spezialisten besch\u00e4ftigen, die sich um die Anlagen des Unternehmens k\u00fcmmern. Diese Unterst\u00fctzung besteht nicht nur aus rein technischer Arbeit, sondern gew'hrleistet auch eine langfristige Partnerschaft und Beratung unserer Kunden. Dies sollte den zuk\u00fcnftigen Verbesserungen dienen, stets unter Ber\u00fccksichtigung spezifischer, kostenbezogener Bed\u00fcrfnisse unserer Kunden.<\/p><p>S\u00e4mtliche von Multisoft angebotenen Leistungen sind immer an individuelle Erwartungen und Bed\u00fcrfnisse unserer Kunden angepasst.<\/p>\n<h3>Unsere Leistungen<\/h3> <ul id=\"menu-services-1\"><li><a href=\"https:\/\/multisoftsa.com\/services\/atc-systems-air-traffic-control\/\">Luftraum\u00fcberwachung<\/a><\/li> <li><a href=\"https:\/\/multisoftsa.com\/services\/outsourcing\/\">Auslagerung<\/a><\/li> <li><a href=\"https:\/\/multisoftsa.com\/services\/network-infrastructures\/\">Netzwerk-Infrastrukturen.<\/a><\/li> <\/ul>","_links":{"self":[{"href":"https:\/\/multisoftsa.com\/de\/wp-json\/wp\/v2\/pages\/718","targetHints":{"allow":["GET"]}}],"collection":[{"href":"https:\/\/multisoftsa.com\/de\/wp-json\/wp\/v2\/pages"}],"about":[{"href":"https:\/\/multisoftsa.com\/de\/wp-json\/wp\/v2\/types\/page"}],"author":[{"embeddable":true,"href":"https:\/\/multisoftsa.com\/de\/wp-json\/wp\/v2\/users\/3"}],"replies":[{"embeddable":true,"href":"https:\/\/multisoftsa.com\/de\/wp-json\/wp\/v2\/comments?post=718"}],"version-history":[{"count":1,"href":"https:\/\/multisoftsa.com\/de\/wp-json\/wp\/v2\/pages\/718\/revisions"}],"predecessor-version":[{"id":721,"href":"https:\/\/multisoftsa.com\/de\/wp-json\/wp\/v2\/pages\/718\/revisions\/721"}],"wp:attachment":[{"href":"https:\/\/multisoftsa.com\/de\/wp-json\/wp\/v2\/media?parent=718"}],"curies":[{"name":"wp","href":"https:\/\/api.w.org\/{rel}","templated":true}]}}