{"id":640,"date":"2024-01-05T09:04:03","date_gmt":"2024-01-05T08:04:03","guid":{"rendered":"https:\/\/multisoftsa.com\/loesungen\/"},"modified":"2024-03-05T10:11:39","modified_gmt":"2024-03-05T09:11:39","slug":"loesungen","status":"publish","type":"page","link":"https:\/\/multisoftsa.com\/de\/loesungen\/","title":{"rendered":"L\u00f6sungen"},"content":{"rendered":"<!--themify_builder_content-->\n<div id=\"themify_builder_content-640\" data-postid=\"640\" class=\"themify_builder_content themify_builder_content-640 themify_builder tf_clear\">\n                    <div  data-lazy=\"1\" class=\"module_row themify_builder_row tb_yqzg658 tb_first tf_w\">\n                        <div class=\"row_inner col_align_top tb_col_count_2 tf_box tf_rel\">\n                        <div  data-lazy=\"1\" class=\"module_column tb-column col4-3 tb_x29q658 first\">\n                    <!-- module fancy heading -->\n<div  class=\"module module-fancy-heading tb_5ff8330 \" data-lazy=\"1\">\n        <h1 class=\"fancy-heading\">\n    <span class=\"main-head tf_block\">\n                    \u00dcbernimm die Kontrolle!            <\/span>\n\n    \n    <span class=\"sub-head tf_block tf_rel\">\n                                <\/span>\n    <\/h1>\n<\/div>\n<!-- \/module fancy heading -->\n<!-- module text -->\n<div  class=\"module module-text tb_ydkf496   \" data-lazy=\"1\">\n        <div  class=\"tb_text_wrap\">\n        <p>Mit der wachsenden Anzahl an Computersystemen wird deren Kontrolle immer schwieriger.<\/p>\n<p>Dabei sollte man auch die Tatsache bedenken, dass jedes dieser Systeme dem Benutzer in der Regel eine interne Schnittstelle zur Verf\u00fcgung stellt, die sich an einem anderen, nicht unbedingt komfortablen Arbeitsplatz, z.B. in einem lauten Serverraum, befindet. Dann wird die scheinbar einfache Aufgabe, den Status einiger weniger Systeme zu \u00fcberpr\u00fcfen, nicht nur kompliziert, sondern auch zeitaufw\u00e4ndig.<\/p>\n    <\/div>\n<\/div>\n<!-- \/module text --><!-- module fancy heading -->\n<div  class=\"module module-fancy-heading tb_cpw997 \" data-lazy=\"1\">\n        <h1 class=\"fancy-heading\">\n    <span class=\"main-head tf_block\">\n                    Video Grabber            <\/span>\n\n    \n    <span class=\"sub-head tf_block tf_rel\">\n                                <\/span>\n    <\/h1>\n<\/div>\n<!-- \/module fancy heading -->\n<!-- module text -->\n<div  class=\"module module-text tb_mymz288   \" data-lazy=\"1\">\n        <div  class=\"tb_text_wrap\">\n        <p>Reicht die \u00dcberwachung von Parametern nicht aus, sodass man genaue Daten dar\u00fcber ben\u00f6tigt, was tats\u00e4chlich passiert ist, so erweist sich Video Grabber als unersetzlich.<\/p>\n<p>Das Ger\u00e4t hat man f\u00fcr Flugsicherungssysteme entwickelt. Es gew\u00e4hrleistet also h\u00f6chste Qualit\u00e4t und Zuverl\u00e4ssigkeit des Betriebs. Video Grabber kann man auch in den Systemen von Finanzinstituten, Regierungsorganisationen sowie allen Arten von Verwaltungszentren einsetzen.<\/p>\n<p>Dank der genauen Aufzeichnung der auf dem Bildschirm aufgetretenen Ereignisse k\u00f6nnen Sie mit Video Grabber zweifelsfrei feststellen, ob die \u00fcberwachten Systeme ordnungsgem\u00e4\u00df funktionierten:<\/p>\n<ul>\n<li>Hat das System beim Start irgendwelche Fehler gemeldet?<\/li>\n<li>Hat der Benutzer an diesem Computer gearbeitet oder war er vielleicht mit anderen Sachen besch\u00e4ftigt?<\/li>\n<li>Was genau ist mit dem \u00fcberwachten Computer passiert?<\/li>\n<li>Hat der Benutzer alle seine T\u00e4tigkeiten korrekt ausgef\u00fchrt?<\/li>\n<\/ul>\n<p>Keine Fragen bleiben ohne Antwort.<\/p>\n    <\/div>\n<\/div>\n<!-- \/module text -->        <\/div>\n                    <div  data-lazy=\"1\" class=\"module_column tb-column col4-1 tb_fxko658 last\">\n                    <!-- module menu -->\n<div  class=\"module module-menu tb_ocyu418  mobile-menu-slide\" data-menu-style=\"mobile-menu-slide\" data-menu-breakpoint=\"0\" data-element-id=\"tb_ocyu418\" data-lazy=\"1\">\n    <h3 class=\"module-title\">Hardware<\/h3>    \n    <div class=\"module-menu-container\"><ul class=\"ui tf_clearfix nav tf_rel vertical tb_default_color \"><li class=\"page_item page-item-617\"><a href=\"https:\/\/multisoftsa.com\/de\/\">Home<\/a><\/li>\n<li class=\"page_item page-item-609\"><a href=\"https:\/\/multisoftsa.com\/de\/karriere\/\">Karriere<\/a><\/li>\n<li class=\"page_item page-item-613\"><a href=\"https:\/\/multisoftsa.com\/de\/kontakt\/\">Kontakt<\/a><\/li>\n<li class=\"page_item page-item-718 page_item_has_children\"><a href=\"https:\/\/multisoftsa.com\/de\/leistungen\/\">Leistungen<\/a>\n<ul class='children'>\n\t<li class=\"page_item page-item-621\"><a href=\"https:\/\/multisoftsa.com\/de\/leistungen\/auslagerung\/\">Auslagerung<\/a><\/li>\n\t<li class=\"page_item page-item-625\"><a href=\"https:\/\/multisoftsa.com\/de\/leistungen\/luftraumueberwachung\/\">Luftraum\u00fcberwachung<\/a><\/li>\n\t<li class=\"page_item page-item-629\"><a href=\"https:\/\/multisoftsa.com\/de\/leistungen\/netzwerk-infrastrukturen\/\">Netzwerk-Infrastrukturen.<\/a><\/li>\n<\/ul>\n<\/li>\n<li class=\"page_item page-item-640\"><a href=\"https:\/\/multisoftsa.com\/de\/loesungen\/\">L\u00f6sungen<\/a><\/li>\n<li class=\"page_item page-item-605\"><a href=\"https:\/\/multisoftsa.com\/de\/uber-uns\/\">\u00dcber uns<\/a><\/li>\n<\/ul><\/div>        <style>\n            .mobile-menu-module[data-module=\"tb_ocyu418\"]{\n                right:-300px            }\n        <\/style>\n    <\/div>\n<!-- \/module menu -->\n        <\/div>\n                        <\/div>\n        <\/div>\n        <\/div>\n<!--\/themify_builder_content-->","protected":false},"excerpt":{"rendered":"<p>Mit der wachsenden Anzahl an Computersystemen wird deren Kontrolle immer schwieriger. Dabei sollte man auch die Tatsache bedenken, dass jedes dieser Systeme dem Benutzer in der Regel eine interne Schnittstelle zur Verf\u00fcgung stellt, die sich an einem anderen, nicht unbedingt komfortablen Arbeitsplatz, z.B. in einem lauten Serverraum, befindet. Dann wird die scheinbar einfache Aufgabe, den [&hellip;]<\/p>\n","protected":false},"author":3,"featured_media":0,"parent":0,"menu_order":0,"comment_status":"closed","ping_status":"closed","template":"","meta":{"footnotes":""},"class_list":["post-640","page","type-page","status-publish","hentry","has-post-title","has-post-date","has-post-category","has-post-tag","has-post-comment","has-post-author",""],"yoast_head":"<!-- This site is optimized with the Yoast SEO plugin v25.3.1 - https:\/\/yoast.com\/wordpress\/plugins\/seo\/ -->\n<title>L\u00f6sungen - MULTISOFT S.A.<\/title>\n<meta name=\"robots\" content=\"index, follow, max-snippet:-1, max-image-preview:large, max-video-preview:-1\" \/>\n<link rel=\"canonical\" href=\"https:\/\/multisoftsa.com\/de\/loesungen\/\" \/>\n<meta property=\"og:locale\" content=\"de_DE\" \/>\n<meta property=\"og:type\" content=\"article\" \/>\n<meta property=\"og:title\" content=\"L\u00f6sungen - MULTISOFT S.A.\" \/>\n<meta property=\"og:description\" content=\"Mit der wachsenden Anzahl an Computersystemen wird deren Kontrolle immer schwieriger. Dabei sollte man auch die Tatsache bedenken, dass jedes dieser Systeme dem Benutzer in der Regel eine interne Schnittstelle zur Verf\u00fcgung stellt, die sich an einem anderen, nicht unbedingt komfortablen Arbeitsplatz, z.B. in einem lauten Serverraum, befindet. Dann wird die scheinbar einfache Aufgabe, den [&hellip;]\" \/>\n<meta property=\"og:url\" content=\"https:\/\/multisoftsa.com\/de\/loesungen\/\" \/>\n<meta property=\"og:site_name\" content=\"MULTISOFT S.A.\" \/>\n<meta property=\"article:publisher\" content=\"https:\/\/www.facebook.com\/multisoftgroup\/\" \/>\n<meta property=\"article:modified_time\" content=\"2024-03-05T09:11:39+00:00\" \/>\n<meta name=\"twitter:card\" content=\"summary_large_image\" \/>\n<meta name=\"twitter:label1\" content=\"Gesch\u00e4tzte Lesezeit\" \/>\n\t<meta name=\"twitter:data1\" content=\"1\u00a0Minute\" \/>\n<script type=\"application\/ld+json\" class=\"yoast-schema-graph\">{\"@context\":\"https:\/\/schema.org\",\"@graph\":[{\"@type\":\"WebPage\",\"@id\":\"https:\/\/multisoftsa.com\/de\/loesungen\/\",\"url\":\"https:\/\/multisoftsa.com\/de\/loesungen\/\",\"name\":\"L\u00f6sungen - MULTISOFT S.A.\",\"isPartOf\":{\"@id\":\"https:\/\/multisoftsa.com\/de\/#website\"},\"datePublished\":\"2024-01-05T08:04:03+00:00\",\"dateModified\":\"2024-03-05T09:11:39+00:00\",\"breadcrumb\":{\"@id\":\"https:\/\/multisoftsa.com\/de\/loesungen\/#breadcrumb\"},\"inLanguage\":\"de\",\"potentialAction\":[{\"@type\":\"ReadAction\",\"target\":[\"https:\/\/multisoftsa.com\/de\/loesungen\/\"]}]},{\"@type\":\"BreadcrumbList\",\"@id\":\"https:\/\/multisoftsa.com\/de\/loesungen\/#breadcrumb\",\"itemListElement\":[{\"@type\":\"ListItem\",\"position\":1,\"name\":\"Strona g\u0142\u00f3wna\",\"item\":\"https:\/\/multisoftsa.com\/de\/\"},{\"@type\":\"ListItem\",\"position\":2,\"name\":\"L\u00f6sungen\"}]},{\"@type\":\"WebSite\",\"@id\":\"https:\/\/multisoftsa.com\/de\/#website\",\"url\":\"https:\/\/multisoftsa.com\/de\/\",\"name\":\"MULTISOFT S.A.\",\"description\":\"\",\"publisher\":{\"@id\":\"https:\/\/multisoftsa.com\/de\/#organization\"},\"potentialAction\":[{\"@type\":\"SearchAction\",\"target\":{\"@type\":\"EntryPoint\",\"urlTemplate\":\"https:\/\/multisoftsa.com\/de\/?s={search_term_string}\"},\"query-input\":{\"@type\":\"PropertyValueSpecification\",\"valueRequired\":true,\"valueName\":\"search_term_string\"}}],\"inLanguage\":\"de\"},{\"@type\":\"Organization\",\"@id\":\"https:\/\/multisoftsa.com\/de\/#organization\",\"name\":\"MULTISOFT S.A.\",\"url\":\"https:\/\/multisoftsa.com\/de\/\",\"logo\":{\"@type\":\"ImageObject\",\"inLanguage\":\"de\",\"@id\":\"https:\/\/multisoftsa.com\/de\/#\/schema\/logo\/image\/\",\"url\":\"https:\/\/multisoftsa.com\/wp-content\/uploads\/2024\/01\/logo-multisoft.svg\",\"contentUrl\":\"https:\/\/multisoftsa.com\/wp-content\/uploads\/2024\/01\/logo-multisoft.svg\",\"width\":1,\"height\":1,\"caption\":\"MULTISOFT S.A.\"},\"image\":{\"@id\":\"https:\/\/multisoftsa.com\/de\/#\/schema\/logo\/image\/\"},\"sameAs\":[\"https:\/\/www.facebook.com\/multisoftgroup\/\",\"https:\/\/www.linkedin.com\/company\/10080493\/admin\/feed\/posts\/?feedType=following\"]}]}<\/script>\n<!-- \/ Yoast SEO plugin. -->","yoast_head_json":{"title":"L\u00f6sungen - MULTISOFT S.A.","robots":{"index":"index","follow":"follow","max-snippet":"max-snippet:-1","max-image-preview":"max-image-preview:large","max-video-preview":"max-video-preview:-1"},"canonical":"https:\/\/multisoftsa.com\/de\/loesungen\/","og_locale":"de_DE","og_type":"article","og_title":"L\u00f6sungen - MULTISOFT S.A.","og_description":"Mit der wachsenden Anzahl an Computersystemen wird deren Kontrolle immer schwieriger. Dabei sollte man auch die Tatsache bedenken, dass jedes dieser Systeme dem Benutzer in der Regel eine interne Schnittstelle zur Verf\u00fcgung stellt, die sich an einem anderen, nicht unbedingt komfortablen Arbeitsplatz, z.B. in einem lauten Serverraum, befindet. Dann wird die scheinbar einfache Aufgabe, den [&hellip;]","og_url":"https:\/\/multisoftsa.com\/de\/loesungen\/","og_site_name":"MULTISOFT S.A.","article_publisher":"https:\/\/www.facebook.com\/multisoftgroup\/","article_modified_time":"2024-03-05T09:11:39+00:00","twitter_card":"summary_large_image","twitter_misc":{"Gesch\u00e4tzte Lesezeit":"1\u00a0Minute"},"schema":{"@context":"https:\/\/schema.org","@graph":[{"@type":"WebPage","@id":"https:\/\/multisoftsa.com\/de\/loesungen\/","url":"https:\/\/multisoftsa.com\/de\/loesungen\/","name":"L\u00f6sungen - MULTISOFT S.A.","isPartOf":{"@id":"https:\/\/multisoftsa.com\/de\/#website"},"datePublished":"2024-01-05T08:04:03+00:00","dateModified":"2024-03-05T09:11:39+00:00","breadcrumb":{"@id":"https:\/\/multisoftsa.com\/de\/loesungen\/#breadcrumb"},"inLanguage":"de","potentialAction":[{"@type":"ReadAction","target":["https:\/\/multisoftsa.com\/de\/loesungen\/"]}]},{"@type":"BreadcrumbList","@id":"https:\/\/multisoftsa.com\/de\/loesungen\/#breadcrumb","itemListElement":[{"@type":"ListItem","position":1,"name":"Strona g\u0142\u00f3wna","item":"https:\/\/multisoftsa.com\/de\/"},{"@type":"ListItem","position":2,"name":"L\u00f6sungen"}]},{"@type":"WebSite","@id":"https:\/\/multisoftsa.com\/de\/#website","url":"https:\/\/multisoftsa.com\/de\/","name":"MULTISOFT S.A.","description":"","publisher":{"@id":"https:\/\/multisoftsa.com\/de\/#organization"},"potentialAction":[{"@type":"SearchAction","target":{"@type":"EntryPoint","urlTemplate":"https:\/\/multisoftsa.com\/de\/?s={search_term_string}"},"query-input":{"@type":"PropertyValueSpecification","valueRequired":true,"valueName":"search_term_string"}}],"inLanguage":"de"},{"@type":"Organization","@id":"https:\/\/multisoftsa.com\/de\/#organization","name":"MULTISOFT S.A.","url":"https:\/\/multisoftsa.com\/de\/","logo":{"@type":"ImageObject","inLanguage":"de","@id":"https:\/\/multisoftsa.com\/de\/#\/schema\/logo\/image\/","url":"https:\/\/multisoftsa.com\/wp-content\/uploads\/2024\/01\/logo-multisoft.svg","contentUrl":"https:\/\/multisoftsa.com\/wp-content\/uploads\/2024\/01\/logo-multisoft.svg","width":1,"height":1,"caption":"MULTISOFT S.A."},"image":{"@id":"https:\/\/multisoftsa.com\/de\/#\/schema\/logo\/image\/"},"sameAs":["https:\/\/www.facebook.com\/multisoftgroup\/","https:\/\/www.linkedin.com\/company\/10080493\/admin\/feed\/posts\/?feedType=following"]}]}},"builder_content":"<h1>\u00dcbernimm die Kontrolle!<br\/><\/h1>\n<p>Mit der wachsenden Anzahl an Computersystemen wird deren Kontrolle immer schwieriger.<\/p> <p>Dabei sollte man auch die Tatsache bedenken, dass jedes dieser Systeme dem Benutzer in der Regel eine interne Schnittstelle zur Verf\u00fcgung stellt, die sich an einem anderen, nicht unbedingt komfortablen Arbeitsplatz, z.B. in einem lauten Serverraum, befindet. Dann wird die scheinbar einfache Aufgabe, den Status einiger weniger Systeme zu \u00fcberpr\u00fcfen, nicht nur kompliziert, sondern auch zeitaufw\u00e4ndig.<\/p>\n<h1>Video Grabber<br\/><\/h1>\n<p>Reicht die \u00dcberwachung von Parametern nicht aus, sodass man genaue Daten dar\u00fcber ben\u00f6tigt, was tats\u00e4chlich passiert ist, so erweist sich Video Grabber als unersetzlich.<\/p> <p>Das Ger\u00e4t hat man f\u00fcr Flugsicherungssysteme entwickelt. Es gew\u00e4hrleistet also h\u00f6chste Qualit\u00e4t und Zuverl\u00e4ssigkeit des Betriebs. Video Grabber kann man auch in den Systemen von Finanzinstituten, Regierungsorganisationen sowie allen Arten von Verwaltungszentren einsetzen.<\/p> <p>Dank der genauen Aufzeichnung der auf dem Bildschirm aufgetretenen Ereignisse k\u00f6nnen Sie mit Video Grabber zweifelsfrei feststellen, ob die \u00fcberwachten Systeme ordnungsgem\u00e4\u00df funktionierten:<\/p> <ul> <li>Hat das System beim Start irgendwelche Fehler gemeldet?<\/li> <li>Hat der Benutzer an diesem Computer gearbeitet oder war er vielleicht mit anderen Sachen besch\u00e4ftigt?<\/li> <li>Was genau ist mit dem \u00fcberwachten Computer passiert?<\/li> <li>Hat der Benutzer alle seine T\u00e4tigkeiten korrekt ausgef\u00fchrt?<\/li> <\/ul> <p>Keine Fragen bleiben ohne Antwort.<\/p>\n<h3>Hardware<\/h3> <ul><li><a href=\"https:\/\/multisoftsa.com\/de\/\">Home<\/a><\/li> <li><a href=\"https:\/\/multisoftsa.com\/de\/karriere\/\">Karriere<\/a><\/li> <li><a href=\"https:\/\/multisoftsa.com\/de\/kontakt\/\">Kontakt<\/a><\/li> <li><a href=\"https:\/\/multisoftsa.com\/de\/leistungen\/\">Leistungen<\/a> <ul class='children'> <li><a href=\"https:\/\/multisoftsa.com\/de\/leistungen\/auslagerung\/\">Auslagerung<\/a><\/li> <li><a href=\"https:\/\/multisoftsa.com\/de\/leistungen\/luftraumueberwachung\/\">Luftraum\u00fcberwachung<\/a><\/li> <li><a href=\"https:\/\/multisoftsa.com\/de\/leistungen\/netzwerk-infrastrukturen\/\">Netzwerk-Infrastrukturen.<\/a><\/li> <\/ul> <\/li> <li><a href=\"https:\/\/multisoftsa.com\/de\/loesungen\/\">L\u00f6sungen<\/a><\/li> <li><a href=\"https:\/\/multisoftsa.com\/de\/uber-uns\/\">\u00dcber uns<\/a><\/li> <\/ul>","_links":{"self":[{"href":"https:\/\/multisoftsa.com\/de\/wp-json\/wp\/v2\/pages\/640","targetHints":{"allow":["GET"]}}],"collection":[{"href":"https:\/\/multisoftsa.com\/de\/wp-json\/wp\/v2\/pages"}],"about":[{"href":"https:\/\/multisoftsa.com\/de\/wp-json\/wp\/v2\/types\/page"}],"author":[{"embeddable":true,"href":"https:\/\/multisoftsa.com\/de\/wp-json\/wp\/v2\/users\/3"}],"replies":[{"embeddable":true,"href":"https:\/\/multisoftsa.com\/de\/wp-json\/wp\/v2\/comments?post=640"}],"version-history":[{"count":3,"href":"https:\/\/multisoftsa.com\/de\/wp-json\/wp\/v2\/pages\/640\/revisions"}],"predecessor-version":[{"id":643,"href":"https:\/\/multisoftsa.com\/de\/wp-json\/wp\/v2\/pages\/640\/revisions\/643"}],"wp:attachment":[{"href":"https:\/\/multisoftsa.com\/de\/wp-json\/wp\/v2\/media?parent=640"}],"curies":[{"name":"wp","href":"https:\/\/api.w.org\/{rel}","templated":true}]}}