{"id":629,"date":"2024-01-05T09:49:32","date_gmt":"2024-01-05T08:49:32","guid":{"rendered":"https:\/\/multisoftsa.com\/netzwerk-infrastrukturen\/"},"modified":"2024-04-09T09:30:57","modified_gmt":"2024-04-09T07:30:57","slug":"netzwerk-infrastrukturen","status":"publish","type":"page","link":"https:\/\/multisoftsa.com\/de\/leistungen\/netzwerk-infrastrukturen\/","title":{"rendered":"Netzwerk-Infrastrukturen."},"content":{"rendered":"<!--themify_builder_content-->\n<div id=\"themify_builder_content-629\" data-postid=\"629\" class=\"themify_builder_content themify_builder_content-629 themify_builder tf_clear\">\n                    <div  data-lazy=\"1\" class=\"module_row themify_builder_row tb_en5l545 tb_first tf_w\">\n                        <div class=\"row_inner col_align_top tb_col_count_1 tf_box tf_rel\">\n                        <div  data-lazy=\"1\" class=\"module_column tb-column col-full tb_x78x546 first\">\n                    <!-- module text -->\n<div  class=\"module module-text tb_pcxg517   \" data-lazy=\"1\">\n        <div  class=\"tb_text_wrap\">\n        <p>Ein schnelles, zuverl\u00e4ssiges und vor allem sicheres Computernetzwerk ist, sozusagen, das Lebenselixier des Unternehmens. Allerdings ist die Qualit\u00e4t und Effizienz eines solchen Netzwerks, entgegen der verbreiteten Meinung, nicht allein durch ihre einzelnen Komponenten, sondern auch die Qualit\u00e4t der Verkabelung bestimmt.<\/p>\n<p>Das Netzwerk ist f\u00fcr den t\u00e4glichen Betrieb Ihres Unternehmens von entscheidender Bedeutung, daher ben\u00f6tigen Sie Unterst\u00fctzung, auf die Sie sich bei Multisoft v\u00f6llig verlassen k\u00f6nnen.<\/p>\n<p>Jede unserer Netzwerkinfrastrukturen wurdevon unseren qualifizierten Ingenieuren aufgebaut und sorgf\u00e4ltig getestet. Zu unseren Kompetenzen geh\u00f6ren sowohl der Entwurf als auch die Installierung eines einzigartigen Verkabelungssystems, das perfekt an die Anforderungen Ihres Unternehmens angepasst ist.<\/p>\n<p>Wir bieten eine Netzwerkl\u00f6sung f\u00fcr diverse Unternehmen an. Egal, ob Sie ein Gro\u00dfkonzern oder eine kleine Firma sind, kontaktieren Sie uns einfach und zusammen arbeiten wir eine L\u00f6sung heraus! In Multisoft finden Sie einen Partner, der vom Entwurf bis zur Umsetzung bereit ist, Ihre W\u00fcnsche und Anforderungen gemeinsam zu besprechen.<\/p>\n<p>Ob Sie ein neues IT-Netzwerk planen, ein in die Jahre gekommenes Netzwerk ersetzen bzw. Ihr Netzwerk um zus\u00e4tzliche Infrastruktur erweitern m\u00f6chten, auf uns k\u00f6nnen Sie sich immer verlassen. Wir \u00fcbernehmen die Konzeption und Umsetzung gem\u00e4\u00df unserer jahrelangen Erfahrung und tadellosen Kompetenz, um eine erfolgreiche Umsetzung Ihres Projekts sicherzustellen.<\/p>\n<p>Multisoft ist eine zuverl\u00e4ssige Quelle f\u00fcr erfahrenes und effektives Produktmanagement. Eine Quelle, der unsere Partner auf der ganzen Welt seit 2001 vertrauen.<\/p>\n<p>Unser Angebot umfasst folgende Leistungen:<\/p>\n<ul>\n<li>Durchf\u00fchrung einer erneuten Terminierung vorhandener Daten-Patchpanels der Kategorien 5, 5e, 6, 7 (Struktur- und Rackverkabelung).<\/li>\n<li>Neuinstallationen bzw. Umbau der bereits bestehenden.<\/li>\n<li>Montage und Installation von Serverschr\u00e4nken.<\/li>\n<li>Installation neuer Switches, Patchpanels mit vollst\u00e4ndiger Konfiguration.<\/li>\n<li>Installation von Cat 5, 5e, 6, 7 Verkabelungen (strukturierte Verkabelung und Verkabelung von Serverracks).<\/li>\n<li>Umzugsdienste im Bereich der B\u00fcroausstattung (modul\u00e4re M\u00f6bel, B\u00fcroger\u00e4te-Regale).<\/li>\n<li>Installation von Netzwerk-Hubs und Switches.<\/li>\n<li>Konfiguration und Installation von drahtlosen Netzwerken.<\/li>\n<\/ul>    <\/div>\n<\/div>\n<!-- \/module text -->        <\/div>\n                        <\/div>\n        <\/div>\n        <\/div>\n<!--\/themify_builder_content-->","protected":false},"excerpt":{"rendered":"<p>Ein schnelles, zuverl\u00e4ssiges und vor allem sicheres Computernetzwerk ist, sozusagen, das Lebenselixier des Unternehmens. Allerdings ist die Qualit\u00e4t und Effizienz eines solchen Netzwerks, entgegen der verbreiteten Meinung, nicht allein durch ihre einzelnen Komponenten, sondern auch die Qualit\u00e4t der Verkabelung bestimmt. Das Netzwerk ist f\u00fcr den t\u00e4glichen Betrieb Ihres Unternehmens von entscheidender Bedeutung, daher ben\u00f6tigen Sie [&hellip;]<\/p>\n","protected":false},"author":3,"featured_media":0,"parent":718,"menu_order":0,"comment_status":"closed","ping_status":"closed","template":"","meta":{"footnotes":""},"class_list":["post-629","page","type-page","status-publish","hentry","has-post-title","has-post-date","has-post-category","has-post-tag","has-post-comment","has-post-author",""],"yoast_head":"<!-- This site is optimized with the Yoast SEO plugin v25.3.1 - https:\/\/yoast.com\/wordpress\/plugins\/seo\/ -->\n<title>Netzwerk-Infrastrukturen. - MULTISOFT S.A.<\/title>\n<meta name=\"robots\" content=\"index, follow, max-snippet:-1, max-image-preview:large, max-video-preview:-1\" \/>\n<link rel=\"canonical\" href=\"https:\/\/multisoftsa.com\/de\/leistungen\/netzwerk-infrastrukturen\/\" \/>\n<meta property=\"og:locale\" content=\"de_DE\" \/>\n<meta property=\"og:type\" content=\"article\" \/>\n<meta property=\"og:title\" content=\"Netzwerk-Infrastrukturen. - MULTISOFT S.A.\" \/>\n<meta property=\"og:description\" content=\"Ein schnelles, zuverl\u00e4ssiges und vor allem sicheres Computernetzwerk ist, sozusagen, das Lebenselixier des Unternehmens. Allerdings ist die Qualit\u00e4t und Effizienz eines solchen Netzwerks, entgegen der verbreiteten Meinung, nicht allein durch ihre einzelnen Komponenten, sondern auch die Qualit\u00e4t der Verkabelung bestimmt. Das Netzwerk ist f\u00fcr den t\u00e4glichen Betrieb Ihres Unternehmens von entscheidender Bedeutung, daher ben\u00f6tigen Sie [&hellip;]\" \/>\n<meta property=\"og:url\" content=\"https:\/\/multisoftsa.com\/de\/leistungen\/netzwerk-infrastrukturen\/\" \/>\n<meta property=\"og:site_name\" content=\"MULTISOFT S.A.\" \/>\n<meta property=\"article:publisher\" content=\"https:\/\/www.facebook.com\/multisoftgroup\/\" \/>\n<meta property=\"article:modified_time\" content=\"2024-04-09T07:30:57+00:00\" \/>\n<meta name=\"twitter:card\" content=\"summary_large_image\" \/>\n<meta name=\"twitter:label1\" content=\"Gesch\u00e4tzte Lesezeit\" \/>\n\t<meta name=\"twitter:data1\" content=\"2\u00a0Minuten\" \/>\n<script type=\"application\/ld+json\" class=\"yoast-schema-graph\">{\"@context\":\"https:\/\/schema.org\",\"@graph\":[{\"@type\":\"WebPage\",\"@id\":\"https:\/\/multisoftsa.com\/de\/leistungen\/netzwerk-infrastrukturen\/\",\"url\":\"https:\/\/multisoftsa.com\/de\/leistungen\/netzwerk-infrastrukturen\/\",\"name\":\"Netzwerk-Infrastrukturen. - MULTISOFT S.A.\",\"isPartOf\":{\"@id\":\"https:\/\/multisoftsa.com\/de\/#website\"},\"datePublished\":\"2024-01-05T08:49:32+00:00\",\"dateModified\":\"2024-04-09T07:30:57+00:00\",\"breadcrumb\":{\"@id\":\"https:\/\/multisoftsa.com\/de\/leistungen\/netzwerk-infrastrukturen\/#breadcrumb\"},\"inLanguage\":\"de\",\"potentialAction\":[{\"@type\":\"ReadAction\",\"target\":[\"https:\/\/multisoftsa.com\/de\/leistungen\/netzwerk-infrastrukturen\/\"]}]},{\"@type\":\"BreadcrumbList\",\"@id\":\"https:\/\/multisoftsa.com\/de\/leistungen\/netzwerk-infrastrukturen\/#breadcrumb\",\"itemListElement\":[{\"@type\":\"ListItem\",\"position\":1,\"name\":\"Strona g\u0142\u00f3wna\",\"item\":\"https:\/\/multisoftsa.com\/de\/\"},{\"@type\":\"ListItem\",\"position\":2,\"name\":\"Leistungen\",\"item\":\"https:\/\/multisoftsa.com\/de\/leistungen\/\"},{\"@type\":\"ListItem\",\"position\":3,\"name\":\"Netzwerk-Infrastrukturen.\"}]},{\"@type\":\"WebSite\",\"@id\":\"https:\/\/multisoftsa.com\/de\/#website\",\"url\":\"https:\/\/multisoftsa.com\/de\/\",\"name\":\"MULTISOFT S.A.\",\"description\":\"\",\"publisher\":{\"@id\":\"https:\/\/multisoftsa.com\/de\/#organization\"},\"potentialAction\":[{\"@type\":\"SearchAction\",\"target\":{\"@type\":\"EntryPoint\",\"urlTemplate\":\"https:\/\/multisoftsa.com\/de\/?s={search_term_string}\"},\"query-input\":{\"@type\":\"PropertyValueSpecification\",\"valueRequired\":true,\"valueName\":\"search_term_string\"}}],\"inLanguage\":\"de\"},{\"@type\":\"Organization\",\"@id\":\"https:\/\/multisoftsa.com\/de\/#organization\",\"name\":\"MULTISOFT S.A.\",\"url\":\"https:\/\/multisoftsa.com\/de\/\",\"logo\":{\"@type\":\"ImageObject\",\"inLanguage\":\"de\",\"@id\":\"https:\/\/multisoftsa.com\/de\/#\/schema\/logo\/image\/\",\"url\":\"https:\/\/multisoftsa.com\/wp-content\/uploads\/2024\/01\/logo-multisoft.svg\",\"contentUrl\":\"https:\/\/multisoftsa.com\/wp-content\/uploads\/2024\/01\/logo-multisoft.svg\",\"width\":1,\"height\":1,\"caption\":\"MULTISOFT S.A.\"},\"image\":{\"@id\":\"https:\/\/multisoftsa.com\/de\/#\/schema\/logo\/image\/\"},\"sameAs\":[\"https:\/\/www.facebook.com\/multisoftgroup\/\",\"https:\/\/www.linkedin.com\/company\/10080493\/admin\/feed\/posts\/?feedType=following\"]}]}<\/script>\n<!-- \/ Yoast SEO plugin. -->","yoast_head_json":{"title":"Netzwerk-Infrastrukturen. - MULTISOFT S.A.","robots":{"index":"index","follow":"follow","max-snippet":"max-snippet:-1","max-image-preview":"max-image-preview:large","max-video-preview":"max-video-preview:-1"},"canonical":"https:\/\/multisoftsa.com\/de\/leistungen\/netzwerk-infrastrukturen\/","og_locale":"de_DE","og_type":"article","og_title":"Netzwerk-Infrastrukturen. - MULTISOFT S.A.","og_description":"Ein schnelles, zuverl\u00e4ssiges und vor allem sicheres Computernetzwerk ist, sozusagen, das Lebenselixier des Unternehmens. Allerdings ist die Qualit\u00e4t und Effizienz eines solchen Netzwerks, entgegen der verbreiteten Meinung, nicht allein durch ihre einzelnen Komponenten, sondern auch die Qualit\u00e4t der Verkabelung bestimmt. Das Netzwerk ist f\u00fcr den t\u00e4glichen Betrieb Ihres Unternehmens von entscheidender Bedeutung, daher ben\u00f6tigen Sie [&hellip;]","og_url":"https:\/\/multisoftsa.com\/de\/leistungen\/netzwerk-infrastrukturen\/","og_site_name":"MULTISOFT S.A.","article_publisher":"https:\/\/www.facebook.com\/multisoftgroup\/","article_modified_time":"2024-04-09T07:30:57+00:00","twitter_card":"summary_large_image","twitter_misc":{"Gesch\u00e4tzte Lesezeit":"2\u00a0Minuten"},"schema":{"@context":"https:\/\/schema.org","@graph":[{"@type":"WebPage","@id":"https:\/\/multisoftsa.com\/de\/leistungen\/netzwerk-infrastrukturen\/","url":"https:\/\/multisoftsa.com\/de\/leistungen\/netzwerk-infrastrukturen\/","name":"Netzwerk-Infrastrukturen. - MULTISOFT S.A.","isPartOf":{"@id":"https:\/\/multisoftsa.com\/de\/#website"},"datePublished":"2024-01-05T08:49:32+00:00","dateModified":"2024-04-09T07:30:57+00:00","breadcrumb":{"@id":"https:\/\/multisoftsa.com\/de\/leistungen\/netzwerk-infrastrukturen\/#breadcrumb"},"inLanguage":"de","potentialAction":[{"@type":"ReadAction","target":["https:\/\/multisoftsa.com\/de\/leistungen\/netzwerk-infrastrukturen\/"]}]},{"@type":"BreadcrumbList","@id":"https:\/\/multisoftsa.com\/de\/leistungen\/netzwerk-infrastrukturen\/#breadcrumb","itemListElement":[{"@type":"ListItem","position":1,"name":"Strona g\u0142\u00f3wna","item":"https:\/\/multisoftsa.com\/de\/"},{"@type":"ListItem","position":2,"name":"Leistungen","item":"https:\/\/multisoftsa.com\/de\/leistungen\/"},{"@type":"ListItem","position":3,"name":"Netzwerk-Infrastrukturen."}]},{"@type":"WebSite","@id":"https:\/\/multisoftsa.com\/de\/#website","url":"https:\/\/multisoftsa.com\/de\/","name":"MULTISOFT S.A.","description":"","publisher":{"@id":"https:\/\/multisoftsa.com\/de\/#organization"},"potentialAction":[{"@type":"SearchAction","target":{"@type":"EntryPoint","urlTemplate":"https:\/\/multisoftsa.com\/de\/?s={search_term_string}"},"query-input":{"@type":"PropertyValueSpecification","valueRequired":true,"valueName":"search_term_string"}}],"inLanguage":"de"},{"@type":"Organization","@id":"https:\/\/multisoftsa.com\/de\/#organization","name":"MULTISOFT S.A.","url":"https:\/\/multisoftsa.com\/de\/","logo":{"@type":"ImageObject","inLanguage":"de","@id":"https:\/\/multisoftsa.com\/de\/#\/schema\/logo\/image\/","url":"https:\/\/multisoftsa.com\/wp-content\/uploads\/2024\/01\/logo-multisoft.svg","contentUrl":"https:\/\/multisoftsa.com\/wp-content\/uploads\/2024\/01\/logo-multisoft.svg","width":1,"height":1,"caption":"MULTISOFT S.A."},"image":{"@id":"https:\/\/multisoftsa.com\/de\/#\/schema\/logo\/image\/"},"sameAs":["https:\/\/www.facebook.com\/multisoftgroup\/","https:\/\/www.linkedin.com\/company\/10080493\/admin\/feed\/posts\/?feedType=following"]}]}},"builder_content":"<p>Ein schnelles, zuverl\u00e4ssiges und vor allem sicheres Computernetzwerk ist, sozusagen, das Lebenselixier des Unternehmens. Allerdings ist die Qualit\u00e4t und Effizienz eines solchen Netzwerks, entgegen der verbreiteten Meinung, nicht allein durch ihre einzelnen Komponenten, sondern auch die Qualit\u00e4t der Verkabelung bestimmt.<\/p> <p>Das Netzwerk ist f\u00fcr den t\u00e4glichen Betrieb Ihres Unternehmens von entscheidender Bedeutung, daher ben\u00f6tigen Sie Unterst\u00fctzung, auf die Sie sich bei Multisoft v\u00f6llig verlassen k\u00f6nnen.<\/p> <p>Jede unserer Netzwerkinfrastrukturen wurdevon unseren qualifizierten Ingenieuren aufgebaut und sorgf\u00e4ltig getestet. Zu unseren Kompetenzen geh\u00f6ren sowohl der Entwurf als auch die Installierung eines einzigartigen Verkabelungssystems, das perfekt an die Anforderungen Ihres Unternehmens angepasst ist.<\/p> <p>Wir bieten eine Netzwerkl\u00f6sung f\u00fcr diverse Unternehmen an. Egal, ob Sie ein Gro\u00dfkonzern oder eine kleine Firma sind, kontaktieren Sie uns einfach und zusammen arbeiten wir eine L\u00f6sung heraus! In Multisoft finden Sie einen Partner, der vom Entwurf bis zur Umsetzung bereit ist, Ihre W\u00fcnsche und Anforderungen gemeinsam zu besprechen.<\/p> <p>Ob Sie ein neues IT-Netzwerk planen, ein in die Jahre gekommenes Netzwerk ersetzen bzw. Ihr Netzwerk um zus\u00e4tzliche Infrastruktur erweitern m\u00f6chten, auf uns k\u00f6nnen Sie sich immer verlassen. Wir \u00fcbernehmen die Konzeption und Umsetzung gem\u00e4\u00df unserer jahrelangen Erfahrung und tadellosen Kompetenz, um eine erfolgreiche Umsetzung Ihres Projekts sicherzustellen.<\/p> <p>Multisoft ist eine zuverl\u00e4ssige Quelle f\u00fcr erfahrenes und effektives Produktmanagement. Eine Quelle, der unsere Partner auf der ganzen Welt seit 2001 vertrauen.<\/p> <p>Unser Angebot umfasst folgende Leistungen:<\/p> <ul> <li>Durchf\u00fchrung einer erneuten Terminierung vorhandener Daten-Patchpanels der Kategorien 5, 5e, 6, 7 (Struktur- und Rackverkabelung).<\/li> <li>Neuinstallationen bzw. Umbau der bereits bestehenden.<\/li> <li>Montage und Installation von Serverschr\u00e4nken.<\/li> <li>Installation neuer Switches, Patchpanels mit vollst\u00e4ndiger Konfiguration.<\/li> <li>Installation von Cat 5, 5e, 6, 7 Verkabelungen (strukturierte Verkabelung und Verkabelung von Serverracks).<\/li> <li>Umzugsdienste im Bereich der B\u00fcroausstattung (modul\u00e4re M\u00f6bel, B\u00fcroger\u00e4te-Regale).<\/li> <li>Installation von Netzwerk-Hubs und Switches.<\/li> <li>Konfiguration und Installation von drahtlosen Netzwerken.<\/li> <\/ul>","_links":{"self":[{"href":"https:\/\/multisoftsa.com\/de\/wp-json\/wp\/v2\/pages\/629","targetHints":{"allow":["GET"]}}],"collection":[{"href":"https:\/\/multisoftsa.com\/de\/wp-json\/wp\/v2\/pages"}],"about":[{"href":"https:\/\/multisoftsa.com\/de\/wp-json\/wp\/v2\/types\/page"}],"author":[{"embeddable":true,"href":"https:\/\/multisoftsa.com\/de\/wp-json\/wp\/v2\/users\/3"}],"replies":[{"embeddable":true,"href":"https:\/\/multisoftsa.com\/de\/wp-json\/wp\/v2\/comments?post=629"}],"version-history":[{"count":5,"href":"https:\/\/multisoftsa.com\/de\/wp-json\/wp\/v2\/pages\/629\/revisions"}],"predecessor-version":[{"id":648,"href":"https:\/\/multisoftsa.com\/de\/wp-json\/wp\/v2\/pages\/629\/revisions\/648"}],"up":[{"embeddable":true,"href":"https:\/\/multisoftsa.com\/de\/wp-json\/wp\/v2\/pages\/718"}],"wp:attachment":[{"href":"https:\/\/multisoftsa.com\/de\/wp-json\/wp\/v2\/media?parent=629"}],"curies":[{"name":"wp","href":"https:\/\/api.w.org\/{rel}","templated":true}]}}