{"id":625,"date":"2024-01-05T09:53:32","date_gmt":"2024-01-05T08:53:32","guid":{"rendered":"https:\/\/multisoftsa.com\/luftraumueberwachung\/"},"modified":"2024-04-09T09:30:57","modified_gmt":"2024-04-09T07:30:57","slug":"luftraumueberwachung","status":"publish","type":"page","link":"https:\/\/multisoftsa.com\/de\/leistungen\/luftraumueberwachung\/","title":{"rendered":"Luftraum\u00fcberwachung"},"content":{"rendered":"<!--themify_builder_content-->\n<div id=\"themify_builder_content-625\" data-postid=\"625\" class=\"themify_builder_content themify_builder_content-625 themify_builder tf_clear\">\n                    <div  data-css_id=\"psdl700\" data-lazy=\"1\" class=\"module_row themify_builder_row fullwidth tb_psdl700 tb_first tf_w\">\n                        <div class=\"row_inner col_align_top tb_col_count_2 tf_box tf_rel\">\n                        <div  data-lazy=\"1\" class=\"module_column tb-column col4-2 tb_aubq93 first\">\n                            <\/div>\n                    <div  data-lazy=\"1\" class=\"module_column tb-column col3-2 tb_0mgb848 last\">\n                    <!-- module text -->\n<div  class=\"module module-text tb_6cze848  repeat \" data-lazy=\"1\">\n        <div  class=\"tb_text_wrap\">\n        <h1>Luftraum\u00fcberwachung<\/h1>    <\/div>\n<\/div>\n<!-- \/module text -->        <\/div>\n                        <\/div>\n        <\/div>\n                        <div  data-lazy=\"1\" class=\"module_row themify_builder_row tb_kjgc362 tf_w\">\n                        <div class=\"row_inner col_align_top tb_col_count_1 tf_box tf_rel\">\n                        <div  data-lazy=\"1\" class=\"module_column tb-column col-full tb_2xmt362 first\">\n                    <!-- module image -->\n<div  class=\"module module-image tb_iyci153 image-full-overlay   auto_fullwidth tf_mw\" data-lazy=\"1\">\n        <div class=\"image-wrap tf_rel tf_mw\">\n            <img decoding=\"async\" src=\"\/wp-content\/uploads\/2024\/01\/multisoft_installation_map_thumb.jpg\" title=\"Luftraum\u00fcberwachung\" alt=\"Luftraum\u00fcberwachung\">    \n        <\/div>\n    <!-- \/image-wrap -->\n    \n        <\/div>\n<!-- \/module image --><!-- module text -->\n<div  class=\"module module-text tb_i46j132   \" data-lazy=\"1\">\n        <div  class=\"tb_text_wrap\">\n        <p>Multisoft bietet bew\u00e4hrte IT-L\u00f6sungen, die den gesamten Luftraum-Management-Prozess umfassen. Wir bieten eine breite Palette flexibler Systeme an. Somit bekommen unsere Kunden eine L\u00f6sung, die nicht nur hinsichtlich der Funktionalit\u00e4t, sondern auch der Kosten genau auf ihre Bed\u00fcrfnisse zugeschnitten ist.<\/p><p>\u00dcber zwei Jahrzehnte Erfahrung in der Installation und dem Betrieb von Luftraum\u00fcberwachungs-Systeme erm\u00f6glichen es uns, die h\u00f6chste Qualit\u00e4t der Dienstleistungen in dieser Branche zu gew\u00e4hrleisten. Von umfassenden Kommunikationssystemen \u00fcber Fluglotsen-Positionen bis hin zu umfangreichen Aufzeichnungssystemen.<\/p><p>Wir bieten unseren Kunden DIENSTLEISTUNGEN UND WAREN H\u00d6CHSTER QUALIT\u00c4T an.<br>Sicherheit hat f\u00fcr und immer h\u00f6chste Priorit\u00e4t.<\/p><p>Jeder Installation geht ein Besuch unserer erfahrenen Ingenieure voraus. Diese \u00fcberpr\u00fcfen und bewerten die vorhandene Infrastruktur. Zwar ist es nat\u00fcrlich m\u00f6glich, alles von Grund auf neu zu bauen. Wir glauben aber, dass eine finanziell und effizient bessere Option darin besteht, die vorhandene Infrastruktur an die bestehenden Bed\u00fcrfnisse anzupassen oder sie zumindest teilweise zu nutzen. Bei der Auswahl der ben\u00f6tigten Ger\u00e4te in dieser Branche sollte man auch einige wichtige Faktoren wie Helligkeit, Video\u00fcberwachung (CCTV) usw. ber\u00fccksichtigen.<\/p><p>&#8211; Wir haben Erfahrung in der Installation von \u00dcberwachungssystemen von <a href=\"http:\/\/www.jotron.com\/\">Jotron AS<\/a>, f\u00fcr die wir ein strategischer Partner sind, und haben viele erfolgreiche Installationen von <a href=\"http:\/\/www.indracompany.com\/en\">Indra<\/a>-, <a href=\"http:\/\/www.leonardocompany.com\/\">Leonardo<\/a>&#8211; und <a href=\"https:\/\/www.thalesgroup.com\/en\">Thales<\/a>-Systemen durchgef\u00fchrt.<\/p>    <\/div>\n<\/div>\n<!-- \/module text -->        <\/div>\n                        <\/div>\n        <\/div>\n        <\/div>\n<!--\/themify_builder_content-->","protected":false},"excerpt":{"rendered":"<p>Luftraum\u00fcberwachung<\/p>\n","protected":false},"author":3,"featured_media":0,"parent":718,"menu_order":0,"comment_status":"closed","ping_status":"closed","template":"","meta":{"footnotes":""},"class_list":["post-625","page","type-page","status-publish","hentry","has-post-title","has-post-date","has-post-category","has-post-tag","has-post-comment","has-post-author",""],"yoast_head":"<!-- This site is optimized with the Yoast SEO plugin v25.3.1 - https:\/\/yoast.com\/wordpress\/plugins\/seo\/ -->\n<title>Luftraum\u00fcberwachung - MULTISOFT S.A.<\/title>\n<meta name=\"robots\" content=\"index, follow, max-snippet:-1, max-image-preview:large, max-video-preview:-1\" \/>\n<link rel=\"canonical\" href=\"https:\/\/multisoftsa.com\/de\/leistungen\/luftraumueberwachung\/\" \/>\n<meta property=\"og:locale\" content=\"de_DE\" \/>\n<meta property=\"og:type\" content=\"article\" \/>\n<meta property=\"og:title\" content=\"Luftraum\u00fcberwachung - MULTISOFT S.A.\" \/>\n<meta property=\"og:description\" content=\"Luftraum\u00fcberwachung\" \/>\n<meta property=\"og:url\" content=\"https:\/\/multisoftsa.com\/de\/leistungen\/luftraumueberwachung\/\" \/>\n<meta property=\"og:site_name\" content=\"MULTISOFT S.A.\" \/>\n<meta property=\"article:publisher\" content=\"https:\/\/www.facebook.com\/multisoftgroup\/\" \/>\n<meta property=\"article:modified_time\" content=\"2024-04-09T07:30:57+00:00\" \/>\n<meta property=\"og:image\" content=\"https:\/\/multisoftsa.com\/wp-content\/uploads\/2024\/01\/multisoft_installation_map_thumb.jpg\" \/>\n<meta name=\"twitter:card\" content=\"summary_large_image\" \/>\n<meta name=\"twitter:label1\" content=\"Gesch\u00e4tzte Lesezeit\" \/>\n\t<meta name=\"twitter:data1\" content=\"1\u00a0Minute\" \/>\n<script type=\"application\/ld+json\" class=\"yoast-schema-graph\">{\"@context\":\"https:\/\/schema.org\",\"@graph\":[{\"@type\":\"WebPage\",\"@id\":\"https:\/\/multisoftsa.com\/de\/leistungen\/luftraumueberwachung\/\",\"url\":\"https:\/\/multisoftsa.com\/de\/leistungen\/luftraumueberwachung\/\",\"name\":\"Luftraum\u00fcberwachung - MULTISOFT S.A.\",\"isPartOf\":{\"@id\":\"https:\/\/multisoftsa.com\/de\/#website\"},\"primaryImageOfPage\":{\"@id\":\"https:\/\/multisoftsa.com\/de\/leistungen\/luftraumueberwachung\/#primaryimage\"},\"image\":{\"@id\":\"https:\/\/multisoftsa.com\/de\/leistungen\/luftraumueberwachung\/#primaryimage\"},\"thumbnailUrl\":\"https:\/\/multisoftsa.com\/wp-content\/uploads\/2024\/01\/multisoft_installation_map_thumb.jpg\",\"datePublished\":\"2024-01-05T08:53:32+00:00\",\"dateModified\":\"2024-04-09T07:30:57+00:00\",\"breadcrumb\":{\"@id\":\"https:\/\/multisoftsa.com\/de\/leistungen\/luftraumueberwachung\/#breadcrumb\"},\"inLanguage\":\"de\",\"potentialAction\":[{\"@type\":\"ReadAction\",\"target\":[\"https:\/\/multisoftsa.com\/de\/leistungen\/luftraumueberwachung\/\"]}]},{\"@type\":\"ImageObject\",\"inLanguage\":\"de\",\"@id\":\"https:\/\/multisoftsa.com\/de\/leistungen\/luftraumueberwachung\/#primaryimage\",\"url\":\"https:\/\/multisoftsa.com\/wp-content\/uploads\/2024\/01\/multisoft_installation_map_thumb.jpg\",\"contentUrl\":\"https:\/\/multisoftsa.com\/wp-content\/uploads\/2024\/01\/multisoft_installation_map_thumb.jpg\"},{\"@type\":\"BreadcrumbList\",\"@id\":\"https:\/\/multisoftsa.com\/de\/leistungen\/luftraumueberwachung\/#breadcrumb\",\"itemListElement\":[{\"@type\":\"ListItem\",\"position\":1,\"name\":\"Strona g\u0142\u00f3wna\",\"item\":\"https:\/\/multisoftsa.com\/de\/\"},{\"@type\":\"ListItem\",\"position\":2,\"name\":\"Leistungen\",\"item\":\"https:\/\/multisoftsa.com\/de\/leistungen\/\"},{\"@type\":\"ListItem\",\"position\":3,\"name\":\"Luftraum\u00fcberwachung\"}]},{\"@type\":\"WebSite\",\"@id\":\"https:\/\/multisoftsa.com\/de\/#website\",\"url\":\"https:\/\/multisoftsa.com\/de\/\",\"name\":\"MULTISOFT S.A.\",\"description\":\"\",\"publisher\":{\"@id\":\"https:\/\/multisoftsa.com\/de\/#organization\"},\"potentialAction\":[{\"@type\":\"SearchAction\",\"target\":{\"@type\":\"EntryPoint\",\"urlTemplate\":\"https:\/\/multisoftsa.com\/de\/?s={search_term_string}\"},\"query-input\":{\"@type\":\"PropertyValueSpecification\",\"valueRequired\":true,\"valueName\":\"search_term_string\"}}],\"inLanguage\":\"de\"},{\"@type\":\"Organization\",\"@id\":\"https:\/\/multisoftsa.com\/de\/#organization\",\"name\":\"MULTISOFT S.A.\",\"url\":\"https:\/\/multisoftsa.com\/de\/\",\"logo\":{\"@type\":\"ImageObject\",\"inLanguage\":\"de\",\"@id\":\"https:\/\/multisoftsa.com\/de\/#\/schema\/logo\/image\/\",\"url\":\"https:\/\/multisoftsa.com\/wp-content\/uploads\/2024\/01\/logo-multisoft.svg\",\"contentUrl\":\"https:\/\/multisoftsa.com\/wp-content\/uploads\/2024\/01\/logo-multisoft.svg\",\"width\":1,\"height\":1,\"caption\":\"MULTISOFT S.A.\"},\"image\":{\"@id\":\"https:\/\/multisoftsa.com\/de\/#\/schema\/logo\/image\/\"},\"sameAs\":[\"https:\/\/www.facebook.com\/multisoftgroup\/\",\"https:\/\/www.linkedin.com\/company\/10080493\/admin\/feed\/posts\/?feedType=following\"]}]}<\/script>\n<!-- \/ Yoast SEO plugin. -->","yoast_head_json":{"title":"Luftraum\u00fcberwachung - MULTISOFT S.A.","robots":{"index":"index","follow":"follow","max-snippet":"max-snippet:-1","max-image-preview":"max-image-preview:large","max-video-preview":"max-video-preview:-1"},"canonical":"https:\/\/multisoftsa.com\/de\/leistungen\/luftraumueberwachung\/","og_locale":"de_DE","og_type":"article","og_title":"Luftraum\u00fcberwachung - MULTISOFT S.A.","og_description":"Luftraum\u00fcberwachung","og_url":"https:\/\/multisoftsa.com\/de\/leistungen\/luftraumueberwachung\/","og_site_name":"MULTISOFT S.A.","article_publisher":"https:\/\/www.facebook.com\/multisoftgroup\/","article_modified_time":"2024-04-09T07:30:57+00:00","og_image":[{"url":"https:\/\/multisoftsa.com\/wp-content\/uploads\/2024\/01\/multisoft_installation_map_thumb.jpg","type":"","width":"","height":""}],"twitter_card":"summary_large_image","twitter_misc":{"Gesch\u00e4tzte Lesezeit":"1\u00a0Minute"},"schema":{"@context":"https:\/\/schema.org","@graph":[{"@type":"WebPage","@id":"https:\/\/multisoftsa.com\/de\/leistungen\/luftraumueberwachung\/","url":"https:\/\/multisoftsa.com\/de\/leistungen\/luftraumueberwachung\/","name":"Luftraum\u00fcberwachung - MULTISOFT S.A.","isPartOf":{"@id":"https:\/\/multisoftsa.com\/de\/#website"},"primaryImageOfPage":{"@id":"https:\/\/multisoftsa.com\/de\/leistungen\/luftraumueberwachung\/#primaryimage"},"image":{"@id":"https:\/\/multisoftsa.com\/de\/leistungen\/luftraumueberwachung\/#primaryimage"},"thumbnailUrl":"https:\/\/multisoftsa.com\/wp-content\/uploads\/2024\/01\/multisoft_installation_map_thumb.jpg","datePublished":"2024-01-05T08:53:32+00:00","dateModified":"2024-04-09T07:30:57+00:00","breadcrumb":{"@id":"https:\/\/multisoftsa.com\/de\/leistungen\/luftraumueberwachung\/#breadcrumb"},"inLanguage":"de","potentialAction":[{"@type":"ReadAction","target":["https:\/\/multisoftsa.com\/de\/leistungen\/luftraumueberwachung\/"]}]},{"@type":"ImageObject","inLanguage":"de","@id":"https:\/\/multisoftsa.com\/de\/leistungen\/luftraumueberwachung\/#primaryimage","url":"https:\/\/multisoftsa.com\/wp-content\/uploads\/2024\/01\/multisoft_installation_map_thumb.jpg","contentUrl":"https:\/\/multisoftsa.com\/wp-content\/uploads\/2024\/01\/multisoft_installation_map_thumb.jpg"},{"@type":"BreadcrumbList","@id":"https:\/\/multisoftsa.com\/de\/leistungen\/luftraumueberwachung\/#breadcrumb","itemListElement":[{"@type":"ListItem","position":1,"name":"Strona g\u0142\u00f3wna","item":"https:\/\/multisoftsa.com\/de\/"},{"@type":"ListItem","position":2,"name":"Leistungen","item":"https:\/\/multisoftsa.com\/de\/leistungen\/"},{"@type":"ListItem","position":3,"name":"Luftraum\u00fcberwachung"}]},{"@type":"WebSite","@id":"https:\/\/multisoftsa.com\/de\/#website","url":"https:\/\/multisoftsa.com\/de\/","name":"MULTISOFT S.A.","description":"","publisher":{"@id":"https:\/\/multisoftsa.com\/de\/#organization"},"potentialAction":[{"@type":"SearchAction","target":{"@type":"EntryPoint","urlTemplate":"https:\/\/multisoftsa.com\/de\/?s={search_term_string}"},"query-input":{"@type":"PropertyValueSpecification","valueRequired":true,"valueName":"search_term_string"}}],"inLanguage":"de"},{"@type":"Organization","@id":"https:\/\/multisoftsa.com\/de\/#organization","name":"MULTISOFT S.A.","url":"https:\/\/multisoftsa.com\/de\/","logo":{"@type":"ImageObject","inLanguage":"de","@id":"https:\/\/multisoftsa.com\/de\/#\/schema\/logo\/image\/","url":"https:\/\/multisoftsa.com\/wp-content\/uploads\/2024\/01\/logo-multisoft.svg","contentUrl":"https:\/\/multisoftsa.com\/wp-content\/uploads\/2024\/01\/logo-multisoft.svg","width":1,"height":1,"caption":"MULTISOFT S.A."},"image":{"@id":"https:\/\/multisoftsa.com\/de\/#\/schema\/logo\/image\/"},"sameAs":["https:\/\/www.facebook.com\/multisoftgroup\/","https:\/\/www.linkedin.com\/company\/10080493\/admin\/feed\/posts\/?feedType=following"]}]}},"builder_content":"<h1>Luftraum\u00fcberwachung<\/h1>\n<img src=\"\/wp-content\/uploads\/2024\/01\/multisoft_installation_map_thumb.jpg\" title=\"Luftraum\u00fcberwachung\" alt=\"Luftraum\u00fcberwachung\">\n<p>Multisoft bietet bew\u00e4hrte IT-L\u00f6sungen, die den gesamten Luftraum-Management-Prozess umfassen. Wir bieten eine breite Palette flexibler Systeme an. Somit bekommen unsere Kunden eine L\u00f6sung, die nicht nur hinsichtlich der Funktionalit\u00e4t, sondern auch der Kosten genau auf ihre Bed\u00fcrfnisse zugeschnitten ist.<\/p><p>\u00dcber zwei Jahrzehnte Erfahrung in der Installation und dem Betrieb von Luftraum\u00fcberwachungs-Systeme erm\u00f6glichen es uns, die h\u00f6chste Qualit\u00e4t der Dienstleistungen in dieser Branche zu gew\u00e4hrleisten. Von umfassenden Kommunikationssystemen \u00fcber Fluglotsen-Positionen bis hin zu umfangreichen Aufzeichnungssystemen.<\/p><p>Wir bieten unseren Kunden DIENSTLEISTUNGEN UND WAREN H\u00d6CHSTER QUALIT\u00c4T an.<br>Sicherheit hat f\u00fcr und immer h\u00f6chste Priorit\u00e4t.<\/p><p>Jeder Installation geht ein Besuch unserer erfahrenen Ingenieure voraus. Diese \u00fcberpr\u00fcfen und bewerten die vorhandene Infrastruktur. Zwar ist es nat\u00fcrlich m\u00f6glich, alles von Grund auf neu zu bauen. Wir glauben aber, dass eine finanziell und effizient bessere Option darin besteht, die vorhandene Infrastruktur an die bestehenden Bed\u00fcrfnisse anzupassen oder sie zumindest teilweise zu nutzen. Bei der Auswahl der ben\u00f6tigten Ger\u00e4te in dieser Branche sollte man auch einige wichtige Faktoren wie Helligkeit, Video\u00fcberwachung (CCTV) usw. ber\u00fccksichtigen.<\/p><p>- Wir haben Erfahrung in der Installation von \u00dcberwachungssystemen von <a href=\"http:\/\/www.jotron.com\/\">Jotron AS<\/a>, f\u00fcr die wir ein strategischer Partner sind, und haben viele erfolgreiche Installationen von <a href=\"http:\/\/www.indracompany.com\/en\">Indra<\/a>-, <a href=\"http:\/\/www.leonardocompany.com\/\">Leonardo<\/a>- und <a href=\"https:\/\/www.thalesgroup.com\/en\">Thales<\/a>-Systemen durchgef\u00fchrt.<\/p>","_links":{"self":[{"href":"https:\/\/multisoftsa.com\/de\/wp-json\/wp\/v2\/pages\/625","targetHints":{"allow":["GET"]}}],"collection":[{"href":"https:\/\/multisoftsa.com\/de\/wp-json\/wp\/v2\/pages"}],"about":[{"href":"https:\/\/multisoftsa.com\/de\/wp-json\/wp\/v2\/types\/page"}],"author":[{"embeddable":true,"href":"https:\/\/multisoftsa.com\/de\/wp-json\/wp\/v2\/users\/3"}],"replies":[{"embeddable":true,"href":"https:\/\/multisoftsa.com\/de\/wp-json\/wp\/v2\/comments?post=625"}],"version-history":[{"count":4,"href":"https:\/\/multisoftsa.com\/de\/wp-json\/wp\/v2\/pages\/625\/revisions"}],"predecessor-version":[{"id":719,"href":"https:\/\/multisoftsa.com\/de\/wp-json\/wp\/v2\/pages\/625\/revisions\/719"}],"up":[{"embeddable":true,"href":"https:\/\/multisoftsa.com\/de\/wp-json\/wp\/v2\/pages\/718"}],"wp:attachment":[{"href":"https:\/\/multisoftsa.com\/de\/wp-json\/wp\/v2\/media?parent=625"}],"curies":[{"name":"wp","href":"https:\/\/api.w.org\/{rel}","templated":true}]}}