{"id":621,"date":"2024-01-05T09:50:06","date_gmt":"2024-01-05T08:50:06","guid":{"rendered":"https:\/\/multisoftsa.com\/auslagerung\/"},"modified":"2024-04-09T09:30:57","modified_gmt":"2024-04-09T07:30:57","slug":"auslagerung","status":"publish","type":"page","link":"https:\/\/multisoftsa.com\/de\/leistungen\/auslagerung\/","title":{"rendered":"Auslagerung"},"content":{"rendered":"<!--themify_builder_content-->\n<div id=\"themify_builder_content-621\" data-postid=\"621\" class=\"themify_builder_content themify_builder_content-621 themify_builder tf_clear\">\n                    <div  data-lazy=\"1\" class=\"module_row themify_builder_row tb_vd8t790 tb_first tf_w\">\n                        <div class=\"row_inner col_align_top tb_col_count_1 tf_box tf_rel\">\n                        <div  data-lazy=\"1\" class=\"module_column tb-column col-full tb_r6ds790 first\">\n                    <!-- module text -->\n<div  class=\"module module-text tb_q6uu515   \" data-lazy=\"1\">\n        <div  class=\"tb_text_wrap\">\n        <p>Ein Unternehmens im 21. Jh. zu f\u00fchren ist eine Herausforderungen, die mehrere neue, bisher unbekannte Probleme mit sich bringt. Der Einsatz von neuen Technologien ist heute eine absolute Notwendigkeit, denn die Ausstattung eines Unternehmens mit effizienter und zuverl\u00e4ssiger Computerausr\u00fcstung entscheidet oft \u00fcber sein \u00dcberleben. Daher bieten wir, um den Erwartungen unserer Kunden gerecht zu werden, eine umfassende Betreuung der IT-Infrastruktur des Unternehmens an.  <\/p><p>Der erste Schritt auf diesem Weg besteht also darin, Ihre Bed\u00fcrfnisse und Anforderungen festzustellen und eine solche Strategie herauszuarbeiten, die es erlaubt, diese effizient zu realisieren.<\/p><p>Wir f\u00fchren eine umfassende Analyse der Besonderheiten Ihrer Branche und schlagen, auf der bestehenden IT-Infrastruktur basierend, entsprechende Entwicklungsrichtungen vor.<\/p><p>Multisoft gew\u00e4hrleistet eine breite Palette an Servicepaketen sowie Softwareentwicklung. Unser Expertenteam verf\u00fcgt \u00fcber globale Erfahrung bei der L\u00f6sung aktueller und potenzieller Probleme, die im IT-Bereich auftreten k\u00f6nnen.<\/p><p>Dieser Service l\u00e4sst sich, je nach Kundenwunsch, remote oder vor Ort durchf\u00fchren.<\/p><p><strong>Dieser Service l\u00e4sst sich, je nach Kundenwunsch, remote oder vor Ort durchf\u00fchren.<\/strong><\/p>    <\/div>\n<\/div>\n<!-- \/module text -->        <\/div>\n                        <\/div>\n        <\/div>\n        <\/div>\n<!--\/themify_builder_content-->","protected":false},"excerpt":{"rendered":"<p>Ein Unternehmens im 21. Jh. zu f\u00fchren ist eine Herausforderungen, die mehrere neue, bisher unbekannte Probleme mit sich bringt. Der Einsatz von neuen Technologien ist heute eine absolute Notwendigkeit, denn die Ausstattung eines Unternehmens mit effizienter und zuverl\u00e4ssiger Computerausr\u00fcstung entscheidet oft \u00fcber sein \u00dcberleben. Daher bieten wir, um den Erwartungen unserer Kunden gerecht zu werden, [&hellip;]<\/p>\n","protected":false},"author":3,"featured_media":0,"parent":718,"menu_order":0,"comment_status":"closed","ping_status":"closed","template":"","meta":{"footnotes":""},"class_list":["post-621","page","type-page","status-publish","hentry","has-post-title","has-post-date","has-post-category","has-post-tag","has-post-comment","has-post-author",""],"yoast_head":"<!-- This site is optimized with the Yoast SEO plugin v25.3.1 - https:\/\/yoast.com\/wordpress\/plugins\/seo\/ -->\n<title>Auslagerung - MULTISOFT S.A.<\/title>\n<meta name=\"robots\" content=\"index, follow, max-snippet:-1, max-image-preview:large, max-video-preview:-1\" \/>\n<link rel=\"canonical\" href=\"https:\/\/multisoftsa.com\/de\/leistungen\/auslagerung\/\" \/>\n<meta property=\"og:locale\" content=\"de_DE\" \/>\n<meta property=\"og:type\" content=\"article\" \/>\n<meta property=\"og:title\" content=\"Auslagerung - MULTISOFT S.A.\" \/>\n<meta property=\"og:description\" content=\"Ein Unternehmens im 21. Jh. zu f\u00fchren ist eine Herausforderungen, die mehrere neue, bisher unbekannte Probleme mit sich bringt. Der Einsatz von neuen Technologien ist heute eine absolute Notwendigkeit, denn die Ausstattung eines Unternehmens mit effizienter und zuverl\u00e4ssiger Computerausr\u00fcstung entscheidet oft \u00fcber sein \u00dcberleben. Daher bieten wir, um den Erwartungen unserer Kunden gerecht zu werden, [&hellip;]\" \/>\n<meta property=\"og:url\" content=\"https:\/\/multisoftsa.com\/de\/leistungen\/auslagerung\/\" \/>\n<meta property=\"og:site_name\" content=\"MULTISOFT S.A.\" \/>\n<meta property=\"article:publisher\" content=\"https:\/\/www.facebook.com\/multisoftgroup\/\" \/>\n<meta property=\"article:modified_time\" content=\"2024-04-09T07:30:57+00:00\" \/>\n<meta name=\"twitter:card\" content=\"summary_large_image\" \/>\n<meta name=\"twitter:label1\" content=\"Gesch\u00e4tzte Lesezeit\" \/>\n\t<meta name=\"twitter:data1\" content=\"1\u00a0Minute\" \/>\n<script type=\"application\/ld+json\" class=\"yoast-schema-graph\">{\"@context\":\"https:\/\/schema.org\",\"@graph\":[{\"@type\":\"WebPage\",\"@id\":\"https:\/\/multisoftsa.com\/de\/leistungen\/auslagerung\/\",\"url\":\"https:\/\/multisoftsa.com\/de\/leistungen\/auslagerung\/\",\"name\":\"Auslagerung - MULTISOFT S.A.\",\"isPartOf\":{\"@id\":\"https:\/\/multisoftsa.com\/de\/#website\"},\"datePublished\":\"2024-01-05T08:50:06+00:00\",\"dateModified\":\"2024-04-09T07:30:57+00:00\",\"breadcrumb\":{\"@id\":\"https:\/\/multisoftsa.com\/de\/leistungen\/auslagerung\/#breadcrumb\"},\"inLanguage\":\"de\",\"potentialAction\":[{\"@type\":\"ReadAction\",\"target\":[\"https:\/\/multisoftsa.com\/de\/leistungen\/auslagerung\/\"]}]},{\"@type\":\"BreadcrumbList\",\"@id\":\"https:\/\/multisoftsa.com\/de\/leistungen\/auslagerung\/#breadcrumb\",\"itemListElement\":[{\"@type\":\"ListItem\",\"position\":1,\"name\":\"Strona g\u0142\u00f3wna\",\"item\":\"https:\/\/multisoftsa.com\/de\/\"},{\"@type\":\"ListItem\",\"position\":2,\"name\":\"Leistungen\",\"item\":\"https:\/\/multisoftsa.com\/de\/leistungen\/\"},{\"@type\":\"ListItem\",\"position\":3,\"name\":\"Auslagerung\"}]},{\"@type\":\"WebSite\",\"@id\":\"https:\/\/multisoftsa.com\/de\/#website\",\"url\":\"https:\/\/multisoftsa.com\/de\/\",\"name\":\"MULTISOFT S.A.\",\"description\":\"\",\"publisher\":{\"@id\":\"https:\/\/multisoftsa.com\/de\/#organization\"},\"potentialAction\":[{\"@type\":\"SearchAction\",\"target\":{\"@type\":\"EntryPoint\",\"urlTemplate\":\"https:\/\/multisoftsa.com\/de\/?s={search_term_string}\"},\"query-input\":{\"@type\":\"PropertyValueSpecification\",\"valueRequired\":true,\"valueName\":\"search_term_string\"}}],\"inLanguage\":\"de\"},{\"@type\":\"Organization\",\"@id\":\"https:\/\/multisoftsa.com\/de\/#organization\",\"name\":\"MULTISOFT S.A.\",\"url\":\"https:\/\/multisoftsa.com\/de\/\",\"logo\":{\"@type\":\"ImageObject\",\"inLanguage\":\"de\",\"@id\":\"https:\/\/multisoftsa.com\/de\/#\/schema\/logo\/image\/\",\"url\":\"https:\/\/multisoftsa.com\/wp-content\/uploads\/2024\/01\/logo-multisoft.svg\",\"contentUrl\":\"https:\/\/multisoftsa.com\/wp-content\/uploads\/2024\/01\/logo-multisoft.svg\",\"width\":1,\"height\":1,\"caption\":\"MULTISOFT S.A.\"},\"image\":{\"@id\":\"https:\/\/multisoftsa.com\/de\/#\/schema\/logo\/image\/\"},\"sameAs\":[\"https:\/\/www.facebook.com\/multisoftgroup\/\",\"https:\/\/www.linkedin.com\/company\/10080493\/admin\/feed\/posts\/?feedType=following\"]}]}<\/script>\n<!-- \/ Yoast SEO plugin. -->","yoast_head_json":{"title":"Auslagerung - MULTISOFT S.A.","robots":{"index":"index","follow":"follow","max-snippet":"max-snippet:-1","max-image-preview":"max-image-preview:large","max-video-preview":"max-video-preview:-1"},"canonical":"https:\/\/multisoftsa.com\/de\/leistungen\/auslagerung\/","og_locale":"de_DE","og_type":"article","og_title":"Auslagerung - MULTISOFT S.A.","og_description":"Ein Unternehmens im 21. Jh. zu f\u00fchren ist eine Herausforderungen, die mehrere neue, bisher unbekannte Probleme mit sich bringt. Der Einsatz von neuen Technologien ist heute eine absolute Notwendigkeit, denn die Ausstattung eines Unternehmens mit effizienter und zuverl\u00e4ssiger Computerausr\u00fcstung entscheidet oft \u00fcber sein \u00dcberleben. Daher bieten wir, um den Erwartungen unserer Kunden gerecht zu werden, [&hellip;]","og_url":"https:\/\/multisoftsa.com\/de\/leistungen\/auslagerung\/","og_site_name":"MULTISOFT S.A.","article_publisher":"https:\/\/www.facebook.com\/multisoftgroup\/","article_modified_time":"2024-04-09T07:30:57+00:00","twitter_card":"summary_large_image","twitter_misc":{"Gesch\u00e4tzte Lesezeit":"1\u00a0Minute"},"schema":{"@context":"https:\/\/schema.org","@graph":[{"@type":"WebPage","@id":"https:\/\/multisoftsa.com\/de\/leistungen\/auslagerung\/","url":"https:\/\/multisoftsa.com\/de\/leistungen\/auslagerung\/","name":"Auslagerung - MULTISOFT S.A.","isPartOf":{"@id":"https:\/\/multisoftsa.com\/de\/#website"},"datePublished":"2024-01-05T08:50:06+00:00","dateModified":"2024-04-09T07:30:57+00:00","breadcrumb":{"@id":"https:\/\/multisoftsa.com\/de\/leistungen\/auslagerung\/#breadcrumb"},"inLanguage":"de","potentialAction":[{"@type":"ReadAction","target":["https:\/\/multisoftsa.com\/de\/leistungen\/auslagerung\/"]}]},{"@type":"BreadcrumbList","@id":"https:\/\/multisoftsa.com\/de\/leistungen\/auslagerung\/#breadcrumb","itemListElement":[{"@type":"ListItem","position":1,"name":"Strona g\u0142\u00f3wna","item":"https:\/\/multisoftsa.com\/de\/"},{"@type":"ListItem","position":2,"name":"Leistungen","item":"https:\/\/multisoftsa.com\/de\/leistungen\/"},{"@type":"ListItem","position":3,"name":"Auslagerung"}]},{"@type":"WebSite","@id":"https:\/\/multisoftsa.com\/de\/#website","url":"https:\/\/multisoftsa.com\/de\/","name":"MULTISOFT S.A.","description":"","publisher":{"@id":"https:\/\/multisoftsa.com\/de\/#organization"},"potentialAction":[{"@type":"SearchAction","target":{"@type":"EntryPoint","urlTemplate":"https:\/\/multisoftsa.com\/de\/?s={search_term_string}"},"query-input":{"@type":"PropertyValueSpecification","valueRequired":true,"valueName":"search_term_string"}}],"inLanguage":"de"},{"@type":"Organization","@id":"https:\/\/multisoftsa.com\/de\/#organization","name":"MULTISOFT S.A.","url":"https:\/\/multisoftsa.com\/de\/","logo":{"@type":"ImageObject","inLanguage":"de","@id":"https:\/\/multisoftsa.com\/de\/#\/schema\/logo\/image\/","url":"https:\/\/multisoftsa.com\/wp-content\/uploads\/2024\/01\/logo-multisoft.svg","contentUrl":"https:\/\/multisoftsa.com\/wp-content\/uploads\/2024\/01\/logo-multisoft.svg","width":1,"height":1,"caption":"MULTISOFT S.A."},"image":{"@id":"https:\/\/multisoftsa.com\/de\/#\/schema\/logo\/image\/"},"sameAs":["https:\/\/www.facebook.com\/multisoftgroup\/","https:\/\/www.linkedin.com\/company\/10080493\/admin\/feed\/posts\/?feedType=following"]}]}},"builder_content":"<p>Ein Unternehmens im 21. Jh. zu f\u00fchren ist eine Herausforderungen, die mehrere neue, bisher unbekannte Probleme mit sich bringt. Der Einsatz von neuen Technologien ist heute eine absolute Notwendigkeit, denn die Ausstattung eines Unternehmens mit effizienter und zuverl\u00e4ssiger Computerausr\u00fcstung entscheidet oft \u00fcber sein \u00dcberleben. Daher bieten wir, um den Erwartungen unserer Kunden gerecht zu werden, eine umfassende Betreuung der IT-Infrastruktur des Unternehmens an. <\/p><p>Der erste Schritt auf diesem Weg besteht also darin, Ihre Bed\u00fcrfnisse und Anforderungen festzustellen und eine solche Strategie herauszuarbeiten, die es erlaubt, diese effizient zu realisieren.<\/p><p>Wir f\u00fchren eine umfassende Analyse der Besonderheiten Ihrer Branche und schlagen, auf der bestehenden IT-Infrastruktur basierend, entsprechende Entwicklungsrichtungen vor.<\/p><p>Multisoft gew\u00e4hrleistet eine breite Palette an Servicepaketen sowie Softwareentwicklung. Unser Expertenteam verf\u00fcgt \u00fcber globale Erfahrung bei der L\u00f6sung aktueller und potenzieller Probleme, die im IT-Bereich auftreten k\u00f6nnen.<\/p><p>Dieser Service l\u00e4sst sich, je nach Kundenwunsch, remote oder vor Ort durchf\u00fchren.<\/p><p><strong>Dieser Service l\u00e4sst sich, je nach Kundenwunsch, remote oder vor Ort durchf\u00fchren.<\/strong><\/p>","_links":{"self":[{"href":"https:\/\/multisoftsa.com\/de\/wp-json\/wp\/v2\/pages\/621","targetHints":{"allow":["GET"]}}],"collection":[{"href":"https:\/\/multisoftsa.com\/de\/wp-json\/wp\/v2\/pages"}],"about":[{"href":"https:\/\/multisoftsa.com\/de\/wp-json\/wp\/v2\/types\/page"}],"author":[{"embeddable":true,"href":"https:\/\/multisoftsa.com\/de\/wp-json\/wp\/v2\/users\/3"}],"replies":[{"embeddable":true,"href":"https:\/\/multisoftsa.com\/de\/wp-json\/wp\/v2\/comments?post=621"}],"version-history":[{"count":3,"href":"https:\/\/multisoftsa.com\/de\/wp-json\/wp\/v2\/pages\/621\/revisions"}],"predecessor-version":[{"id":624,"href":"https:\/\/multisoftsa.com\/de\/wp-json\/wp\/v2\/pages\/621\/revisions\/624"}],"up":[{"embeddable":true,"href":"https:\/\/multisoftsa.com\/de\/wp-json\/wp\/v2\/pages\/718"}],"wp:attachment":[{"href":"https:\/\/multisoftsa.com\/de\/wp-json\/wp\/v2\/media?parent=621"}],"curies":[{"name":"wp","href":"https:\/\/api.w.org\/{rel}","templated":true}]}}