{"id":609,"date":"2024-01-05T08:55:59","date_gmt":"2024-01-05T07:55:59","guid":{"rendered":"https:\/\/multisoftsa.com\/karriere\/"},"modified":"2024-02-15T09:00:32","modified_gmt":"2024-02-15T08:00:32","slug":"karriere","status":"publish","type":"page","link":"https:\/\/multisoftsa.com\/de\/karriere\/","title":{"rendered":"Karriere"},"content":{"rendered":"<!--themify_builder_content-->\n<div id=\"themify_builder_content-609\" data-postid=\"609\" class=\"themify_builder_content themify_builder_content-609 themify_builder tf_clear\">\n                    <div  data-lazy=\"1\" class=\"module_row themify_builder_row tb_ebzu924 tb_first tf_w\">\n                        <div class=\"row_inner col_align_top tb_col_count_1 tf_box tf_rel\">\n                        <div  data-lazy=\"1\" class=\"module_column tb-column col-full tb_i1g6925 first\">\n                            <div  data-lazy=\"1\" class=\"module_subrow themify_builder_sub_row tf_w col_align_top tb_col_count_1 tb_b7di489\">\n                <div  data-lazy=\"1\" class=\"module_column sub_column col-full tb_eeso489 first\">\n                    <!-- module text -->\n<div  class=\"module module-text tb_h9ci459   \" data-lazy=\"1\">\n        <div  class=\"tb_text_wrap\">\n        <p>Als den wichtigsten Vorzug und das gr\u00f6\u00dfte Kapital betrachten wir bei <strong>Multisoft<\/strong> S.A. unsere Mitarbeiter. Das Wissen, die Inspiration, die Energie und die Leidenschaft des professionellen Teams geben uns stets neue Chancen einer st\u00e4ndigen Weiterentwicklung.  <\/p><p><strong>Was unsere Firma einzigartig macht, ist die konsequente Einstellung der besten und kompetentesten Menschen, die unsere Vision sowie unsere Werte teilen.<\/strong><\/p><p>Die Arbeitsbedingungen, die wir unseren Mitarbeitern gew\u00e4hrleisten, zeigen, wie hoch wir talentierte Menschen sch\u00e4tzen. Multisoft f\u00f6rdert eine auf Chancengleichheit basierende Leistungsgesellschaft. Wir haben uns f\u00fcr einen innovativen Ansatz f\u00fcr das Leistungsmanagemen entschieden. Dieser f\u00f6rdert Transparenz, Glaubw\u00fcrdigkeit und Offenheit in der Kommunikation.<\/p><p>Das von uns eingesetzte Motivationssystem steht in engem Zusammenhang mit dem individuellen und gruppenbezogenen Engagement der Mitarbeiter und geht \u00fcber die typisch korporativen Leistungen auf dem weltweiten Arbeitsmarkt hinaus.<\/p><h4><strong>Wir bieten<\/strong><\/h4><ul><li>stabile Anstellungsbedingungen;<\/li><li>die M\u00f6glichkeit, mit Ingenieuren aus der ganzen Welt an innovativen Hard- und Software-Ger\u00e4ten zu arbeiten;<\/li><li>Herausforderungen, welche die Erm\u00f6glichung der Selbstentfaltung zum Ziel haben;<\/li><li>Arbeit in einer sich dynamisch entwickelnden Firma mit einer stabilen Position auf dem Weltmarkt;<\/li><li>Die M\u00f6glichkeit der Selbstverwirklichung durch Nutzung von Programmierkenntnissen und Erstellung eigener Strukturen;<\/li><li>die M\u00f6glichkeit, ein Ingenieuren-Team zu leiten;<\/li><li>die M\u00f6glichkeit der Selbstentfaltung durch die Teilnahme an speziellen Schulungen;<\/li><li>Englischkurse.<\/li><li>Das von uns angewendete Motivierungssystem ist mit dem individuellen und gruppenbezogenen Engagement der Mitarbeiter eng verbunden. Dieses Herangehen geht \u00fcber die herk\u00f6mmlichen Dienstleistungen auf dem Arbeitsmarkt weit hinaus.<\/li><\/ul><p> <\/p><h3> <\/h3><h4>Schick uns dein CV an die angegebene Adresse!<br><a href=\"mailto:office@multisoftsa.com\">office@multisoftsa.com<\/a><\/h4><p>Gleichzeitig m\u00f6chten wir Sie darauf hinweisen, dass wir nur ausgew\u00e4hlte Kandidaten kontaktieren werden.<br>Der Antrag soll folgende Klausel enthalten: <em>Ich stimme der Verarbeitung meiner personenbezogenen Daten f\u00fcr die Zwecke, die f\u00fcr Durchf\u00fchrung des Einstellungsverfahrens erforderlich sind, zu (gem\u00e4\u00df dem Gesetz vom 29. August 1997 zum Schutz personenbezogener Daten, Gesetzblatt Nr. 133, Pos. 883).<\/em><\/p>    <\/div>\n<\/div>\n<!-- \/module text -->        <\/div>\n                    <\/div>\n                <\/div>\n                        <\/div>\n        <\/div>\n        <\/div>\n<!--\/themify_builder_content-->","protected":false},"excerpt":{"rendered":"<p>Als den wichtigsten Vorzug und das gr\u00f6\u00dfte Kapital betrachten wir bei Multisoft S.A. unsere Mitarbeiter. Das Wissen, die Inspiration, die Energie und die Leidenschaft des professionellen Teams geben uns stets neue Chancen einer st\u00e4ndigen Weiterentwicklung. Was unsere Firma einzigartig macht, ist die konsequente Einstellung der besten und kompetentesten Menschen, die unsere Vision sowie unsere Werte [&hellip;]<\/p>\n","protected":false},"author":3,"featured_media":0,"parent":0,"menu_order":0,"comment_status":"closed","ping_status":"closed","template":"","meta":{"footnotes":""},"class_list":["post-609","page","type-page","status-publish","hentry","has-post-title","has-post-date","has-post-category","has-post-tag","has-post-comment","has-post-author",""],"yoast_head":"<!-- This site is optimized with the Yoast SEO plugin v25.3.1 - https:\/\/yoast.com\/wordpress\/plugins\/seo\/ -->\n<title>Karriere - MULTISOFT S.A.<\/title>\n<meta name=\"robots\" content=\"index, follow, max-snippet:-1, max-image-preview:large, max-video-preview:-1\" \/>\n<link rel=\"canonical\" href=\"https:\/\/multisoftsa.com\/de\/karriere\/\" \/>\n<meta property=\"og:locale\" content=\"de_DE\" \/>\n<meta property=\"og:type\" content=\"article\" \/>\n<meta property=\"og:title\" content=\"Karriere - MULTISOFT S.A.\" \/>\n<meta property=\"og:description\" content=\"Als den wichtigsten Vorzug und das gr\u00f6\u00dfte Kapital betrachten wir bei Multisoft S.A. unsere Mitarbeiter. Das Wissen, die Inspiration, die Energie und die Leidenschaft des professionellen Teams geben uns stets neue Chancen einer st\u00e4ndigen Weiterentwicklung. Was unsere Firma einzigartig macht, ist die konsequente Einstellung der besten und kompetentesten Menschen, die unsere Vision sowie unsere Werte [&hellip;]\" \/>\n<meta property=\"og:url\" content=\"https:\/\/multisoftsa.com\/de\/karriere\/\" \/>\n<meta property=\"og:site_name\" content=\"MULTISOFT S.A.\" \/>\n<meta property=\"article:publisher\" content=\"https:\/\/www.facebook.com\/multisoftgroup\/\" \/>\n<meta property=\"article:modified_time\" content=\"2024-02-15T08:00:32+00:00\" \/>\n<meta name=\"twitter:card\" content=\"summary_large_image\" \/>\n<meta name=\"twitter:label1\" content=\"Gesch\u00e4tzte Lesezeit\" \/>\n\t<meta name=\"twitter:data1\" content=\"2\u00a0Minuten\" \/>\n<script type=\"application\/ld+json\" class=\"yoast-schema-graph\">{\"@context\":\"https:\/\/schema.org\",\"@graph\":[{\"@type\":\"WebPage\",\"@id\":\"https:\/\/multisoftsa.com\/de\/karriere\/\",\"url\":\"https:\/\/multisoftsa.com\/de\/karriere\/\",\"name\":\"Karriere - MULTISOFT S.A.\",\"isPartOf\":{\"@id\":\"https:\/\/multisoftsa.com\/de\/#website\"},\"datePublished\":\"2024-01-05T07:55:59+00:00\",\"dateModified\":\"2024-02-15T08:00:32+00:00\",\"breadcrumb\":{\"@id\":\"https:\/\/multisoftsa.com\/de\/karriere\/#breadcrumb\"},\"inLanguage\":\"de\",\"potentialAction\":[{\"@type\":\"ReadAction\",\"target\":[\"https:\/\/multisoftsa.com\/de\/karriere\/\"]}]},{\"@type\":\"BreadcrumbList\",\"@id\":\"https:\/\/multisoftsa.com\/de\/karriere\/#breadcrumb\",\"itemListElement\":[{\"@type\":\"ListItem\",\"position\":1,\"name\":\"Strona g\u0142\u00f3wna\",\"item\":\"https:\/\/multisoftsa.com\/de\/\"},{\"@type\":\"ListItem\",\"position\":2,\"name\":\"Karriere\"}]},{\"@type\":\"WebSite\",\"@id\":\"https:\/\/multisoftsa.com\/de\/#website\",\"url\":\"https:\/\/multisoftsa.com\/de\/\",\"name\":\"MULTISOFT S.A.\",\"description\":\"\",\"publisher\":{\"@id\":\"https:\/\/multisoftsa.com\/de\/#organization\"},\"potentialAction\":[{\"@type\":\"SearchAction\",\"target\":{\"@type\":\"EntryPoint\",\"urlTemplate\":\"https:\/\/multisoftsa.com\/de\/?s={search_term_string}\"},\"query-input\":{\"@type\":\"PropertyValueSpecification\",\"valueRequired\":true,\"valueName\":\"search_term_string\"}}],\"inLanguage\":\"de\"},{\"@type\":\"Organization\",\"@id\":\"https:\/\/multisoftsa.com\/de\/#organization\",\"name\":\"MULTISOFT S.A.\",\"url\":\"https:\/\/multisoftsa.com\/de\/\",\"logo\":{\"@type\":\"ImageObject\",\"inLanguage\":\"de\",\"@id\":\"https:\/\/multisoftsa.com\/de\/#\/schema\/logo\/image\/\",\"url\":\"https:\/\/multisoftsa.com\/wp-content\/uploads\/2024\/01\/logo-multisoft.svg\",\"contentUrl\":\"https:\/\/multisoftsa.com\/wp-content\/uploads\/2024\/01\/logo-multisoft.svg\",\"width\":1,\"height\":1,\"caption\":\"MULTISOFT S.A.\"},\"image\":{\"@id\":\"https:\/\/multisoftsa.com\/de\/#\/schema\/logo\/image\/\"},\"sameAs\":[\"https:\/\/www.facebook.com\/multisoftgroup\/\",\"https:\/\/www.linkedin.com\/company\/10080493\/admin\/feed\/posts\/?feedType=following\"]}]}<\/script>\n<!-- \/ Yoast SEO plugin. -->","yoast_head_json":{"title":"Karriere - MULTISOFT S.A.","robots":{"index":"index","follow":"follow","max-snippet":"max-snippet:-1","max-image-preview":"max-image-preview:large","max-video-preview":"max-video-preview:-1"},"canonical":"https:\/\/multisoftsa.com\/de\/karriere\/","og_locale":"de_DE","og_type":"article","og_title":"Karriere - MULTISOFT S.A.","og_description":"Als den wichtigsten Vorzug und das gr\u00f6\u00dfte Kapital betrachten wir bei Multisoft S.A. unsere Mitarbeiter. Das Wissen, die Inspiration, die Energie und die Leidenschaft des professionellen Teams geben uns stets neue Chancen einer st\u00e4ndigen Weiterentwicklung. Was unsere Firma einzigartig macht, ist die konsequente Einstellung der besten und kompetentesten Menschen, die unsere Vision sowie unsere Werte [&hellip;]","og_url":"https:\/\/multisoftsa.com\/de\/karriere\/","og_site_name":"MULTISOFT S.A.","article_publisher":"https:\/\/www.facebook.com\/multisoftgroup\/","article_modified_time":"2024-02-15T08:00:32+00:00","twitter_card":"summary_large_image","twitter_misc":{"Gesch\u00e4tzte Lesezeit":"2\u00a0Minuten"},"schema":{"@context":"https:\/\/schema.org","@graph":[{"@type":"WebPage","@id":"https:\/\/multisoftsa.com\/de\/karriere\/","url":"https:\/\/multisoftsa.com\/de\/karriere\/","name":"Karriere - MULTISOFT S.A.","isPartOf":{"@id":"https:\/\/multisoftsa.com\/de\/#website"},"datePublished":"2024-01-05T07:55:59+00:00","dateModified":"2024-02-15T08:00:32+00:00","breadcrumb":{"@id":"https:\/\/multisoftsa.com\/de\/karriere\/#breadcrumb"},"inLanguage":"de","potentialAction":[{"@type":"ReadAction","target":["https:\/\/multisoftsa.com\/de\/karriere\/"]}]},{"@type":"BreadcrumbList","@id":"https:\/\/multisoftsa.com\/de\/karriere\/#breadcrumb","itemListElement":[{"@type":"ListItem","position":1,"name":"Strona g\u0142\u00f3wna","item":"https:\/\/multisoftsa.com\/de\/"},{"@type":"ListItem","position":2,"name":"Karriere"}]},{"@type":"WebSite","@id":"https:\/\/multisoftsa.com\/de\/#website","url":"https:\/\/multisoftsa.com\/de\/","name":"MULTISOFT S.A.","description":"","publisher":{"@id":"https:\/\/multisoftsa.com\/de\/#organization"},"potentialAction":[{"@type":"SearchAction","target":{"@type":"EntryPoint","urlTemplate":"https:\/\/multisoftsa.com\/de\/?s={search_term_string}"},"query-input":{"@type":"PropertyValueSpecification","valueRequired":true,"valueName":"search_term_string"}}],"inLanguage":"de"},{"@type":"Organization","@id":"https:\/\/multisoftsa.com\/de\/#organization","name":"MULTISOFT S.A.","url":"https:\/\/multisoftsa.com\/de\/","logo":{"@type":"ImageObject","inLanguage":"de","@id":"https:\/\/multisoftsa.com\/de\/#\/schema\/logo\/image\/","url":"https:\/\/multisoftsa.com\/wp-content\/uploads\/2024\/01\/logo-multisoft.svg","contentUrl":"https:\/\/multisoftsa.com\/wp-content\/uploads\/2024\/01\/logo-multisoft.svg","width":1,"height":1,"caption":"MULTISOFT S.A."},"image":{"@id":"https:\/\/multisoftsa.com\/de\/#\/schema\/logo\/image\/"},"sameAs":["https:\/\/www.facebook.com\/multisoftgroup\/","https:\/\/www.linkedin.com\/company\/10080493\/admin\/feed\/posts\/?feedType=following"]}]}},"builder_content":"<p>Als den wichtigsten Vorzug und das gr\u00f6\u00dfte Kapital betrachten wir bei <strong>Multisoft<\/strong> S.A. unsere Mitarbeiter. Das Wissen, die Inspiration, die Energie und die Leidenschaft des professionellen Teams geben uns stets neue Chancen einer st\u00e4ndigen Weiterentwicklung. <\/p><p><strong>Was unsere Firma einzigartig macht, ist die konsequente Einstellung der besten und kompetentesten Menschen, die unsere Vision sowie unsere Werte teilen.<\/strong><\/p><p>Die Arbeitsbedingungen, die wir unseren Mitarbeitern gew\u00e4hrleisten, zeigen, wie hoch wir talentierte Menschen sch\u00e4tzen. Multisoft f\u00f6rdert eine auf Chancengleichheit basierende Leistungsgesellschaft. Wir haben uns f\u00fcr einen innovativen Ansatz f\u00fcr das Leistungsmanagemen entschieden. Dieser f\u00f6rdert Transparenz, Glaubw\u00fcrdigkeit und Offenheit in der Kommunikation.<\/p><p>Das von uns eingesetzte Motivationssystem steht in engem Zusammenhang mit dem individuellen und gruppenbezogenen Engagement der Mitarbeiter und geht \u00fcber die typisch korporativen Leistungen auf dem weltweiten Arbeitsmarkt hinaus.<\/p><h4><strong>Wir bieten<\/strong><\/h4><ul><li>stabile Anstellungsbedingungen;<\/li><li>die M\u00f6glichkeit, mit Ingenieuren aus der ganzen Welt an innovativen Hard- und Software-Ger\u00e4ten zu arbeiten;<\/li><li>Herausforderungen, welche die Erm\u00f6glichung der Selbstentfaltung zum Ziel haben;<\/li><li>Arbeit in einer sich dynamisch entwickelnden Firma mit einer stabilen Position auf dem Weltmarkt;<\/li><li>Die M\u00f6glichkeit der Selbstverwirklichung durch Nutzung von Programmierkenntnissen und Erstellung eigener Strukturen;<\/li><li>die M\u00f6glichkeit, ein Ingenieuren-Team zu leiten;<\/li><li>die M\u00f6glichkeit der Selbstentfaltung durch die Teilnahme an speziellen Schulungen;<\/li><li>Englischkurse.<\/li><li>Das von uns angewendete Motivierungssystem ist mit dem individuellen und gruppenbezogenen Engagement der Mitarbeiter eng verbunden. Dieses Herangehen geht \u00fcber die herk\u00f6mmlichen Dienstleistungen auf dem Arbeitsmarkt weit hinaus.<\/li><\/ul><p> <\/p><h3> <\/h3><h4>Schick uns dein CV an die angegebene Adresse!<br><a href=\"mailto:office@multisoftsa.com\">office@multisoftsa.com<\/a><\/h4><p>Gleichzeitig m\u00f6chten wir Sie darauf hinweisen, dass wir nur ausgew\u00e4hlte Kandidaten kontaktieren werden.<br>Der Antrag soll folgende Klausel enthalten: <em>Ich stimme der Verarbeitung meiner personenbezogenen Daten f\u00fcr die Zwecke, die f\u00fcr Durchf\u00fchrung des Einstellungsverfahrens erforderlich sind, zu (gem\u00e4\u00df dem Gesetz vom 29. August 1997 zum Schutz personenbezogener Daten, Gesetzblatt Nr. 133, Pos. 883).<\/em><\/p>","_links":{"self":[{"href":"https:\/\/multisoftsa.com\/de\/wp-json\/wp\/v2\/pages\/609","targetHints":{"allow":["GET"]}}],"collection":[{"href":"https:\/\/multisoftsa.com\/de\/wp-json\/wp\/v2\/pages"}],"about":[{"href":"https:\/\/multisoftsa.com\/de\/wp-json\/wp\/v2\/types\/page"}],"author":[{"embeddable":true,"href":"https:\/\/multisoftsa.com\/de\/wp-json\/wp\/v2\/users\/3"}],"replies":[{"embeddable":true,"href":"https:\/\/multisoftsa.com\/de\/wp-json\/wp\/v2\/comments?post=609"}],"version-history":[{"count":3,"href":"https:\/\/multisoftsa.com\/de\/wp-json\/wp\/v2\/pages\/609\/revisions"}],"predecessor-version":[{"id":612,"href":"https:\/\/multisoftsa.com\/de\/wp-json\/wp\/v2\/pages\/609\/revisions\/612"}],"wp:attachment":[{"href":"https:\/\/multisoftsa.com\/de\/wp-json\/wp\/v2\/media?parent=609"}],"curies":[{"name":"wp","href":"https:\/\/api.w.org\/{rel}","templated":true}]}}