{"id":605,"date":"2024-01-05T08:59:10","date_gmt":"2024-01-05T07:59:10","guid":{"rendered":"https:\/\/multisoftsa.com\/ueber-uns\/"},"modified":"2024-03-05T09:54:29","modified_gmt":"2024-03-05T08:54:29","slug":"uber-uns","status":"publish","type":"page","link":"https:\/\/multisoftsa.com\/de\/uber-uns\/","title":{"rendered":"\u00dcber uns"},"content":{"rendered":"<!--themify_builder_content-->\n<div id=\"themify_builder_content-605\" data-postid=\"605\" class=\"themify_builder_content themify_builder_content-605 themify_builder tf_clear\">\n                    <div  data-css_id=\"t36462\" data-lazy=\"1\" class=\"module_row themify_builder_row fullwidth tb_t36462 tb_first tf_w\">\n                        <div class=\"row_inner col_align_top tb_col_count_1 tf_box tf_rel\">\n                        <div  data-lazy=\"1\" class=\"module_column tb-column col-full tb_7f3g62 first\">\n                            <\/div>\n                        <\/div>\n        <\/div>\n                        <div  data-lazy=\"1\" class=\"module_row themify_builder_row tb_yj8y624 tf_w\">\n                        <div class=\"row_inner col_align_top tb_col_count_1 tf_box tf_rel\">\n                        <div  data-lazy=\"1\" class=\"module_column tb-column col-full tb_7fwj625 first\">\n                    <!-- module text -->\n<div  class=\"module module-text tb_z79d552   \" data-lazy=\"1\">\n        <div  class=\"tb_text_wrap\">\n        <p>Das Unternehmen Multisoft wurde 1997 begr\u00fcndet. Unsere Aufgabe bestand von Anfang dari, die informationstechnischen (IT) Probleme unserer Kunden zu l\u00f6sen. Unsere Meinung war immer fest und klar: man soll das System an die Kunden anpassen und nicht etwa andersrum.<\/p><p><br>Unser Unternehmen ist ein zu 100% polnisches Privatunternehmen mit zwei Hauptaktion\u00e4ren, die \u00fcber 70 % der Anteile kontrollieren. Die \u00fcbrigen 30% sind zwischen der polnischen Gesch\u00e4ftsgemeinschaft und unseren Mitarbeitern aufgeteilt sind.<\/p><p><br>Eine \u00fcber 20 Jahre lange Erfahrung auf dem Markt hat uns in der \u00dcberzeugung verfestigt, dass es das System ist, dass an die Kunden angepasst sein sollte. Daher bem\u00fchen wir uns darum, eine L\u00f6sungsbreite anzubieten, die s\u00e4mtliche Bed\u00fcrfnisse unserer Kunden l\u00fcckenlos erf\u00fcllt. Das Wissen, das wir im Laufe mehrerer Jahre sammeln konnten, hat uns in der \u00dcberzeugung verfestigt, dass es keine unm\u00f6glichen Sachen gibt. Es gibt nur spannende Herausforderungen.<\/p><p>Wir haben an der Entwicklung von Flugsicherungssystemen (ATC), \u00dcberwachungsger\u00e4ten, Software, der Installation von Serverr\u00e4umen, Verkabelungen und anderen dedizierten L\u00f6sungen gearbeitet, die erforderlich waren, um die Bed\u00fcrfnisse unserer Kunden zu erf\u00fcllen.<\/p><p>Diese branchen\u00fcbergreifende Erfahrung verschaffte uns ein erstklassiges \u201eKnow-how\u201c auf verschiedenen Gebieten. Daher sind wir heute imstande, unsere eigenen Ger\u00e4te und Systeme zu erstellen und zu entwickeln, die sich als die zuverl\u00e4ssigsten und effektivsten erweisen.<\/p><p>Die hohe Qualit\u00e4t der von uns angebotenen L\u00f6sungen wissen unsere Kunden in der ganzen Welt zu sch\u00e4tzen. Dies hat dazu gef\u00fchrt, dass wir zahllose Projekte in mehr als 30 L\u00e4ndern auf 5 Kontinenten durchf\u00fchren.<\/p>    <\/div>\n<\/div>\n<!-- \/module text -->        <\/div>\n                        <\/div>\n        <\/div>\n        <\/div>\n<!--\/themify_builder_content-->","protected":false},"excerpt":{"rendered":"<p>Das Unternehmen Multisoft wurde 1997 begr\u00fcndet. Unsere Aufgabe bestand von Anfang dari, die informationstechnischen (IT) Probleme unserer Kunden zu l\u00f6sen. Unsere Meinung war immer fest und klar: man soll das System an die Kunden anpassen und nicht etwa andersrum.Unser Unternehmen ist ein zu 100% polnisches Privatunternehmen mit zwei Hauptaktion\u00e4ren, die \u00fcber 70 % der Anteile [&hellip;]<\/p>\n","protected":false},"author":3,"featured_media":0,"parent":0,"menu_order":0,"comment_status":"closed","ping_status":"closed","template":"","meta":{"footnotes":""},"class_list":["post-605","page","type-page","status-publish","hentry","has-post-title","has-post-date","has-post-category","has-post-tag","has-post-comment","has-post-author",""],"yoast_head":"<!-- This site is optimized with the Yoast SEO plugin v25.3.1 - https:\/\/yoast.com\/wordpress\/plugins\/seo\/ -->\n<title>\u00dcber uns - MULTISOFT S.A.<\/title>\n<meta name=\"robots\" content=\"index, follow, max-snippet:-1, max-image-preview:large, max-video-preview:-1\" \/>\n<link rel=\"canonical\" href=\"https:\/\/multisoftsa.com\/de\/uber-uns\/\" \/>\n<meta property=\"og:locale\" content=\"de_DE\" \/>\n<meta property=\"og:type\" content=\"article\" \/>\n<meta property=\"og:title\" content=\"\u00dcber uns - MULTISOFT S.A.\" \/>\n<meta property=\"og:description\" content=\"Das Unternehmen Multisoft wurde 1997 begr\u00fcndet. Unsere Aufgabe bestand von Anfang dari, die informationstechnischen (IT) Probleme unserer Kunden zu l\u00f6sen. Unsere Meinung war immer fest und klar: man soll das System an die Kunden anpassen und nicht etwa andersrum.Unser Unternehmen ist ein zu 100% polnisches Privatunternehmen mit zwei Hauptaktion\u00e4ren, die \u00fcber 70 % der Anteile [&hellip;]\" \/>\n<meta property=\"og:url\" content=\"https:\/\/multisoftsa.com\/de\/uber-uns\/\" \/>\n<meta property=\"og:site_name\" content=\"MULTISOFT S.A.\" \/>\n<meta property=\"article:publisher\" content=\"https:\/\/www.facebook.com\/multisoftgroup\/\" \/>\n<meta property=\"article:modified_time\" content=\"2024-03-05T08:54:29+00:00\" \/>\n<meta name=\"twitter:card\" content=\"summary_large_image\" \/>\n<meta name=\"twitter:label1\" content=\"Gesch\u00e4tzte Lesezeit\" \/>\n\t<meta name=\"twitter:data1\" content=\"1\u00a0Minute\" \/>\n<script type=\"application\/ld+json\" class=\"yoast-schema-graph\">{\"@context\":\"https:\/\/schema.org\",\"@graph\":[{\"@type\":\"WebPage\",\"@id\":\"https:\/\/multisoftsa.com\/de\/uber-uns\/\",\"url\":\"https:\/\/multisoftsa.com\/de\/uber-uns\/\",\"name\":\"\u00dcber uns - MULTISOFT S.A.\",\"isPartOf\":{\"@id\":\"https:\/\/multisoftsa.com\/de\/#website\"},\"datePublished\":\"2024-01-05T07:59:10+00:00\",\"dateModified\":\"2024-03-05T08:54:29+00:00\",\"breadcrumb\":{\"@id\":\"https:\/\/multisoftsa.com\/de\/uber-uns\/#breadcrumb\"},\"inLanguage\":\"de\",\"potentialAction\":[{\"@type\":\"ReadAction\",\"target\":[\"https:\/\/multisoftsa.com\/de\/uber-uns\/\"]}]},{\"@type\":\"BreadcrumbList\",\"@id\":\"https:\/\/multisoftsa.com\/de\/uber-uns\/#breadcrumb\",\"itemListElement\":[{\"@type\":\"ListItem\",\"position\":1,\"name\":\"Strona g\u0142\u00f3wna\",\"item\":\"https:\/\/multisoftsa.com\/de\/\"},{\"@type\":\"ListItem\",\"position\":2,\"name\":\"\u00dcber uns\"}]},{\"@type\":\"WebSite\",\"@id\":\"https:\/\/multisoftsa.com\/de\/#website\",\"url\":\"https:\/\/multisoftsa.com\/de\/\",\"name\":\"MULTISOFT S.A.\",\"description\":\"\",\"publisher\":{\"@id\":\"https:\/\/multisoftsa.com\/de\/#organization\"},\"potentialAction\":[{\"@type\":\"SearchAction\",\"target\":{\"@type\":\"EntryPoint\",\"urlTemplate\":\"https:\/\/multisoftsa.com\/de\/?s={search_term_string}\"},\"query-input\":{\"@type\":\"PropertyValueSpecification\",\"valueRequired\":true,\"valueName\":\"search_term_string\"}}],\"inLanguage\":\"de\"},{\"@type\":\"Organization\",\"@id\":\"https:\/\/multisoftsa.com\/de\/#organization\",\"name\":\"MULTISOFT S.A.\",\"url\":\"https:\/\/multisoftsa.com\/de\/\",\"logo\":{\"@type\":\"ImageObject\",\"inLanguage\":\"de\",\"@id\":\"https:\/\/multisoftsa.com\/de\/#\/schema\/logo\/image\/\",\"url\":\"https:\/\/multisoftsa.com\/wp-content\/uploads\/2024\/01\/logo-multisoft.svg\",\"contentUrl\":\"https:\/\/multisoftsa.com\/wp-content\/uploads\/2024\/01\/logo-multisoft.svg\",\"width\":1,\"height\":1,\"caption\":\"MULTISOFT S.A.\"},\"image\":{\"@id\":\"https:\/\/multisoftsa.com\/de\/#\/schema\/logo\/image\/\"},\"sameAs\":[\"https:\/\/www.facebook.com\/multisoftgroup\/\",\"https:\/\/www.linkedin.com\/company\/10080493\/admin\/feed\/posts\/?feedType=following\"]}]}<\/script>\n<!-- \/ Yoast SEO plugin. -->","yoast_head_json":{"title":"\u00dcber uns - MULTISOFT S.A.","robots":{"index":"index","follow":"follow","max-snippet":"max-snippet:-1","max-image-preview":"max-image-preview:large","max-video-preview":"max-video-preview:-1"},"canonical":"https:\/\/multisoftsa.com\/de\/uber-uns\/","og_locale":"de_DE","og_type":"article","og_title":"\u00dcber uns - MULTISOFT S.A.","og_description":"Das Unternehmen Multisoft wurde 1997 begr\u00fcndet. Unsere Aufgabe bestand von Anfang dari, die informationstechnischen (IT) Probleme unserer Kunden zu l\u00f6sen. Unsere Meinung war immer fest und klar: man soll das System an die Kunden anpassen und nicht etwa andersrum.Unser Unternehmen ist ein zu 100% polnisches Privatunternehmen mit zwei Hauptaktion\u00e4ren, die \u00fcber 70 % der Anteile [&hellip;]","og_url":"https:\/\/multisoftsa.com\/de\/uber-uns\/","og_site_name":"MULTISOFT S.A.","article_publisher":"https:\/\/www.facebook.com\/multisoftgroup\/","article_modified_time":"2024-03-05T08:54:29+00:00","twitter_card":"summary_large_image","twitter_misc":{"Gesch\u00e4tzte Lesezeit":"1\u00a0Minute"},"schema":{"@context":"https:\/\/schema.org","@graph":[{"@type":"WebPage","@id":"https:\/\/multisoftsa.com\/de\/uber-uns\/","url":"https:\/\/multisoftsa.com\/de\/uber-uns\/","name":"\u00dcber uns - MULTISOFT S.A.","isPartOf":{"@id":"https:\/\/multisoftsa.com\/de\/#website"},"datePublished":"2024-01-05T07:59:10+00:00","dateModified":"2024-03-05T08:54:29+00:00","breadcrumb":{"@id":"https:\/\/multisoftsa.com\/de\/uber-uns\/#breadcrumb"},"inLanguage":"de","potentialAction":[{"@type":"ReadAction","target":["https:\/\/multisoftsa.com\/de\/uber-uns\/"]}]},{"@type":"BreadcrumbList","@id":"https:\/\/multisoftsa.com\/de\/uber-uns\/#breadcrumb","itemListElement":[{"@type":"ListItem","position":1,"name":"Strona g\u0142\u00f3wna","item":"https:\/\/multisoftsa.com\/de\/"},{"@type":"ListItem","position":2,"name":"\u00dcber uns"}]},{"@type":"WebSite","@id":"https:\/\/multisoftsa.com\/de\/#website","url":"https:\/\/multisoftsa.com\/de\/","name":"MULTISOFT S.A.","description":"","publisher":{"@id":"https:\/\/multisoftsa.com\/de\/#organization"},"potentialAction":[{"@type":"SearchAction","target":{"@type":"EntryPoint","urlTemplate":"https:\/\/multisoftsa.com\/de\/?s={search_term_string}"},"query-input":{"@type":"PropertyValueSpecification","valueRequired":true,"valueName":"search_term_string"}}],"inLanguage":"de"},{"@type":"Organization","@id":"https:\/\/multisoftsa.com\/de\/#organization","name":"MULTISOFT S.A.","url":"https:\/\/multisoftsa.com\/de\/","logo":{"@type":"ImageObject","inLanguage":"de","@id":"https:\/\/multisoftsa.com\/de\/#\/schema\/logo\/image\/","url":"https:\/\/multisoftsa.com\/wp-content\/uploads\/2024\/01\/logo-multisoft.svg","contentUrl":"https:\/\/multisoftsa.com\/wp-content\/uploads\/2024\/01\/logo-multisoft.svg","width":1,"height":1,"caption":"MULTISOFT S.A."},"image":{"@id":"https:\/\/multisoftsa.com\/de\/#\/schema\/logo\/image\/"},"sameAs":["https:\/\/www.facebook.com\/multisoftgroup\/","https:\/\/www.linkedin.com\/company\/10080493\/admin\/feed\/posts\/?feedType=following"]}]}},"builder_content":"<p>Das Unternehmen Multisoft wurde 1997 begr\u00fcndet. Unsere Aufgabe bestand von Anfang dari, die informationstechnischen (IT) Probleme unserer Kunden zu l\u00f6sen. Unsere Meinung war immer fest und klar: man soll das System an die Kunden anpassen und nicht etwa andersrum.<\/p><p><br>Unser Unternehmen ist ein zu 100% polnisches Privatunternehmen mit zwei Hauptaktion\u00e4ren, die \u00fcber 70 % der Anteile kontrollieren. Die \u00fcbrigen 30% sind zwischen der polnischen Gesch\u00e4ftsgemeinschaft und unseren Mitarbeitern aufgeteilt sind.<\/p><p><br>Eine \u00fcber 20 Jahre lange Erfahrung auf dem Markt hat uns in der \u00dcberzeugung verfestigt, dass es das System ist, dass an die Kunden angepasst sein sollte. Daher bem\u00fchen wir uns darum, eine L\u00f6sungsbreite anzubieten, die s\u00e4mtliche Bed\u00fcrfnisse unserer Kunden l\u00fcckenlos erf\u00fcllt. Das Wissen, das wir im Laufe mehrerer Jahre sammeln konnten, hat uns in der \u00dcberzeugung verfestigt, dass es keine unm\u00f6glichen Sachen gibt. Es gibt nur spannende Herausforderungen.<\/p><p>Wir haben an der Entwicklung von Flugsicherungssystemen (ATC), \u00dcberwachungsger\u00e4ten, Software, der Installation von Serverr\u00e4umen, Verkabelungen und anderen dedizierten L\u00f6sungen gearbeitet, die erforderlich waren, um die Bed\u00fcrfnisse unserer Kunden zu erf\u00fcllen.<\/p><p>Diese branchen\u00fcbergreifende Erfahrung verschaffte uns ein erstklassiges \u201eKnow-how\u201c auf verschiedenen Gebieten. Daher sind wir heute imstande, unsere eigenen Ger\u00e4te und Systeme zu erstellen und zu entwickeln, die sich als die zuverl\u00e4ssigsten und effektivsten erweisen.<\/p><p>Die hohe Qualit\u00e4t der von uns angebotenen L\u00f6sungen wissen unsere Kunden in der ganzen Welt zu sch\u00e4tzen. Dies hat dazu gef\u00fchrt, dass wir zahllose Projekte in mehr als 30 L\u00e4ndern auf 5 Kontinenten durchf\u00fchren.<\/p>","_links":{"self":[{"href":"https:\/\/multisoftsa.com\/de\/wp-json\/wp\/v2\/pages\/605","targetHints":{"allow":["GET"]}}],"collection":[{"href":"https:\/\/multisoftsa.com\/de\/wp-json\/wp\/v2\/pages"}],"about":[{"href":"https:\/\/multisoftsa.com\/de\/wp-json\/wp\/v2\/types\/page"}],"author":[{"embeddable":true,"href":"https:\/\/multisoftsa.com\/de\/wp-json\/wp\/v2\/users\/3"}],"replies":[{"embeddable":true,"href":"https:\/\/multisoftsa.com\/de\/wp-json\/wp\/v2\/comments?post=605"}],"version-history":[{"count":3,"href":"https:\/\/multisoftsa.com\/de\/wp-json\/wp\/v2\/pages\/605\/revisions"}],"predecessor-version":[{"id":608,"href":"https:\/\/multisoftsa.com\/de\/wp-json\/wp\/v2\/pages\/605\/revisions\/608"}],"wp:attachment":[{"href":"https:\/\/multisoftsa.com\/de\/wp-json\/wp\/v2\/media?parent=605"}],"curies":[{"name":"wp","href":"https:\/\/api.w.org\/{rel}","templated":true}]}}